{"id":998,"date":"2020-04-15T20:33:23","date_gmt":"2020-04-15T20:33:23","guid":{"rendered":"https:\/\/genesisortho.wpengine.com\/?page_id=998"},"modified":"2024-10-03T09:23:57","modified_gmt":"2024-10-03T09:23:57","slug":"cervical-spinal-stenosis","status":"publish","type":"page","link":"https:\/\/genesisortho.com\/pl\/patient-education\/neck-overview\/cervical-spinal-stenosis\/","title":{"rendered":"Zw\u0119\u017cenie kr\u0119gos\u0142upa szyjnego"},"content":{"rendered":"<div data-elementor-type=\"wp-page\" data-elementor-id=\"998\" class=\"elementor elementor-998\" data-elementor-post-type=\"page\">\n\t\t\t\t\t\t<section class=\"elementor-section elementor-top-section elementor-element elementor-element-575134bd elementor-section-boxed elementor-section-height-default elementor-section-height-default\" data-id=\"575134bd\" data-element_type=\"section\" data-e-type=\"section\" data-settings=\"{&quot;background_background&quot;:&quot;classic&quot;}\">\n\t\t\t\t\t\t\t<div class=\"elementor-background-overlay\"><\/div>\n\t\t\t\t\t\t\t<div class=\"elementor-container elementor-column-gap-default\">\n\t\t\t\t\t<div class=\"elementor-column elementor-col-100 elementor-top-column elementor-element elementor-element-348a6a4e\" data-id=\"348a6a4e\" data-element_type=\"column\" data-e-type=\"column\">\n\t\t\t<div class=\"elementor-widget-wrap elementor-element-populated\">\n\t\t\t\t\t\t<div class=\"elementor-element elementor-element-6cfe7934 elementor-widget elementor-widget-heading\" data-id=\"6cfe7934\" data-element_type=\"widget\" data-e-type=\"widget\" data-widget_type=\"heading.default\">\n\t\t\t\t<div class=\"elementor-widget-container\">\n\t\t\t\t\t<h1 class=\"elementor-heading-title elementor-size-default\">Zw\u0119\u017cenie kr\u0119gos\u0142upa szyjnego<\/h1>\t\t\t\t<\/div>\n\t\t\t\t<\/div>\n\t\t\t\t\t<\/div>\n\t\t<\/div>\n\t\t\t\t\t<\/div>\n\t\t<\/section>\n\t\t\t\t<section class=\"elementor-section elementor-top-section elementor-element elementor-element-4579445c body-part-content elementor-section-boxed elementor-section-height-default elementor-section-height-default\" data-id=\"4579445c\" data-element_type=\"section\" data-e-type=\"section\" data-settings=\"{&quot;background_background&quot;:&quot;classic&quot;}\">\n\t\t\t\t\t\t<div class=\"elementor-container elementor-column-gap-default\">\n\t\t\t\t\t<div class=\"elementor-column elementor-col-50 elementor-top-column elementor-element elementor-element-aedeff8\" data-id=\"aedeff8\" data-element_type=\"column\" data-e-type=\"column\">\n\t\t\t<div class=\"elementor-widget-wrap elementor-element-populated\">\n\t\t\t\t\t\t<div class=\"elementor-element elementor-element-291fd812 elementor-widget elementor-widget-heading\" data-id=\"291fd812\" data-element_type=\"widget\" data-e-type=\"widget\" data-widget_type=\"heading.default\">\n\t\t\t\t<div class=\"elementor-widget-container\">\n\t\t\t\t\t<h4 class=\"elementor-heading-title elementor-size-default\">Zw\u0119\u017cenie kr\u0119gos\u0142upa szyjnego<\/h4>\t\t\t\t<\/div>\n\t\t\t\t<\/div>\n\t\t\t\t<div class=\"elementor-element elementor-element-68a16d89 elementor-widget elementor-widget-text-editor\" data-id=\"68a16d89\" data-element_type=\"widget\" data-e-type=\"widget\" data-widget_type=\"text-editor.default\">\n\t\t\t\t<div class=\"elementor-widget-container\">\n\t\t\t\t\t\t\t\t\t<h4>Diagnoza:<\/h4>\n<p>Zw\u0119\u017cenie kr\u0119gos\u0142upa szyjnego to zw\u0119\u017cenie przestrzeni w kanale kr\u0119gowym otaczaj\u0105cym rdze\u0144 kr\u0119gowy, a nast\u0119pnie ucisk na rdze\u0144 kr\u0119gowy i korzenie nerwowe kr\u0119gos\u0142upa. \u0179r\u00f3d\u0142o zw\u0119\u017cenia kr\u0119gos\u0142upa szyjnego mo\u017ce by\u0107 r\u00f3\u017cne, ale cz\u0119sto jest konsekwencj\u0105 innego stanu, takiego jak zapalenie staw\u00f3w, ostrogi kostne lub przepuklina dysku. Zw\u0119\u017cenie kr\u0119gos\u0142upa szyjnego jest powa\u017cn\u0105 przyczyn\u0105 b\u00f3lu szyi, szczeg\u00f3lnie u os\u00f3b starszych, a wiek jest najwi\u0119kszym czynnikiem ryzyka jego rozwoju. Podczas gdy niekt\u00f3re osoby dotkni\u0119te chorob\u0105 mog\u0105 przebiega\u0107 bezobjawowo, inne mog\u0105 odczuwa\u0107 b\u00f3l, os\u0142abienie i \/ lub dr\u0119twienie o r\u00f3\u017cnym stopniu nasilenia. Genesis Orthopaedics &amp; Sports Medicine oferuje liczne zabiegi oparte na nasileniu objaw\u00f3w.<\/p>\t\t\t\t\t\t\t\t<\/div>\n\t\t\t\t<\/div>\n\t\t\t\t<div class=\"elementor-element elementor-element-3d86378 elementor-widget elementor-widget-text-editor\" data-id=\"3d86378\" data-element_type=\"widget\" data-e-type=\"widget\" data-widget_type=\"text-editor.default\">\n\t\t\t\t<div class=\"elementor-widget-container\">\n\t\t\t\t\t\t\t\t\t<h4><b>Mo\u017cliwo\u015bci leczenia:<\/b><\/h4><p><b>Kortyzon<\/b><\/p><p>W przypadku zw\u0119\u017cenia kr\u0119gos\u0142upa szyjnego, kt\u00f3re powoduje powa\u017cne zapalenie, kt\u00f3rego nie ust\u0119puje stosowanie lek\u00f3w dost\u0119pnych bez recepty, kortyzon mo\u017cna ostro\u017cnie stosowa\u0107 w celu z\u0142agodzenia objaw\u00f3w.<\/p><p><b>NLPZ<\/b><\/p><p>Dost\u0119pne bez recepty niesteroidowe leki przeciwzapalne mog\u0105 zapewni\u0107 ogromn\u0105 ulg\u0119 w zapaleniu i b\u00f3lu zwi\u0105zanym ze zw\u0119\u017ceniem kr\u0119gos\u0142upa. Chocia\u017c leki z\u0142agodz\u0105 objawy, nale\u017cy zachowa\u0107 odpowiedni\u0105 ostro\u017cno\u015b\u0107, aby nie zaostrzy\u0107 zw\u0119\u017cenia kr\u0119gos\u0142upa szyjnego. Genesis Orthopaedics &amp; Sports Medicine rekomenduje indywidualne plany leczenia zw\u0119\u017ce\u0144 kr\u0119gos\u0142upa.<\/p><p><b>Fizykoterapia<\/b><\/p><p>Fizjoterapia zw\u0119\u017cenia kr\u0119gos\u0142upa szyjnego koncentruje si\u0119 na wyleczeniu i wzmocnieniu szyi, aby zmniejszy\u0107 prawdopodobie\u0144stwo przysz\u0142ego urazu. Genesis Orthopaedics &amp; Sports Medicine stworzy spersonalizowany plan terapii w oparciu o post\u0119p regeneracji.<\/p>\t\t\t\t\t\t\t\t<\/div>\n\t\t\t\t<\/div>\n\t\t\t\t\t<\/div>\n\t\t<\/div>\n\t\t\t\t<div class=\"elementor-column elementor-col-50 elementor-top-column elementor-element elementor-element-c4134dd body-part-sidebar\" data-id=\"c4134dd\" data-element_type=\"column\" data-e-type=\"column\" data-settings=\"{&quot;background_background&quot;:&quot;classic&quot;}\">\n\t\t\t<div class=\"elementor-widget-wrap elementor-element-populated\">\n\t\t\t\t\t\t<div class=\"elementor-element elementor-element-050d9d2 elementor-widget elementor-widget-heading\" data-id=\"050d9d2\" data-element_type=\"widget\" data-e-type=\"widget\" data-widget_type=\"heading.default\">\n\t\t\t\t<div class=\"elementor-widget-container\">\n\t\t\t\t\t<h2 class=\"elementor-heading-title elementor-size-default\">Popro\u015b o spotkanie<\/h2>\t\t\t\t<\/div>\n\t\t\t\t<\/div>\n\t\t\t\t<div class=\"elementor-element elementor-element-819b2c8 elementor-widget elementor-widget-text-editor\" data-id=\"819b2c8\" data-element_type=\"widget\" data-e-type=\"widget\" data-widget_type=\"text-editor.default\">\n\t\t\t\t<div class=\"elementor-widget-container\">\n\t\t\t\t\t\t\t\t\t<strong>Wizyty w gabinecie lub telemedycyna dost\u0119pna na ca\u0142ym \u015bwiecie<\/strong>\t\t\t\t\t\t\t\t<\/div>\n\t\t\t\t<\/div>\n\t\t\t\t<div class=\"elementor-element elementor-element-6f22a1d elementor-widget elementor-widget-shortcode\" data-id=\"6f22a1d\" data-element_type=\"widget\" data-e-type=\"widget\" data-widget_type=\"shortcode.default\">\n\t\t\t\t<div class=\"elementor-widget-container\">\n\t\t\t\t\t\t\t<div class=\"elementor-shortcode\">\n<div class=\"wpcf7 no-js\" id=\"wpcf7-f681-o1\" lang=\"en-US\" dir=\"ltr\" data-wpcf7-id=\"681\">\n<div class=\"screen-reader-response\"><p role=\"status\" aria-live=\"polite\" aria-atomic=\"true\"><\/p> <ul><\/ul><\/div>\n<form action=\"\/pl\/wp-json\/wp\/v2\/pages\/998#wpcf7-f681-o1\" method=\"post\" class=\"wpcf7-form init\" aria-label=\"Contact form\" novalidate=\"novalidate\" data-status=\"init\" data-trp-original-action=\"\/pl\/wp-json\/wp\/v2\/pages\/998#wpcf7-f681-o1\">\n<fieldset class=\"hidden-fields-container\"><input type=\"hidden\" name=\"_wpcf7\" value=\"681\" \/><input type=\"hidden\" name=\"_wpcf7_version\" value=\"6.1.5\" \/><input type=\"hidden\" name=\"_wpcf7_locale\" value=\"en_US\" \/><input type=\"hidden\" name=\"_wpcf7_unit_tag\" value=\"wpcf7-f681-o1\" \/><input type=\"hidden\" name=\"_wpcf7_container_post\" value=\"0\" \/><input type=\"hidden\" name=\"_wpcf7_posted_data_hash\" value=\"\" \/><input type=\"hidden\" name=\"_wpcf7_recaptcha_response\" value=\"\" \/>\n<\/fieldset>\n<div class=\"form_div_row\">\n\t<div class=\"form_div_100\">\n\t\t<p><span class=\"wpcf7-form-control-wrap\" data-name=\"your-name\"><input size=\"40\" maxlength=\"400\" class=\"wpcf7-form-control wpcf7-text wpcf7-validates-as-required\" aria-required=\"true\" aria-invalid=\"false\" placeholder=\"Twoje Imi\u0119 (wymagane)\" value=\"\" type=\"text\" name=\"your-name\" \/><\/span>\n\t\t<\/p>\n\t<\/div>\n<\/div>\n<div class=\"form_div_row\">\n\t<div class=\"form_div_100\">\n\t\t<p><span class=\"wpcf7-form-control-wrap\" data-name=\"your-email\"><input size=\"40\" maxlength=\"400\" class=\"wpcf7-form-control wpcf7-email wpcf7-validates-as-required wpcf7-text wpcf7-validates-as-email\" aria-required=\"true\" aria-invalid=\"false\" placeholder=\"Tw\u00f3j Email (wymagane)\" value=\"\" type=\"email\" name=\"your-email\" \/><\/span>\n\t\t<\/p>\n\t<\/div>\n<\/div>\n<div class=\"form_div_row\">\n\t<div class=\"form_div_100\">\n\t\t<p><span class=\"wpcf7-form-control-wrap\" data-name=\"your-phone\"><input size=\"40\" maxlength=\"400\" class=\"wpcf7-form-control wpcf7-text\" aria-invalid=\"false\" placeholder=\"Telefon\" value=\"\" type=\"text\" name=\"your-phone\" \/><\/span>\n\t\t<\/p>\n\t<\/div>\n<\/div>\n<div class=\"form_div_row\">\n\t<div class=\"form_div_100\">\n\t\t<p><label> Czy jeste\u015b nowym pacjentem?<\/label><br \/>\n<span class=\"wpcf7-form-control-wrap\" data-name=\"Areyouanewpatient\"><span class=\"wpcf7-form-control wpcf7-radio\"><span class=\"wpcf7-list-item first\"><input type=\"radio\" name=\"Areyouanewpatient\" value=\"Yes\" checked=\"checked\" \/><span class=\"wpcf7-list-item-label\">tak<\/span><\/span><span class=\"wpcf7-list-item last\"><input type=\"radio\" name=\"Areyouanewpatient\" value=\"No\" \/><span class=\"wpcf7-list-item-label\">Nie<\/span><\/span><\/span><\/span>\n\t\t<\/p>\n\t<\/div>\n<\/div>\n<div class=\"form_div_row\">\n\t<div class=\"form_div_100\">\n\t\t<p><label>Czy interesujesz si\u0119:<\/label><br \/>\n<span class=\"wpcf7-form-control-wrap\" data-name=\"Areyouinterested\"><span class=\"wpcf7-form-control wpcf7-radio\"><span class=\"wpcf7-list-item first\"><input type=\"radio\" name=\"Areyouinterested\" value=\"telemedicine\" checked=\"checked\" \/><span class=\"wpcf7-list-item-label\">telemedycyna<\/span><\/span><span class=\"wpcf7-list-item last\"><input type=\"radio\" name=\"Areyouinterested\" value=\"in-office visit\" \/><span class=\"wpcf7-list-item-label\">wizyta w biurze<\/span><\/span><\/span><\/span>\n\t\t<\/p>\n\t<\/div>\n<\/div>\n<div class=\"form_div_row\">\n\t<div class=\"form_div_100\">\n\t\t<p><input class=\"wpcf7-form-control wpcf7-submit has-spinner\" type=\"submit\" value=\"Wys\u0142a\u0107\" \/>\n\t\t<\/p>\n\t<\/div>\n<\/div><div class=\"wpcf7-response-output\" aria-hidden=\"true\"><\/div>\n<input type=\"hidden\" name=\"trp-form-language\" value=\"pl\"\/><\/form>\n<\/div>\n<\/div>\n\t\t\t\t\t\t<\/div>\n\t\t\t\t<\/div>\n\t\t\t\t<div class=\"elementor-element elementor-element-a1dce49 elementor-widget-divider--view-line elementor-widget elementor-widget-divider\" data-id=\"a1dce49\" data-element_type=\"widget\" data-e-type=\"widget\" data-widget_type=\"divider.default\">\n\t\t\t\t<div class=\"elementor-widget-container\">\n\t\t\t\t\t\t\t<div class=\"elementor-divider\">\n\t\t\t<span class=\"elementor-divider-separator\">\n\t\t\t\t\t\t<\/span>\n\t\t<\/div>\n\t\t\t\t\t\t<\/div>\n\t\t\t\t<\/div>\n\t\t\t\t<div class=\"elementor-element elementor-element-1d07f5a icon-circle-item neck elementor-widget elementor-widget-heading\" data-id=\"1d07f5a\" data-element_type=\"widget\" data-e-type=\"widget\" data-widget_type=\"heading.default\">\n\t\t\t\t<div class=\"elementor-widget-container\">\n\t\t\t\t\t<h6 class=\"elementor-heading-title elementor-size-default\"><a href=\"https:\/\/genesisortho.com\/pl\/patient-education\/neck-overview\/\">Neck &amp; Back\n            <\/a><\/h6>\t\t\t\t<\/div>\n\t\t\t\t<\/div>\n\t\t\t\t<div class=\"elementor-element elementor-element-afe6ec2 icon-circle-item shoulder elementor-widget elementor-widget-heading\" data-id=\"afe6ec2\" data-element_type=\"widget\" data-e-type=\"widget\" data-widget_type=\"heading.default\">\n\t\t\t\t<div class=\"elementor-widget-container\">\n\t\t\t\t\t<h6 class=\"elementor-heading-title elementor-size-default\"><a href=\"https:\/\/genesisortho.com\/pl\/patient-education\/shoulder-overview\/\">rami\u0119<\/a><\/h6>\t\t\t\t<\/div>\n\t\t\t\t<\/div>\n\t\t\t\t<div class=\"elementor-element elementor-element-21805f2 icon-circle-item hand elementor-widget elementor-widget-heading\" data-id=\"21805f2\" data-element_type=\"widget\" data-e-type=\"widget\" data-widget_type=\"heading.default\">\n\t\t\t\t<div class=\"elementor-widget-container\">\n\t\t\t\t\t<h6 class=\"elementor-heading-title elementor-size-default\"><a href=\"https:\/\/genesisortho.com\/pl\/patient-education\/hand-and-wrist-overview\/\">Hand &amp; Arm\n            \n            <\/a><\/h6>\t\t\t\t<\/div>\n\t\t\t\t<\/div>\n\t\t\t\t<div class=\"elementor-element elementor-element-516ecdb icon-circle-item knee elementor-widget elementor-widget-heading\" data-id=\"516ecdb\" data-element_type=\"widget\" data-e-type=\"widget\" data-widget_type=\"heading.default\">\n\t\t\t\t<div class=\"elementor-widget-container\">\n\t\t\t\t\t<h6 class=\"elementor-heading-title elementor-size-default\"><a href=\"https:\/\/genesisortho.com\/pl\/patient-education\/knee-overview\/\">Kolano\n            <\/a><\/h6>\t\t\t\t<\/div>\n\t\t\t\t<\/div>\n\t\t\t\t<div class=\"elementor-element elementor-element-91a1abc icon-circle-item foot elementor-widget elementor-widget-heading\" data-id=\"91a1abc\" data-element_type=\"widget\" data-e-type=\"widget\" data-widget_type=\"heading.default\">\n\t\t\t\t<div class=\"elementor-widget-container\">\n\t\t\t\t\t<h6 class=\"elementor-heading-title elementor-size-default\"><a href=\"https:\/\/genesisortho.com\/pl\/patient-education\/foot-and-ankle-overview\/\">Foot &amp; Ankle\n            <\/a><\/h6>\t\t\t\t<\/div>\n\t\t\t\t<\/div>\n\t\t\t\t<div class=\"elementor-element elementor-element-d18c042 icon-circle-item hip elementor-widget elementor-widget-heading\" data-id=\"d18c042\" data-element_type=\"widget\" data-e-type=\"widget\" data-widget_type=\"heading.default\">\n\t\t\t\t<div class=\"elementor-widget-container\">\n\t\t\t\t\t<h6 class=\"elementor-heading-title elementor-size-default\"><a href=\"https:\/\/genesisortho.com\/pl\/patient-education\/hip-overview\/\">Cze\u015b\u0107 p\n            <\/a><\/h6>\t\t\t\t<\/div>\n\t\t\t\t<\/div>\n\t\t\t\t\t<\/div>\n\t\t<\/div>\n\t\t\t\t\t<\/div>\n\t\t<\/section>\n\t\t\t\t<\/div>","protected":false},"excerpt":{"rendered":"<p>Cervical Spinal Stenosis Cervical Spinal Stenosis Diagnosis: Cervical spinal stenosis is the narrowing of the space in the spinal canal surrounding the spinal cord and subsequent compression placed on the spinal cord and spinal nerve roots. The source of cervical spinal stenosis can vary but it is often a consequence of another condition such as [&hellip;]<\/p>\n","protected":false},"author":2,"featured_media":0,"parent":1092,"menu_order":0,"comment_status":"closed","ping_status":"closed","template":"elementor_header_footer","meta":{"_acf_changed":false,"_monsterinsights_skip_tracking":false,"_monsterinsights_sitenote_active":false,"_monsterinsights_sitenote_note":"","_monsterinsights_sitenote_category":0,"footnotes":""},"class_list":["post-998","page","type-page","status-publish","hentry"],"acf":[],"yoast_head":"<!-- This site is optimized with the Yoast SEO Premium plugin v27.0 (Yoast SEO v27.0) - https:\/\/yoast.com\/product\/yoast-seo-premium-wordpress\/ -->\n<title>Cervical Spinal Stenosis | Symptoms &amp; Treatments Options<\/title>\n<meta name=\"description\" content=\"Learn about cervical spinal stenosis, its symptoms, and effective treatment options at Genesis Orthopedics. Find relief and improve mobility today.\" \/>\n<meta name=\"robots\" content=\"index, follow, max-snippet:-1, max-image-preview:large, max-video-preview:-1\" \/>\n<link rel=\"canonical\" href=\"https:\/\/genesisortho.com\/pl\/patient-education\/neck-overview\/cervical-spinal-stenosis\/\" \/>\n<meta property=\"og:locale\" content=\"pl_PL\" \/>\n<meta property=\"og:type\" content=\"article\" \/>\n<meta property=\"og:title\" content=\"Cervical Spinal Stenosis\" \/>\n<meta property=\"og:description\" content=\"Learn about cervical spinal stenosis, its symptoms, and effective treatment options at Genesis Orthopedics. Find relief and improve mobility today.\" \/>\n<meta property=\"og:url\" content=\"https:\/\/genesisortho.com\/pl\/patient-education\/neck-overview\/cervical-spinal-stenosis\/\" \/>\n<meta property=\"og:site_name\" content=\"Genesis Orthopedics &amp; Sports Medicine\" \/>\n<meta property=\"article:publisher\" content=\"https:\/\/www.facebook.com\/genesisorthosportsmed\/\" \/>\n<meta property=\"article:modified_time\" content=\"2024-10-03T09:23:57+00:00\" \/>\n<meta name=\"twitter:card\" content=\"summary_large_image\" \/>\n<meta name=\"twitter:site\" content=\"@GenesisOrtho\" \/>\n<meta name=\"twitter:label1\" content=\"Szacowany czas czytania\" \/>\n\t<meta name=\"twitter:data1\" content=\"2 minuty\" \/>\n<script type=\"application\/ld+json\" class=\"yoast-schema-graph\">{\"@context\":\"https:\/\/schema.org\",\"@graph\":[{\"@type\":\"WebPage\",\"@id\":\"https:\/\/genesisortho.com\/patient-education\/neck-overview\/cervical-spinal-stenosis\/\",\"url\":\"https:\/\/genesisortho.com\/patient-education\/neck-overview\/cervical-spinal-stenosis\/\",\"name\":\"Cervical Spinal Stenosis | Symptoms & Treatments Options\",\"isPartOf\":{\"@id\":\"https:\/\/genesisortho.com\/#website\"},\"datePublished\":\"2020-04-15T20:33:23+00:00\",\"dateModified\":\"2024-10-03T09:23:57+00:00\",\"description\":\"Learn about cervical spinal stenosis, its symptoms, and effective treatment options at Genesis Orthopedics. Find relief and improve mobility today.\",\"breadcrumb\":{\"@id\":\"https:\/\/genesisortho.com\/patient-education\/neck-overview\/cervical-spinal-stenosis\/#breadcrumb\"},\"inLanguage\":\"pl-PL\",\"potentialAction\":[{\"@type\":\"ReadAction\",\"target\":[\"https:\/\/genesisortho.com\/patient-education\/neck-overview\/cervical-spinal-stenosis\/\"]}]},{\"@type\":\"BreadcrumbList\",\"@id\":\"https:\/\/genesisortho.com\/patient-education\/neck-overview\/cervical-spinal-stenosis\/#breadcrumb\",\"itemListElement\":[{\"@type\":\"ListItem\",\"position\":1,\"name\":\"Home\",\"item\":\"https:\/\/genesisortho.com\/\"},{\"@type\":\"ListItem\",\"position\":2,\"name\":\"Patient Education\",\"item\":\"https:\/\/genesisortho.com\/ar\/patient-education\/\"},{\"@type\":\"ListItem\",\"position\":3,\"name\":\"Neck Overview\",\"item\":\"https:\/\/genesisortho.com\/patient-education\/neck-overview\/\"},{\"@type\":\"ListItem\",\"position\":4,\"name\":\"Cervical Spinal Stenosis\"}]},{\"@type\":\"WebSite\",\"@id\":\"https:\/\/genesisortho.com\/#website\",\"url\":\"https:\/\/genesisortho.com\/\",\"name\":\"Genesis Orthopedics &amp; Sports Medicine\",\"description\":\"\",\"publisher\":{\"@id\":\"https:\/\/genesisortho.com\/#organization\"},\"potentialAction\":[{\"@type\":\"SearchAction\",\"target\":{\"@type\":\"EntryPoint\",\"urlTemplate\":\"https:\/\/genesisortho.com\/?s={search_term_string}\"},\"query-input\":{\"@type\":\"PropertyValueSpecification\",\"valueRequired\":true,\"valueName\":\"search_term_string\"}}],\"inLanguage\":\"pl-PL\"},{\"@type\":\"Organization\",\"@id\":\"https:\/\/genesisortho.com\/#organization\",\"name\":\"Orthopedics & Sports Medicine Treatment | Genesis Orthopedics & Sports Medicine\",\"url\":\"https:\/\/genesisortho.com\/\",\"logo\":{\"@type\":\"ImageObject\",\"inLanguage\":\"pl-PL\",\"@id\":\"https:\/\/genesisortho.com\/#\/schema\/logo\/image\/\",\"url\":\"https:\/\/genesisortho.com\/wp-content\/uploads\/2020\/03\/GO_logo_Transparent_PRINT.png\",\"contentUrl\":\"https:\/\/genesisortho.com\/wp-content\/uploads\/2020\/03\/GO_logo_Transparent_PRINT.png\",\"width\":4564,\"height\":1095,\"caption\":\"Orthopedics & Sports Medicine Treatment | Genesis Orthopedics & Sports Medicine\"},\"image\":{\"@id\":\"https:\/\/genesisortho.com\/#\/schema\/logo\/image\/\"},\"sameAs\":[\"https:\/\/www.facebook.com\/genesisorthosportsmed\/\",\"https:\/\/x.com\/GenesisOrtho\",\"https:\/\/www.instagram.com\/genesis_ortho\/\",\"https:\/\/www.linkedin.com\/company\/2302800\",\"https:\/\/www.youtube.com\/genesisortho\"]}]}<\/script>\n<!-- \/ Yoast SEO Premium plugin. -->","yoast_head_json":{"title":"Cervical Spinal Stenosis | Symptoms & Treatments Options","description":"Learn about cervical spinal stenosis, its symptoms, and effective treatment options at Genesis Orthopedics. Find relief and improve mobility today.","robots":{"index":"index","follow":"follow","max-snippet":"max-snippet:-1","max-image-preview":"max-image-preview:large","max-video-preview":"max-video-preview:-1"},"canonical":"https:\/\/genesisortho.com\/pl\/patient-education\/neck-overview\/cervical-spinal-stenosis\/","og_locale":"pl_PL","og_type":"article","og_title":"Cervical Spinal Stenosis","og_description":"Learn about cervical spinal stenosis, its symptoms, and effective treatment options at Genesis Orthopedics. Find relief and improve mobility today.","og_url":"https:\/\/genesisortho.com\/pl\/patient-education\/neck-overview\/cervical-spinal-stenosis\/","og_site_name":"Genesis Orthopedics &amp; Sports Medicine","article_publisher":"https:\/\/www.facebook.com\/genesisorthosportsmed\/","article_modified_time":"2024-10-03T09:23:57+00:00","twitter_card":"summary_large_image","twitter_site":"@GenesisOrtho","twitter_misc":{"Szacowany czas czytania":"2 minuty"},"schema":{"@context":"https:\/\/schema.org","@graph":[{"@type":"WebPage","@id":"https:\/\/genesisortho.com\/patient-education\/neck-overview\/cervical-spinal-stenosis\/","url":"https:\/\/genesisortho.com\/patient-education\/neck-overview\/cervical-spinal-stenosis\/","name":"Cervical Spinal Stenosis | Symptoms & Treatments Options","isPartOf":{"@id":"https:\/\/genesisortho.com\/#website"},"datePublished":"2020-04-15T20:33:23+00:00","dateModified":"2024-10-03T09:23:57+00:00","description":"Learn about cervical spinal stenosis, its symptoms, and effective treatment options at Genesis Orthopedics. Find relief and improve mobility today.","breadcrumb":{"@id":"https:\/\/genesisortho.com\/patient-education\/neck-overview\/cervical-spinal-stenosis\/#breadcrumb"},"inLanguage":"pl-PL","potentialAction":[{"@type":"ReadAction","target":["https:\/\/genesisortho.com\/patient-education\/neck-overview\/cervical-spinal-stenosis\/"]}]},{"@type":"BreadcrumbList","@id":"https:\/\/genesisortho.com\/patient-education\/neck-overview\/cervical-spinal-stenosis\/#breadcrumb","itemListElement":[{"@type":"ListItem","position":1,"name":"Home","item":"https:\/\/genesisortho.com\/"},{"@type":"ListItem","position":2,"name":"Patient Education","item":"https:\/\/genesisortho.com\/ar\/patient-education\/"},{"@type":"ListItem","position":3,"name":"Neck Overview","item":"https:\/\/genesisortho.com\/patient-education\/neck-overview\/"},{"@type":"ListItem","position":4,"name":"Cervical Spinal Stenosis"}]},{"@type":"WebSite","@id":"https:\/\/genesisortho.com\/#website","url":"https:\/\/genesisortho.com\/","name":"Genesis Ortopedia i medycyna sportowa","description":"","publisher":{"@id":"https:\/\/genesisortho.com\/#organization"},"potentialAction":[{"@type":"SearchAction","target":{"@type":"EntryPoint","urlTemplate":"https:\/\/genesisortho.com\/?s={search_term_string}"},"query-input":{"@type":"PropertyValueSpecification","valueRequired":true,"valueName":"search_term_string"}}],"inLanguage":"pl-PL"},{"@type":"Organization","@id":"https:\/\/genesisortho.com\/#organization","name":"Orthopedics & Sports Medicine Treatment | Genesis Orthopedics & Sports Medicine","url":"https:\/\/genesisortho.com\/","logo":{"@type":"ImageObject","inLanguage":"pl-PL","@id":"https:\/\/genesisortho.com\/#\/schema\/logo\/image\/","url":"https:\/\/genesisortho.com\/wp-content\/uploads\/2020\/03\/GO_logo_Transparent_PRINT.png","contentUrl":"https:\/\/genesisortho.com\/wp-content\/uploads\/2020\/03\/GO_logo_Transparent_PRINT.png","width":4564,"height":1095,"caption":"Orthopedics & Sports Medicine Treatment | Genesis Orthopedics & Sports Medicine"},"image":{"@id":"https:\/\/genesisortho.com\/#\/schema\/logo\/image\/"},"sameAs":["https:\/\/www.facebook.com\/genesisorthosportsmed\/","https:\/\/x.com\/GenesisOrtho","https:\/\/www.instagram.com\/genesis_ortho\/","https:\/\/www.linkedin.com\/company\/2302800","https:\/\/www.youtube.com\/genesisortho"]}]}},"jetpack_sharing_enabled":true,"_links":{"self":[{"href":"https:\/\/genesisortho.com\/pl\/wp-json\/wp\/v2\/pages\/998","targetHints":{"allow":["GET"]}}],"collection":[{"href":"https:\/\/genesisortho.com\/pl\/wp-json\/wp\/v2\/pages"}],"about":[{"href":"https:\/\/genesisortho.com\/pl\/wp-json\/wp\/v2\/types\/page"}],"author":[{"embeddable":true,"href":"https:\/\/genesisortho.com\/pl\/wp-json\/wp\/v2\/users\/2"}],"replies":[{"embeddable":true,"href":"https:\/\/genesisortho.com\/pl\/wp-json\/wp\/v2\/comments?post=998"}],"version-history":[{"count":0,"href":"https:\/\/genesisortho.com\/pl\/wp-json\/wp\/v2\/pages\/998\/revisions"}],"up":[{"embeddable":true,"href":"https:\/\/genesisortho.com\/pl\/wp-json\/wp\/v2\/pages\/1092"}],"wp:attachment":[{"href":"https:\/\/genesisortho.com\/pl\/wp-json\/wp\/v2\/media?parent=998"}],"curies":[{"name":"wp","href":"https:\/\/api.w.org\/{rel}","templated":true}]}}