{"id":927,"date":"2020-04-15T19:34:06","date_gmt":"2020-04-15T19:34:06","guid":{"rendered":"https:\/\/genesisortho.wpengine.com\/?page_id=927"},"modified":"2024-10-03T10:04:20","modified_gmt":"2024-10-03T10:04:20","slug":"bunions","status":"publish","type":"page","link":"https:\/\/genesisortho.com\/pl\/patient-education\/foot-and-ankle-overview\/bunions\/","title":{"rendered":"Haluksy"},"content":{"rendered":"<div data-elementor-type=\"wp-page\" data-elementor-id=\"927\" class=\"elementor elementor-927\" data-elementor-post-type=\"page\">\n\t\t\t\t\t\t<section class=\"elementor-section elementor-top-section elementor-element elementor-element-56b4ee06 elementor-section-boxed elementor-section-height-default elementor-section-height-default\" data-id=\"56b4ee06\" data-element_type=\"section\" data-e-type=\"section\" data-settings=\"{&quot;background_background&quot;:&quot;classic&quot;}\">\n\t\t\t\t\t\t\t<div class=\"elementor-background-overlay\"><\/div>\n\t\t\t\t\t\t\t<div class=\"elementor-container elementor-column-gap-default\">\n\t\t\t\t\t<div class=\"elementor-column elementor-col-100 elementor-top-column elementor-element elementor-element-33c48318\" data-id=\"33c48318\" data-element_type=\"column\" data-e-type=\"column\">\n\t\t\t<div class=\"elementor-widget-wrap elementor-element-populated\">\n\t\t\t\t\t\t<div class=\"elementor-element elementor-element-5a49a2ae elementor-widget elementor-widget-heading\" data-id=\"5a49a2ae\" data-element_type=\"widget\" data-e-type=\"widget\" data-widget_type=\"heading.default\">\n\t\t\t\t<div class=\"elementor-widget-container\">\n\t\t\t\t\t<h1 class=\"elementor-heading-title elementor-size-default\">Haluksy<\/h1>\t\t\t\t<\/div>\n\t\t\t\t<\/div>\n\t\t\t\t\t<\/div>\n\t\t<\/div>\n\t\t\t\t\t<\/div>\n\t\t<\/section>\n\t\t\t\t<section class=\"elementor-section elementor-top-section elementor-element elementor-element-6d87e57e body-part-content elementor-section-boxed elementor-section-height-default elementor-section-height-default\" data-id=\"6d87e57e\" data-element_type=\"section\" data-e-type=\"section\" data-settings=\"{&quot;background_background&quot;:&quot;classic&quot;}\">\n\t\t\t\t\t\t<div class=\"elementor-container elementor-column-gap-default\">\n\t\t\t\t\t<div class=\"elementor-column elementor-col-50 elementor-top-column elementor-element elementor-element-3cdeb9a6\" data-id=\"3cdeb9a6\" data-element_type=\"column\" data-e-type=\"column\">\n\t\t\t<div class=\"elementor-widget-wrap elementor-element-populated\">\n\t\t\t\t\t\t<div class=\"elementor-element elementor-element-3b46708 elementor-widget elementor-widget-heading\" data-id=\"3b46708\" data-element_type=\"widget\" data-e-type=\"widget\" data-widget_type=\"heading.default\">\n\t\t\t\t<div class=\"elementor-widget-container\">\n\t\t\t\t\t<h4 class=\"elementor-heading-title elementor-size-default\">Haluksy<\/h4>\t\t\t\t<\/div>\n\t\t\t\t<\/div>\n\t\t\t\t<div class=\"elementor-element elementor-element-14efc1ea elementor-widget elementor-widget-text-editor\" data-id=\"14efc1ea\" data-element_type=\"widget\" data-e-type=\"widget\" data-widget_type=\"text-editor.default\">\n\t\t\t\t<div class=\"elementor-widget-container\">\n\t\t\t\t\t\t\t\t\t<h4>Diagnoza:<\/h4><p>Bunion to stan, w kt\u00f3rym du\u017cy palec u nogi jest skierowany do wewn\u0105trz w kierunku innych palc\u00f3w, powoduj\u0105c pojawienie si\u0119 nienormalnie wype\u0142nionej p\u0142ynem kaletki (guzka) na stawie po zewn\u0119trznej stronie du\u017cego palca. Uwa\u017ca si\u0119, \u017ce haluksy s\u0105 spowodowane zar\u00f3wno czynnikami genetycznymi, jak i d\u0142ugotrwa\u0142ym noszeniem w\u0105skich, ciasnych but\u00f3w, kt\u00f3re zmuszaj\u0105 du\u017cy palec do odchylenia si\u0119 od jego normalnej pozycji. Bunions zazwyczaj dotykaj\u0105 kobiety i cz\u0119sto s\u0105 obwiniane za noszenie wysokich obcas\u00f3w. Opr\u00f3cz widocznego guza na paluchu, osoby cierpi\u0105ce na haluksy maj\u0105 objawy obrz\u0119ku, zaczerwienienia, grubej sk\u00f3ry wok\u00f3\u0142 du\u017cego palca, odcisk\u00f3w lub modzeli, b\u00f3lu i ograniczonego zakresu ruchu du\u017cego palca. Je\u015bli du\u017cy palec odchyla si\u0119 w kierunku innych palc\u00f3w wystarczaj\u0105co d\u0142ugo, mo\u017ce doj\u015b\u0107 do st\u0142oczenia, powoduj\u0105c zgi\u0119cie innych palc\u00f3w, co prowadzi do stanu zwanego m\u0142otkiem. Chocia\u017c haluksy zazwyczaj nie wymagaj\u0105 interwencji medycznej, je\u015bli b\u00f3l staje si\u0119 uporczywy, dost\u0119pne s\u0105 wystarczaj\u0105ce opcje leczenia.<\/p><p>Kupowanie wygodnych but\u00f3w, kt\u00f3re s\u0105 wystarczaj\u0105co pojemne, aby pomie\u015bci\u0107 haluksa, mo\u017ce z \u0142atwo\u015bci\u0105 zmniejszy\u0107 b\u00f3l. W razie potrzeby mo\u017cna r\u00f3wnie\u017c kupi\u0107 wk\u0142adki do but\u00f3w, aby doda\u0107 dodatkow\u0105 warstw\u0119 poduszki, aby r\u00f3wnomiernie roz\u0142o\u017cy\u0107 nacisk i zapobiec pogorszeniu si\u0119 haluksa.<\/p>\t\t\t\t\t\t\t\t<\/div>\n\t\t\t\t<\/div>\n\t\t\t\t<div class=\"elementor-element elementor-element-2dd12440 elementor-widget elementor-widget-text-editor\" data-id=\"2dd12440\" data-element_type=\"widget\" data-e-type=\"widget\" data-widget_type=\"text-editor.default\">\n\t\t\t\t<div class=\"elementor-widget-container\">\n\t\t\t\t\t\t\t\t\t<h4><b>Mo\u017cliwo\u015bci leczenia:<\/b><\/h4><p><b>Orze\u017awiaj\u0105cy<\/b><\/p><p>Genesis Orthopaedics &amp; Sports Medicine mo\u017ce sugerowa\u0107 u\u017cycie wy\u015bci\u00f3\u0142ki lub oklejenia haluksa, aby zapewni\u0107 poduszk\u0119 i z\u0142agodzi\u0107 b\u00f3l.<\/p><p><b>Operacja<\/b><\/p><p>Gdy wszystkie inne opcje leczenia da\u0142y minimalne wyniki, mo\u017cna wykona\u0107 bunionektomi\u0119. Bunionektomia to zabieg, w kt\u00f3rym wykonuje si\u0119 naci\u0119cie na wierzchu stopy i usuwa wype\u0142nion\u0105 p\u0142ynem kaletk\u0119. Nast\u0119pnie ko\u015b\u0107 du\u017cego palca zostaje skr\u00f3cona i wyprostowana z powrotem do normalnej pozycji.<\/p>\t\t\t\t\t\t\t\t<\/div>\n\t\t\t\t<\/div>\n\t\t\t\t\t<\/div>\n\t\t<\/div>\n\t\t\t\t<div class=\"elementor-column elementor-col-50 elementor-top-column elementor-element elementor-element-93608d8 body-part-sidebar\" data-id=\"93608d8\" data-element_type=\"column\" data-e-type=\"column\" data-settings=\"{&quot;background_background&quot;:&quot;classic&quot;}\">\n\t\t\t<div class=\"elementor-widget-wrap elementor-element-populated\">\n\t\t\t\t\t\t<div class=\"elementor-element elementor-element-3280be3 elementor-widget elementor-widget-heading\" data-id=\"3280be3\" data-element_type=\"widget\" data-e-type=\"widget\" data-widget_type=\"heading.default\">\n\t\t\t\t<div class=\"elementor-widget-container\">\n\t\t\t\t\t<h2 class=\"elementor-heading-title elementor-size-default\">Popro\u015b o spotkanie<\/h2>\t\t\t\t<\/div>\n\t\t\t\t<\/div>\n\t\t\t\t<div class=\"elementor-element elementor-element-72db8da elementor-widget elementor-widget-text-editor\" data-id=\"72db8da\" data-element_type=\"widget\" data-e-type=\"widget\" data-widget_type=\"text-editor.default\">\n\t\t\t\t<div class=\"elementor-widget-container\">\n\t\t\t\t\t\t\t\t\t<strong>Wizyty w gabinecie lub telemedycyna dost\u0119pna na ca\u0142ym \u015bwiecie<\/strong>\t\t\t\t\t\t\t\t<\/div>\n\t\t\t\t<\/div>\n\t\t\t\t<div class=\"elementor-element elementor-element-4c01b81 elementor-widget elementor-widget-shortcode\" data-id=\"4c01b81\" data-element_type=\"widget\" data-e-type=\"widget\" data-widget_type=\"shortcode.default\">\n\t\t\t\t<div class=\"elementor-widget-container\">\n\t\t\t\t\t\t\t<div class=\"elementor-shortcode\">\n<div class=\"wpcf7 no-js\" id=\"wpcf7-f681-o1\" lang=\"en-US\" dir=\"ltr\" data-wpcf7-id=\"681\">\n<div class=\"screen-reader-response\"><p role=\"status\" aria-live=\"polite\" aria-atomic=\"true\"><\/p> <ul><\/ul><\/div>\n<form action=\"\/pl\/wp-json\/wp\/v2\/pages\/927#wpcf7-f681-o1\" method=\"post\" class=\"wpcf7-form init\" aria-label=\"Contact form\" novalidate=\"novalidate\" data-status=\"init\" data-trp-original-action=\"\/pl\/wp-json\/wp\/v2\/pages\/927#wpcf7-f681-o1\">\n<fieldset class=\"hidden-fields-container\"><input type=\"hidden\" name=\"_wpcf7\" value=\"681\" \/><input type=\"hidden\" name=\"_wpcf7_version\" value=\"6.1.5\" \/><input type=\"hidden\" name=\"_wpcf7_locale\" value=\"en_US\" \/><input type=\"hidden\" name=\"_wpcf7_unit_tag\" value=\"wpcf7-f681-o1\" \/><input type=\"hidden\" name=\"_wpcf7_container_post\" value=\"0\" \/><input type=\"hidden\" name=\"_wpcf7_posted_data_hash\" value=\"\" \/><input type=\"hidden\" name=\"_wpcf7_recaptcha_response\" value=\"\" \/>\n<\/fieldset>\n<div class=\"form_div_row\">\n\t<div class=\"form_div_100\">\n\t\t<p><span class=\"wpcf7-form-control-wrap\" data-name=\"your-name\"><input size=\"40\" maxlength=\"400\" class=\"wpcf7-form-control wpcf7-text wpcf7-validates-as-required\" aria-required=\"true\" aria-invalid=\"false\" placeholder=\"Twoje Imi\u0119 (wymagane)\" value=\"\" type=\"text\" name=\"your-name\" \/><\/span>\n\t\t<\/p>\n\t<\/div>\n<\/div>\n<div class=\"form_div_row\">\n\t<div class=\"form_div_100\">\n\t\t<p><span class=\"wpcf7-form-control-wrap\" data-name=\"your-email\"><input size=\"40\" maxlength=\"400\" class=\"wpcf7-form-control wpcf7-email wpcf7-validates-as-required wpcf7-text wpcf7-validates-as-email\" aria-required=\"true\" aria-invalid=\"false\" placeholder=\"Tw\u00f3j Email (wymagane)\" value=\"\" type=\"email\" name=\"your-email\" \/><\/span>\n\t\t<\/p>\n\t<\/div>\n<\/div>\n<div class=\"form_div_row\">\n\t<div class=\"form_div_100\">\n\t\t<p><span class=\"wpcf7-form-control-wrap\" data-name=\"your-phone\"><input size=\"40\" maxlength=\"400\" class=\"wpcf7-form-control wpcf7-text\" aria-invalid=\"false\" placeholder=\"Telefon\" value=\"\" type=\"text\" name=\"your-phone\" \/><\/span>\n\t\t<\/p>\n\t<\/div>\n<\/div>\n<div class=\"form_div_row\">\n\t<div class=\"form_div_100\">\n\t\t<p><label> Czy jeste\u015b nowym pacjentem?<\/label><br \/>\n<span class=\"wpcf7-form-control-wrap\" data-name=\"Areyouanewpatient\"><span class=\"wpcf7-form-control wpcf7-radio\"><span class=\"wpcf7-list-item first\"><input type=\"radio\" name=\"Areyouanewpatient\" value=\"Yes\" checked=\"checked\" \/><span class=\"wpcf7-list-item-label\">tak<\/span><\/span><span class=\"wpcf7-list-item last\"><input type=\"radio\" name=\"Areyouanewpatient\" value=\"No\" \/><span class=\"wpcf7-list-item-label\">Nie<\/span><\/span><\/span><\/span>\n\t\t<\/p>\n\t<\/div>\n<\/div>\n<div class=\"form_div_row\">\n\t<div class=\"form_div_100\">\n\t\t<p><label>Czy interesujesz si\u0119:<\/label><br \/>\n<span class=\"wpcf7-form-control-wrap\" data-name=\"Areyouinterested\"><span class=\"wpcf7-form-control wpcf7-radio\"><span class=\"wpcf7-list-item first\"><input type=\"radio\" name=\"Areyouinterested\" value=\"telemedicine\" checked=\"checked\" \/><span class=\"wpcf7-list-item-label\">telemedycyna<\/span><\/span><span class=\"wpcf7-list-item last\"><input type=\"radio\" name=\"Areyouinterested\" value=\"in-office visit\" \/><span class=\"wpcf7-list-item-label\">wizyta w biurze<\/span><\/span><\/span><\/span>\n\t\t<\/p>\n\t<\/div>\n<\/div>\n<div class=\"form_div_row\">\n\t<div class=\"form_div_100\">\n\t\t<p><input class=\"wpcf7-form-control wpcf7-submit has-spinner\" type=\"submit\" value=\"Wys\u0142a\u0107\" \/>\n\t\t<\/p>\n\t<\/div>\n<\/div><div class=\"wpcf7-response-output\" aria-hidden=\"true\"><\/div>\n<input type=\"hidden\" name=\"trp-form-language\" value=\"pl\"\/><\/form>\n<\/div>\n<\/div>\n\t\t\t\t\t\t<\/div>\n\t\t\t\t<\/div>\n\t\t\t\t<div class=\"elementor-element elementor-element-6c6a68a elementor-widget-divider--view-line elementor-widget elementor-widget-divider\" data-id=\"6c6a68a\" data-element_type=\"widget\" data-e-type=\"widget\" data-widget_type=\"divider.default\">\n\t\t\t\t<div class=\"elementor-widget-container\">\n\t\t\t\t\t\t\t<div class=\"elementor-divider\">\n\t\t\t<span class=\"elementor-divider-separator\">\n\t\t\t\t\t\t<\/span>\n\t\t<\/div>\n\t\t\t\t\t\t<\/div>\n\t\t\t\t<\/div>\n\t\t\t\t<div class=\"elementor-element elementor-element-6940809 icon-circle-item neck elementor-widget elementor-widget-heading\" data-id=\"6940809\" data-element_type=\"widget\" data-e-type=\"widget\" data-widget_type=\"heading.default\">\n\t\t\t\t<div class=\"elementor-widget-container\">\n\t\t\t\t\t<h6 class=\"elementor-heading-title elementor-size-default\"><a href=\"https:\/\/genesisortho.com\/pl\/patient-education\/neck-overview\/\">Neck &amp; Back\n            <\/a><\/h6>\t\t\t\t<\/div>\n\t\t\t\t<\/div>\n\t\t\t\t<div class=\"elementor-element elementor-element-600e56c icon-circle-item shoulder elementor-widget elementor-widget-heading\" data-id=\"600e56c\" data-element_type=\"widget\" data-e-type=\"widget\" data-widget_type=\"heading.default\">\n\t\t\t\t<div class=\"elementor-widget-container\">\n\t\t\t\t\t<h6 class=\"elementor-heading-title elementor-size-default\"><a href=\"https:\/\/genesisortho.com\/pl\/patient-education\/shoulder-overview\/\">rami\u0119<\/a><\/h6>\t\t\t\t<\/div>\n\t\t\t\t<\/div>\n\t\t\t\t<div class=\"elementor-element elementor-element-c162dd9 icon-circle-item hand elementor-widget elementor-widget-heading\" data-id=\"c162dd9\" data-element_type=\"widget\" data-e-type=\"widget\" data-widget_type=\"heading.default\">\n\t\t\t\t<div class=\"elementor-widget-container\">\n\t\t\t\t\t<h6 class=\"elementor-heading-title elementor-size-default\"><a href=\"https:\/\/genesisortho.com\/pl\/patient-education\/hand-and-wrist-overview\/\">Hand &amp; Arm\n            \n            <\/a><\/h6>\t\t\t\t<\/div>\n\t\t\t\t<\/div>\n\t\t\t\t<div class=\"elementor-element elementor-element-9047046 icon-circle-item knee elementor-widget elementor-widget-heading\" data-id=\"9047046\" data-element_type=\"widget\" data-e-type=\"widget\" data-widget_type=\"heading.default\">\n\t\t\t\t<div class=\"elementor-widget-container\">\n\t\t\t\t\t<h6 class=\"elementor-heading-title elementor-size-default\"><a href=\"https:\/\/genesisortho.com\/pl\/patient-education\/knee-overview\/\">Kolano\n            <\/a><\/h6>\t\t\t\t<\/div>\n\t\t\t\t<\/div>\n\t\t\t\t<div class=\"elementor-element elementor-element-4d04d03 icon-circle-item foot elementor-widget elementor-widget-heading\" data-id=\"4d04d03\" data-element_type=\"widget\" data-e-type=\"widget\" data-widget_type=\"heading.default\">\n\t\t\t\t<div class=\"elementor-widget-container\">\n\t\t\t\t\t<h6 class=\"elementor-heading-title elementor-size-default\"><a href=\"https:\/\/genesisortho.com\/pl\/patient-education\/foot-and-ankle-overview\/\">Foot &amp; Ankle\n            <\/a><\/h6>\t\t\t\t<\/div>\n\t\t\t\t<\/div>\n\t\t\t\t<div class=\"elementor-element elementor-element-dadf640 icon-circle-item hip elementor-widget elementor-widget-heading\" data-id=\"dadf640\" data-element_type=\"widget\" data-e-type=\"widget\" data-widget_type=\"heading.default\">\n\t\t\t\t<div class=\"elementor-widget-container\">\n\t\t\t\t\t<h6 class=\"elementor-heading-title elementor-size-default\"><a href=\"https:\/\/genesisortho.com\/pl\/patient-education\/hip-overview\/\">Cze\u015b\u0107 p\n            <\/a><\/h6>\t\t\t\t<\/div>\n\t\t\t\t<\/div>\n\t\t\t\t\t<\/div>\n\t\t<\/div>\n\t\t\t\t\t<\/div>\n\t\t<\/section>\n\t\t\t\t<\/div>","protected":false},"excerpt":{"rendered":"<p>Bunions Bunions Diagnosis: A bunion is a condition in which the big toe points inward toward the other toes, causing an abnormal fluid filled bursa (bump) to appear on the joint on the outside of the big toe. Bunions are believed to be caused by both genetic factors and from the long-term wear of narrow, [&hellip;]<\/p>\n","protected":false},"author":2,"featured_media":0,"parent":1080,"menu_order":0,"comment_status":"closed","ping_status":"closed","template":"elementor_header_footer","meta":{"_acf_changed":false,"_monsterinsights_skip_tracking":false,"_monsterinsights_sitenote_active":false,"_monsterinsights_sitenote_note":"","_monsterinsights_sitenote_category":0,"footnotes":""},"class_list":["post-927","page","type-page","status-publish","hentry"],"acf":[],"yoast_head":"<!-- This site is optimized with the Yoast SEO Premium plugin v27.0 (Yoast SEO v27.0) - https:\/\/yoast.com\/product\/yoast-seo-premium-wordpress\/ -->\n<title>Bunions Overview | Genesis Orthopedics &amp; Sports Medicine<\/title>\n<meta name=\"description\" content=\"Discover everything about bunions at Genesis Orthopedics. Explore causes, symptoms, and effective treatment options for pain relief and management.\" \/>\n<meta name=\"robots\" content=\"index, follow, max-snippet:-1, max-image-preview:large, max-video-preview:-1\" \/>\n<link rel=\"canonical\" href=\"https:\/\/genesisortho.com\/pl\/patient-education\/foot-and-ankle-overview\/bunions\/\" \/>\n<meta property=\"og:locale\" content=\"pl_PL\" \/>\n<meta property=\"og:type\" content=\"article\" \/>\n<meta property=\"og:title\" content=\"Bunions\" \/>\n<meta property=\"og:description\" content=\"Discover everything about bunions at Genesis Orthopedics. Explore causes, symptoms, and effective treatment options for pain relief and management.\" \/>\n<meta property=\"og:url\" content=\"https:\/\/genesisortho.com\/pl\/patient-education\/foot-and-ankle-overview\/bunions\/\" \/>\n<meta property=\"og:site_name\" content=\"Genesis Orthopedics &amp; Sports Medicine\" \/>\n<meta property=\"article:publisher\" content=\"https:\/\/www.facebook.com\/genesisorthosportsmed\/\" \/>\n<meta property=\"article:modified_time\" content=\"2024-10-03T10:04:20+00:00\" \/>\n<meta name=\"twitter:card\" content=\"summary_large_image\" \/>\n<meta name=\"twitter:site\" content=\"@GenesisOrtho\" \/>\n<meta name=\"twitter:label1\" content=\"Szacowany czas czytania\" \/>\n\t<meta name=\"twitter:data1\" content=\"2 minuty\" \/>\n<script type=\"application\/ld+json\" class=\"yoast-schema-graph\">{\"@context\":\"https:\/\/schema.org\",\"@graph\":[{\"@type\":\"WebPage\",\"@id\":\"https:\/\/genesisortho.com\/patient-education\/foot-and-ankle-overview\/bunions\/\",\"url\":\"https:\/\/genesisortho.com\/patient-education\/foot-and-ankle-overview\/bunions\/\",\"name\":\"Bunions Overview | Genesis Orthopedics & Sports Medicine\",\"isPartOf\":{\"@id\":\"https:\/\/genesisortho.com\/#website\"},\"datePublished\":\"2020-04-15T19:34:06+00:00\",\"dateModified\":\"2024-10-03T10:04:20+00:00\",\"description\":\"Discover everything about bunions at Genesis Orthopedics. Explore causes, symptoms, and effective treatment options for pain relief and management.\",\"breadcrumb\":{\"@id\":\"https:\/\/genesisortho.com\/patient-education\/foot-and-ankle-overview\/bunions\/#breadcrumb\"},\"inLanguage\":\"pl-PL\",\"potentialAction\":[{\"@type\":\"ReadAction\",\"target\":[\"https:\/\/genesisortho.com\/patient-education\/foot-and-ankle-overview\/bunions\/\"]}]},{\"@type\":\"BreadcrumbList\",\"@id\":\"https:\/\/genesisortho.com\/patient-education\/foot-and-ankle-overview\/bunions\/#breadcrumb\",\"itemListElement\":[{\"@type\":\"ListItem\",\"position\":1,\"name\":\"Home\",\"item\":\"https:\/\/genesisortho.com\/\"},{\"@type\":\"ListItem\",\"position\":2,\"name\":\"Patient Education\",\"item\":\"https:\/\/genesisortho.com\/ar\/patient-education\/\"},{\"@type\":\"ListItem\",\"position\":3,\"name\":\"Foot and Ankle Overview\",\"item\":\"https:\/\/genesisortho.com\/ar\/patient-education\/foot-and-ankle-overview\/\"},{\"@type\":\"ListItem\",\"position\":4,\"name\":\"Bunions\"}]},{\"@type\":\"WebSite\",\"@id\":\"https:\/\/genesisortho.com\/#website\",\"url\":\"https:\/\/genesisortho.com\/\",\"name\":\"Genesis Orthopedics &amp; Sports Medicine\",\"description\":\"\",\"publisher\":{\"@id\":\"https:\/\/genesisortho.com\/#organization\"},\"potentialAction\":[{\"@type\":\"SearchAction\",\"target\":{\"@type\":\"EntryPoint\",\"urlTemplate\":\"https:\/\/genesisortho.com\/?s={search_term_string}\"},\"query-input\":{\"@type\":\"PropertyValueSpecification\",\"valueRequired\":true,\"valueName\":\"search_term_string\"}}],\"inLanguage\":\"pl-PL\"},{\"@type\":\"Organization\",\"@id\":\"https:\/\/genesisortho.com\/#organization\",\"name\":\"Orthopedics & Sports Medicine Treatment | Genesis Orthopedics & Sports Medicine\",\"url\":\"https:\/\/genesisortho.com\/\",\"logo\":{\"@type\":\"ImageObject\",\"inLanguage\":\"pl-PL\",\"@id\":\"https:\/\/genesisortho.com\/#\/schema\/logo\/image\/\",\"url\":\"https:\/\/genesisortho.com\/wp-content\/uploads\/2020\/03\/GO_logo_Transparent_PRINT.png\",\"contentUrl\":\"https:\/\/genesisortho.com\/wp-content\/uploads\/2020\/03\/GO_logo_Transparent_PRINT.png\",\"width\":4564,\"height\":1095,\"caption\":\"Orthopedics & Sports Medicine Treatment | Genesis Orthopedics & Sports Medicine\"},\"image\":{\"@id\":\"https:\/\/genesisortho.com\/#\/schema\/logo\/image\/\"},\"sameAs\":[\"https:\/\/www.facebook.com\/genesisorthosportsmed\/\",\"https:\/\/x.com\/GenesisOrtho\",\"https:\/\/www.instagram.com\/genesis_ortho\/\",\"https:\/\/www.linkedin.com\/company\/2302800\",\"https:\/\/www.youtube.com\/genesisortho\"]}]}<\/script>\n<!-- \/ Yoast SEO Premium plugin. -->","yoast_head_json":{"title":"Bunions Overview | Genesis Orthopedics & Sports Medicine","description":"Discover everything about bunions at Genesis Orthopedics. Explore causes, symptoms, and effective treatment options for pain relief and management.","robots":{"index":"index","follow":"follow","max-snippet":"max-snippet:-1","max-image-preview":"max-image-preview:large","max-video-preview":"max-video-preview:-1"},"canonical":"https:\/\/genesisortho.com\/pl\/patient-education\/foot-and-ankle-overview\/bunions\/","og_locale":"pl_PL","og_type":"article","og_title":"Bunions","og_description":"Discover everything about bunions at Genesis Orthopedics. Explore causes, symptoms, and effective treatment options for pain relief and management.","og_url":"https:\/\/genesisortho.com\/pl\/patient-education\/foot-and-ankle-overview\/bunions\/","og_site_name":"Genesis Orthopedics &amp; Sports Medicine","article_publisher":"https:\/\/www.facebook.com\/genesisorthosportsmed\/","article_modified_time":"2024-10-03T10:04:20+00:00","twitter_card":"summary_large_image","twitter_site":"@GenesisOrtho","twitter_misc":{"Szacowany czas czytania":"2 minuty"},"schema":{"@context":"https:\/\/schema.org","@graph":[{"@type":"WebPage","@id":"https:\/\/genesisortho.com\/patient-education\/foot-and-ankle-overview\/bunions\/","url":"https:\/\/genesisortho.com\/patient-education\/foot-and-ankle-overview\/bunions\/","name":"Bunions Overview | Genesis Orthopedics & Sports Medicine","isPartOf":{"@id":"https:\/\/genesisortho.com\/#website"},"datePublished":"2020-04-15T19:34:06+00:00","dateModified":"2024-10-03T10:04:20+00:00","description":"Discover everything about bunions at Genesis Orthopedics. Explore causes, symptoms, and effective treatment options for pain relief and management.","breadcrumb":{"@id":"https:\/\/genesisortho.com\/patient-education\/foot-and-ankle-overview\/bunions\/#breadcrumb"},"inLanguage":"pl-PL","potentialAction":[{"@type":"ReadAction","target":["https:\/\/genesisortho.com\/patient-education\/foot-and-ankle-overview\/bunions\/"]}]},{"@type":"BreadcrumbList","@id":"https:\/\/genesisortho.com\/patient-education\/foot-and-ankle-overview\/bunions\/#breadcrumb","itemListElement":[{"@type":"ListItem","position":1,"name":"Home","item":"https:\/\/genesisortho.com\/"},{"@type":"ListItem","position":2,"name":"Patient Education","item":"https:\/\/genesisortho.com\/ar\/patient-education\/"},{"@type":"ListItem","position":3,"name":"Foot and Ankle Overview","item":"https:\/\/genesisortho.com\/ar\/patient-education\/foot-and-ankle-overview\/"},{"@type":"ListItem","position":4,"name":"Bunions"}]},{"@type":"WebSite","@id":"https:\/\/genesisortho.com\/#website","url":"https:\/\/genesisortho.com\/","name":"Genesis Ortopedia i medycyna sportowa","description":"","publisher":{"@id":"https:\/\/genesisortho.com\/#organization"},"potentialAction":[{"@type":"SearchAction","target":{"@type":"EntryPoint","urlTemplate":"https:\/\/genesisortho.com\/?s={search_term_string}"},"query-input":{"@type":"PropertyValueSpecification","valueRequired":true,"valueName":"search_term_string"}}],"inLanguage":"pl-PL"},{"@type":"Organization","@id":"https:\/\/genesisortho.com\/#organization","name":"Orthopedics & Sports Medicine Treatment | Genesis Orthopedics & Sports Medicine","url":"https:\/\/genesisortho.com\/","logo":{"@type":"ImageObject","inLanguage":"pl-PL","@id":"https:\/\/genesisortho.com\/#\/schema\/logo\/image\/","url":"https:\/\/genesisortho.com\/wp-content\/uploads\/2020\/03\/GO_logo_Transparent_PRINT.png","contentUrl":"https:\/\/genesisortho.com\/wp-content\/uploads\/2020\/03\/GO_logo_Transparent_PRINT.png","width":4564,"height":1095,"caption":"Orthopedics & Sports Medicine Treatment | Genesis Orthopedics & Sports Medicine"},"image":{"@id":"https:\/\/genesisortho.com\/#\/schema\/logo\/image\/"},"sameAs":["https:\/\/www.facebook.com\/genesisorthosportsmed\/","https:\/\/x.com\/GenesisOrtho","https:\/\/www.instagram.com\/genesis_ortho\/","https:\/\/www.linkedin.com\/company\/2302800","https:\/\/www.youtube.com\/genesisortho"]}]}},"jetpack_sharing_enabled":true,"_links":{"self":[{"href":"https:\/\/genesisortho.com\/pl\/wp-json\/wp\/v2\/pages\/927","targetHints":{"allow":["GET"]}}],"collection":[{"href":"https:\/\/genesisortho.com\/pl\/wp-json\/wp\/v2\/pages"}],"about":[{"href":"https:\/\/genesisortho.com\/pl\/wp-json\/wp\/v2\/types\/page"}],"author":[{"embeddable":true,"href":"https:\/\/genesisortho.com\/pl\/wp-json\/wp\/v2\/users\/2"}],"replies":[{"embeddable":true,"href":"https:\/\/genesisortho.com\/pl\/wp-json\/wp\/v2\/comments?post=927"}],"version-history":[{"count":0,"href":"https:\/\/genesisortho.com\/pl\/wp-json\/wp\/v2\/pages\/927\/revisions"}],"up":[{"embeddable":true,"href":"https:\/\/genesisortho.com\/pl\/wp-json\/wp\/v2\/pages\/1080"}],"wp:attachment":[{"href":"https:\/\/genesisortho.com\/pl\/wp-json\/wp\/v2\/media?parent=927"}],"curies":[{"name":"wp","href":"https:\/\/api.w.org\/{rel}","templated":true}]}}