{"id":796,"date":"2020-04-15T00:31:27","date_gmt":"2020-04-15T00:31:27","guid":{"rendered":"https:\/\/genesisortho.wpengine.com\/?page_id=796"},"modified":"2024-10-03T10:17:41","modified_gmt":"2024-10-03T10:17:41","slug":"tendonitis","status":"publish","type":"page","link":"https:\/\/genesisortho.com\/pl\/patient-education\/knee-overview\/tendonitis\/","title":{"rendered":"Zapalenie \u015bci\u0119gna rzepki"},"content":{"rendered":"<div data-elementor-type=\"wp-page\" data-elementor-id=\"796\" class=\"elementor elementor-796\" data-elementor-post-type=\"page\">\n\t\t\t\t\t\t<section class=\"elementor-section elementor-top-section elementor-element elementor-element-ff55669 elementor-section-boxed elementor-section-height-default elementor-section-height-default\" data-id=\"ff55669\" data-element_type=\"section\" data-e-type=\"section\" data-settings=\"{&quot;background_background&quot;:&quot;classic&quot;}\">\n\t\t\t\t\t\t\t<div class=\"elementor-background-overlay\"><\/div>\n\t\t\t\t\t\t\t<div class=\"elementor-container elementor-column-gap-default\">\n\t\t\t\t\t<div class=\"elementor-column elementor-col-100 elementor-top-column elementor-element elementor-element-296fb7a1\" data-id=\"296fb7a1\" data-element_type=\"column\" data-e-type=\"column\">\n\t\t\t<div class=\"elementor-widget-wrap elementor-element-populated\">\n\t\t\t\t\t\t<div class=\"elementor-element elementor-element-6a9cfb49 elementor-widget elementor-widget-heading\" data-id=\"6a9cfb49\" data-element_type=\"widget\" data-e-type=\"widget\" data-widget_type=\"heading.default\">\n\t\t\t\t<div class=\"elementor-widget-container\">\n\t\t\t\t\t<h1 class=\"elementor-heading-title elementor-size-default\">Zapalenie \u015bci\u0119gna rzepki<\/h1>\t\t\t\t<\/div>\n\t\t\t\t<\/div>\n\t\t\t\t\t<\/div>\n\t\t<\/div>\n\t\t\t\t\t<\/div>\n\t\t<\/section>\n\t\t\t\t<section class=\"elementor-section elementor-top-section elementor-element elementor-element-4cd8f54d body-part-content elementor-section-boxed elementor-section-height-default elementor-section-height-default\" data-id=\"4cd8f54d\" data-element_type=\"section\" data-e-type=\"section\" data-settings=\"{&quot;background_background&quot;:&quot;classic&quot;}\">\n\t\t\t\t\t\t<div class=\"elementor-container elementor-column-gap-default\">\n\t\t\t\t\t<div class=\"elementor-column elementor-col-50 elementor-top-column elementor-element elementor-element-284c9e4e\" data-id=\"284c9e4e\" data-element_type=\"column\" data-e-type=\"column\">\n\t\t\t<div class=\"elementor-widget-wrap elementor-element-populated\">\n\t\t\t\t\t\t<div class=\"elementor-element elementor-element-12fac468 elementor-widget elementor-widget-heading\" data-id=\"12fac468\" data-element_type=\"widget\" data-e-type=\"widget\" data-widget_type=\"heading.default\">\n\t\t\t\t<div class=\"elementor-widget-container\">\n\t\t\t\t\t<h4 class=\"elementor-heading-title elementor-size-default\">Zapalenie \u015bci\u0119gna rzepki<\/h4>\t\t\t\t<\/div>\n\t\t\t\t<\/div>\n\t\t\t\t<div class=\"elementor-element elementor-element-48bcb567 elementor-widget elementor-widget-text-editor\" data-id=\"48bcb567\" data-element_type=\"widget\" data-e-type=\"widget\" data-widget_type=\"text-editor.default\">\n\t\t\t\t<div class=\"elementor-widget-container\">\n\t\t\t\t\t\t\t\t\t<h4>Diagnoza:<\/h4><p><img fetchpriority=\"high\" decoding=\"async\" data-recalc-dims=\"1\" class=\"size-full wp-image-798 alignright\" src=\"https:\/\/i0.wp.com\/genesisortho.com\/wp-content\/uploads\/2020\/04\/A00350F01.jpg?resize=250%2C247&#038;ssl=1\" alt=\"\" width=\"250\" height=\"247\" \/><\/p><p>Zapalenie \u015bci\u0119gna kolana, znane r\u00f3wnie\u017c jako zapalenie \u015bci\u0119gna rzepki, jest powszechne w\u015br\u00f3d sportowc\u00f3w, kt\u00f3rzy cz\u0119sto skacz\u0105, takich jak koszykarze i siatkarze. Zapalenie \u015bci\u0119gna rzepki wynika z nadu\u017cywania, gdy \u015bci\u0119gno rzepki staje si\u0119 podra\u017cnione i zaognione.<\/p>\t\t\t\t\t\t\t\t<\/div>\n\t\t\t\t<\/div>\n\t\t\t\t<div class=\"elementor-element elementor-element-46ad0365 elementor-widget elementor-widget-text-editor\" data-id=\"46ad0365\" data-element_type=\"widget\" data-e-type=\"widget\" data-widget_type=\"text-editor.default\">\n\t\t\t\t<div class=\"elementor-widget-container\">\n\t\t\t\t\t\t\t\t\t<h4><b>Mo\u017cliwo\u015bci leczenia:<\/b><\/h4><p><strong>Orze\u017awiaj\u0105cy<\/strong><\/p><p>Pasy \u015bci\u0119gien rzepki mog\u0105 s\u0142u\u017cy\u0107 do stabilizacji kolana i umo\u017cliwienia wygodnego ruchu.<\/p><p><strong>Fizykoterapia<\/strong><\/p><p>Fizjoterapia jest podstawow\u0105 opcj\u0105 leczenia os\u00f3b cierpi\u0105cych na zapalenie \u015bci\u0119gien, maj\u0105c\u0105 na celu wzmocnienie mi\u0119\u015bni czworog\u0142owych. Rozpoczynaj\u0105c od lekkiego rozci\u0105gania, proces terapii b\u0119dzie stopniowo obejmowa\u0142 wag\u0119, gdy pacjent b\u0119dzie gotowy, ostatecznie przywracaj\u0105c pe\u0142n\u0105 si\u0142\u0119 mi\u0119\u015bni.<\/p><p><strong>Operacja<\/strong><\/p><p>Istnieje kilka opcji chirurgicznych w przypadku uporczywych przypadk\u00f3w, kt\u00f3re nie daj\u0105 odpowiedzi na leczenie zachowawcze. Jest to oceniane indywidualnie.<\/p>\t\t\t\t\t\t\t\t<\/div>\n\t\t\t\t<\/div>\n\t\t\t\t\t<\/div>\n\t\t<\/div>\n\t\t\t\t<div class=\"elementor-column elementor-col-50 elementor-top-column elementor-element elementor-element-efdd877 body-part-sidebar\" data-id=\"efdd877\" data-element_type=\"column\" data-e-type=\"column\" data-settings=\"{&quot;background_background&quot;:&quot;classic&quot;}\">\n\t\t\t<div class=\"elementor-widget-wrap elementor-element-populated\">\n\t\t\t\t\t\t<div class=\"elementor-element elementor-element-d198d25 elementor-widget elementor-widget-heading\" data-id=\"d198d25\" data-element_type=\"widget\" data-e-type=\"widget\" data-widget_type=\"heading.default\">\n\t\t\t\t<div class=\"elementor-widget-container\">\n\t\t\t\t\t<h2 class=\"elementor-heading-title elementor-size-default\">Popro\u015b o spotkanie<\/h2>\t\t\t\t<\/div>\n\t\t\t\t<\/div>\n\t\t\t\t<div class=\"elementor-element elementor-element-7e6bd68 elementor-widget elementor-widget-text-editor\" data-id=\"7e6bd68\" data-element_type=\"widget\" data-e-type=\"widget\" data-widget_type=\"text-editor.default\">\n\t\t\t\t<div class=\"elementor-widget-container\">\n\t\t\t\t\t\t\t\t\t<strong>Wizyty w gabinecie lub telemedycyna dost\u0119pna na ca\u0142ym \u015bwiecie<\/strong>\t\t\t\t\t\t\t\t<\/div>\n\t\t\t\t<\/div>\n\t\t\t\t<div class=\"elementor-element elementor-element-515f89f elementor-widget elementor-widget-shortcode\" data-id=\"515f89f\" data-element_type=\"widget\" data-e-type=\"widget\" data-widget_type=\"shortcode.default\">\n\t\t\t\t<div class=\"elementor-widget-container\">\n\t\t\t\t\t\t\t<div class=\"elementor-shortcode\">\n<div class=\"wpcf7 no-js\" id=\"wpcf7-f681-o1\" lang=\"en-US\" dir=\"ltr\" data-wpcf7-id=\"681\">\n<div class=\"screen-reader-response\"><p role=\"status\" aria-live=\"polite\" aria-atomic=\"true\"><\/p> <ul><\/ul><\/div>\n<form action=\"\/pl\/wp-json\/wp\/v2\/pages\/796#wpcf7-f681-o1\" method=\"post\" class=\"wpcf7-form init\" aria-label=\"Contact form\" novalidate=\"novalidate\" data-status=\"init\" data-trp-original-action=\"\/pl\/wp-json\/wp\/v2\/pages\/796#wpcf7-f681-o1\">\n<fieldset class=\"hidden-fields-container\"><input type=\"hidden\" name=\"_wpcf7\" value=\"681\" \/><input type=\"hidden\" name=\"_wpcf7_version\" value=\"6.1.5\" \/><input type=\"hidden\" name=\"_wpcf7_locale\" value=\"en_US\" \/><input type=\"hidden\" name=\"_wpcf7_unit_tag\" value=\"wpcf7-f681-o1\" \/><input type=\"hidden\" name=\"_wpcf7_container_post\" value=\"0\" \/><input type=\"hidden\" name=\"_wpcf7_posted_data_hash\" value=\"\" \/><input type=\"hidden\" name=\"_wpcf7_recaptcha_response\" value=\"\" \/>\n<\/fieldset>\n<div class=\"form_div_row\">\n\t<div class=\"form_div_100\">\n\t\t<p><span class=\"wpcf7-form-control-wrap\" data-name=\"your-name\"><input size=\"40\" maxlength=\"400\" class=\"wpcf7-form-control wpcf7-text wpcf7-validates-as-required\" aria-required=\"true\" aria-invalid=\"false\" placeholder=\"Twoje Imi\u0119 (wymagane)\" value=\"\" type=\"text\" name=\"your-name\" \/><\/span>\n\t\t<\/p>\n\t<\/div>\n<\/div>\n<div class=\"form_div_row\">\n\t<div class=\"form_div_100\">\n\t\t<p><span class=\"wpcf7-form-control-wrap\" data-name=\"your-email\"><input size=\"40\" maxlength=\"400\" class=\"wpcf7-form-control wpcf7-email wpcf7-validates-as-required wpcf7-text wpcf7-validates-as-email\" aria-required=\"true\" aria-invalid=\"false\" placeholder=\"Tw\u00f3j Email (wymagane)\" value=\"\" type=\"email\" name=\"your-email\" \/><\/span>\n\t\t<\/p>\n\t<\/div>\n<\/div>\n<div class=\"form_div_row\">\n\t<div class=\"form_div_100\">\n\t\t<p><span class=\"wpcf7-form-control-wrap\" data-name=\"your-phone\"><input size=\"40\" maxlength=\"400\" class=\"wpcf7-form-control wpcf7-text\" aria-invalid=\"false\" placeholder=\"Telefon\" value=\"\" type=\"text\" name=\"your-phone\" \/><\/span>\n\t\t<\/p>\n\t<\/div>\n<\/div>\n<div class=\"form_div_row\">\n\t<div class=\"form_div_100\">\n\t\t<p><label> Czy jeste\u015b nowym pacjentem?<\/label><br \/>\n<span class=\"wpcf7-form-control-wrap\" data-name=\"Areyouanewpatient\"><span class=\"wpcf7-form-control wpcf7-radio\"><span class=\"wpcf7-list-item first\"><input type=\"radio\" name=\"Areyouanewpatient\" value=\"Yes\" checked=\"checked\" \/><span class=\"wpcf7-list-item-label\">tak<\/span><\/span><span class=\"wpcf7-list-item last\"><input type=\"radio\" name=\"Areyouanewpatient\" value=\"No\" \/><span class=\"wpcf7-list-item-label\">Nie<\/span><\/span><\/span><\/span>\n\t\t<\/p>\n\t<\/div>\n<\/div>\n<div class=\"form_div_row\">\n\t<div class=\"form_div_100\">\n\t\t<p><label>Czy interesujesz si\u0119:<\/label><br \/>\n<span class=\"wpcf7-form-control-wrap\" data-name=\"Areyouinterested\"><span class=\"wpcf7-form-control wpcf7-radio\"><span class=\"wpcf7-list-item first\"><input type=\"radio\" name=\"Areyouinterested\" value=\"telemedicine\" checked=\"checked\" \/><span class=\"wpcf7-list-item-label\">telemedycyna<\/span><\/span><span class=\"wpcf7-list-item last\"><input type=\"radio\" name=\"Areyouinterested\" value=\"in-office visit\" \/><span class=\"wpcf7-list-item-label\">wizyta w biurze<\/span><\/span><\/span><\/span>\n\t\t<\/p>\n\t<\/div>\n<\/div>\n<div class=\"form_div_row\">\n\t<div class=\"form_div_100\">\n\t\t<p><input class=\"wpcf7-form-control wpcf7-submit has-spinner\" type=\"submit\" value=\"Wys\u0142a\u0107\" \/>\n\t\t<\/p>\n\t<\/div>\n<\/div><div class=\"wpcf7-response-output\" aria-hidden=\"true\"><\/div>\n<input type=\"hidden\" name=\"trp-form-language\" value=\"pl\"\/><\/form>\n<\/div>\n<\/div>\n\t\t\t\t\t\t<\/div>\n\t\t\t\t<\/div>\n\t\t\t\t<div class=\"elementor-element elementor-element-9c21436 elementor-widget-divider--view-line elementor-widget elementor-widget-divider\" data-id=\"9c21436\" data-element_type=\"widget\" data-e-type=\"widget\" data-widget_type=\"divider.default\">\n\t\t\t\t<div class=\"elementor-widget-container\">\n\t\t\t\t\t\t\t<div class=\"elementor-divider\">\n\t\t\t<span class=\"elementor-divider-separator\">\n\t\t\t\t\t\t<\/span>\n\t\t<\/div>\n\t\t\t\t\t\t<\/div>\n\t\t\t\t<\/div>\n\t\t\t\t<div class=\"elementor-element elementor-element-33d055f icon-circle-item neck elementor-widget elementor-widget-heading\" data-id=\"33d055f\" data-element_type=\"widget\" data-e-type=\"widget\" data-widget_type=\"heading.default\">\n\t\t\t\t<div class=\"elementor-widget-container\">\n\t\t\t\t\t<h6 class=\"elementor-heading-title elementor-size-default\"><a href=\"https:\/\/genesisortho.com\/pl\/patient-education\/neck-overview\/\">Neck &amp; Back\n            <\/a><\/h6>\t\t\t\t<\/div>\n\t\t\t\t<\/div>\n\t\t\t\t<div class=\"elementor-element elementor-element-964b627 icon-circle-item shoulder elementor-widget elementor-widget-heading\" data-id=\"964b627\" data-element_type=\"widget\" data-e-type=\"widget\" data-widget_type=\"heading.default\">\n\t\t\t\t<div class=\"elementor-widget-container\">\n\t\t\t\t\t<h6 class=\"elementor-heading-title elementor-size-default\"><a href=\"https:\/\/genesisortho.com\/pl\/patient-education\/shoulder-overview\/\">rami\u0119<\/a><\/h6>\t\t\t\t<\/div>\n\t\t\t\t<\/div>\n\t\t\t\t<div class=\"elementor-element elementor-element-81808a4 icon-circle-item hand elementor-widget elementor-widget-heading\" data-id=\"81808a4\" data-element_type=\"widget\" data-e-type=\"widget\" data-widget_type=\"heading.default\">\n\t\t\t\t<div class=\"elementor-widget-container\">\n\t\t\t\t\t<h6 class=\"elementor-heading-title elementor-size-default\"><a href=\"https:\/\/genesisortho.com\/pl\/patient-education\/hand-and-wrist-overview\/\">Hand &amp; Arm\n            \n            <\/a><\/h6>\t\t\t\t<\/div>\n\t\t\t\t<\/div>\n\t\t\t\t<div class=\"elementor-element elementor-element-8f5d813 icon-circle-item knee elementor-widget elementor-widget-heading\" data-id=\"8f5d813\" data-element_type=\"widget\" data-e-type=\"widget\" data-widget_type=\"heading.default\">\n\t\t\t\t<div class=\"elementor-widget-container\">\n\t\t\t\t\t<h6 class=\"elementor-heading-title elementor-size-default\"><a href=\"https:\/\/genesisortho.com\/pl\/patient-education\/knee-overview\/\">Kolano\n            <\/a><\/h6>\t\t\t\t<\/div>\n\t\t\t\t<\/div>\n\t\t\t\t<div class=\"elementor-element elementor-element-7e46bce icon-circle-item foot elementor-widget elementor-widget-heading\" data-id=\"7e46bce\" data-element_type=\"widget\" data-e-type=\"widget\" data-widget_type=\"heading.default\">\n\t\t\t\t<div class=\"elementor-widget-container\">\n\t\t\t\t\t<h6 class=\"elementor-heading-title elementor-size-default\"><a href=\"https:\/\/genesisortho.com\/pl\/patient-education\/foot-and-ankle-overview\/\">Foot &amp; Ankle\n            <\/a><\/h6>\t\t\t\t<\/div>\n\t\t\t\t<\/div>\n\t\t\t\t<div class=\"elementor-element elementor-element-d648d04 icon-circle-item hip elementor-widget elementor-widget-heading\" data-id=\"d648d04\" data-element_type=\"widget\" data-e-type=\"widget\" data-widget_type=\"heading.default\">\n\t\t\t\t<div class=\"elementor-widget-container\">\n\t\t\t\t\t<h6 class=\"elementor-heading-title elementor-size-default\"><a href=\"https:\/\/genesisortho.com\/pl\/patient-education\/hip-overview\/\">Cze\u015b\u0107 p\n            <\/a><\/h6>\t\t\t\t<\/div>\n\t\t\t\t<\/div>\n\t\t\t\t\t<\/div>\n\t\t<\/div>\n\t\t\t\t\t<\/div>\n\t\t<\/section>\n\t\t\t\t<\/div>","protected":false},"excerpt":{"rendered":"<p>Patellar Tendonitis Patellar Tendonitis Diagnosis: Tendonitis of the knee, also known as patellar tendonitis, is common among athletes who jump frequently, such as basketball and volleyball players. Patellar tendonitis stems from overuse, with the patellar tendon becoming irritated and inflamed. Treatment Options: Bracing Patellar tendon straps may be used to stabilize the knee and allow [&hellip;]<\/p>\n","protected":false},"author":2,"featured_media":0,"parent":1056,"menu_order":0,"comment_status":"closed","ping_status":"closed","template":"elementor_header_footer","meta":{"_acf_changed":false,"_monsterinsights_skip_tracking":false,"_monsterinsights_sitenote_active":false,"_monsterinsights_sitenote_note":"","_monsterinsights_sitenote_category":0,"footnotes":""},"class_list":["post-796","page","type-page","status-publish","hentry"],"acf":[],"yoast_head":"<!-- This site is optimized with the Yoast SEO Premium plugin v27.0 (Yoast SEO v27.0) - https:\/\/yoast.com\/product\/yoast-seo-premium-wordpress\/ -->\n<title>Patellar Tendonitis | Symptoms and Treatment Options |<\/title>\n<meta name=\"description\" content=\"Explore patellar tendonitis at Genesis. Learn about symptoms, causes, and effective treatment options to relieve knee pain and enhance function.\" \/>\n<meta name=\"robots\" content=\"index, follow, max-snippet:-1, max-image-preview:large, max-video-preview:-1\" \/>\n<link rel=\"canonical\" href=\"https:\/\/genesisortho.com\/pl\/patient-education\/knee-overview\/tendonitis\/\" \/>\n<meta property=\"og:locale\" content=\"pl_PL\" \/>\n<meta property=\"og:type\" content=\"article\" \/>\n<meta property=\"og:title\" content=\"Patellar Tendonitis\" \/>\n<meta property=\"og:description\" content=\"Explore patellar tendonitis at Genesis. Learn about symptoms, causes, and effective treatment options to relieve knee pain and enhance function.\" \/>\n<meta property=\"og:url\" content=\"https:\/\/genesisortho.com\/pl\/patient-education\/knee-overview\/tendonitis\/\" \/>\n<meta property=\"og:site_name\" content=\"Genesis Orthopedics &amp; Sports Medicine\" \/>\n<meta property=\"article:publisher\" content=\"https:\/\/www.facebook.com\/genesisorthosportsmed\/\" \/>\n<meta property=\"article:modified_time\" content=\"2024-10-03T10:17:41+00:00\" \/>\n<meta property=\"og:image\" content=\"https:\/\/genesisortho.com\/wp-content\/uploads\/2020\/04\/A00350F01.jpg\" \/>\n<meta name=\"twitter:card\" content=\"summary_large_image\" \/>\n<meta name=\"twitter:site\" content=\"@GenesisOrtho\" \/>\n<meta name=\"twitter:label1\" content=\"Szacowany czas czytania\" \/>\n\t<meta name=\"twitter:data1\" content=\"1 minuta\" \/>\n<script type=\"application\/ld+json\" class=\"yoast-schema-graph\">{\"@context\":\"https:\/\/schema.org\",\"@graph\":[{\"@type\":\"WebPage\",\"@id\":\"https:\/\/genesisortho.com\/patient-education\/knee-overview\/tendonitis\/\",\"url\":\"https:\/\/genesisortho.com\/patient-education\/knee-overview\/tendonitis\/\",\"name\":\"Patellar Tendonitis | Symptoms and Treatment Options |\",\"isPartOf\":{\"@id\":\"https:\/\/genesisortho.com\/#website\"},\"primaryImageOfPage\":{\"@id\":\"https:\/\/genesisortho.com\/patient-education\/knee-overview\/tendonitis\/#primaryimage\"},\"image\":{\"@id\":\"https:\/\/genesisortho.com\/patient-education\/knee-overview\/tendonitis\/#primaryimage\"},\"thumbnailUrl\":\"https:\/\/genesisortho.com\/wp-content\/uploads\/2020\/04\/A00350F01.jpg\",\"datePublished\":\"2020-04-15T00:31:27+00:00\",\"dateModified\":\"2024-10-03T10:17:41+00:00\",\"description\":\"Explore patellar tendonitis at Genesis. Learn about symptoms, causes, and effective treatment options to relieve knee pain and enhance function.\",\"breadcrumb\":{\"@id\":\"https:\/\/genesisortho.com\/patient-education\/knee-overview\/tendonitis\/#breadcrumb\"},\"inLanguage\":\"pl-PL\",\"potentialAction\":[{\"@type\":\"ReadAction\",\"target\":[\"https:\/\/genesisortho.com\/patient-education\/knee-overview\/tendonitis\/\"]}]},{\"@type\":\"ImageObject\",\"inLanguage\":\"pl-PL\",\"@id\":\"https:\/\/genesisortho.com\/patient-education\/knee-overview\/tendonitis\/#primaryimage\",\"url\":\"https:\/\/genesisortho.com\/wp-content\/uploads\/2020\/04\/A00350F01.jpg\",\"contentUrl\":\"https:\/\/genesisortho.com\/wp-content\/uploads\/2020\/04\/A00350F01.jpg\"},{\"@type\":\"BreadcrumbList\",\"@id\":\"https:\/\/genesisortho.com\/patient-education\/knee-overview\/tendonitis\/#breadcrumb\",\"itemListElement\":[{\"@type\":\"ListItem\",\"position\":1,\"name\":\"Home\",\"item\":\"https:\/\/genesisortho.com\/\"},{\"@type\":\"ListItem\",\"position\":2,\"name\":\"Patient Education\",\"item\":\"https:\/\/genesisortho.com\/ar\/patient-education\/\"},{\"@type\":\"ListItem\",\"position\":3,\"name\":\"Knee Overview\",\"item\":\"https:\/\/genesisortho.com\/ar\/patient-education\/knee-overview\/\"},{\"@type\":\"ListItem\",\"position\":4,\"name\":\"Patellar Tendonitis\"}]},{\"@type\":\"WebSite\",\"@id\":\"https:\/\/genesisortho.com\/#website\",\"url\":\"https:\/\/genesisortho.com\/\",\"name\":\"Genesis Orthopedics &amp; Sports Medicine\",\"description\":\"\",\"publisher\":{\"@id\":\"https:\/\/genesisortho.com\/#organization\"},\"potentialAction\":[{\"@type\":\"SearchAction\",\"target\":{\"@type\":\"EntryPoint\",\"urlTemplate\":\"https:\/\/genesisortho.com\/?s={search_term_string}\"},\"query-input\":{\"@type\":\"PropertyValueSpecification\",\"valueRequired\":true,\"valueName\":\"search_term_string\"}}],\"inLanguage\":\"pl-PL\"},{\"@type\":\"Organization\",\"@id\":\"https:\/\/genesisortho.com\/#organization\",\"name\":\"Orthopedics & Sports Medicine Treatment | Genesis Orthopedics & Sports Medicine\",\"url\":\"https:\/\/genesisortho.com\/\",\"logo\":{\"@type\":\"ImageObject\",\"inLanguage\":\"pl-PL\",\"@id\":\"https:\/\/genesisortho.com\/#\/schema\/logo\/image\/\",\"url\":\"https:\/\/genesisortho.com\/wp-content\/uploads\/2020\/03\/GO_logo_Transparent_PRINT.png\",\"contentUrl\":\"https:\/\/genesisortho.com\/wp-content\/uploads\/2020\/03\/GO_logo_Transparent_PRINT.png\",\"width\":4564,\"height\":1095,\"caption\":\"Orthopedics & Sports Medicine Treatment | Genesis Orthopedics & Sports Medicine\"},\"image\":{\"@id\":\"https:\/\/genesisortho.com\/#\/schema\/logo\/image\/\"},\"sameAs\":[\"https:\/\/www.facebook.com\/genesisorthosportsmed\/\",\"https:\/\/x.com\/GenesisOrtho\",\"https:\/\/www.instagram.com\/genesis_ortho\/\",\"https:\/\/www.linkedin.com\/company\/2302800\",\"https:\/\/www.youtube.com\/genesisortho\"]}]}<\/script>\n<!-- \/ Yoast SEO Premium plugin. -->","yoast_head_json":{"title":"Patellar Tendonitis | Symptoms and Treatment Options |","description":"Explore patellar tendonitis at Genesis. Learn about symptoms, causes, and effective treatment options to relieve knee pain and enhance function.","robots":{"index":"index","follow":"follow","max-snippet":"max-snippet:-1","max-image-preview":"max-image-preview:large","max-video-preview":"max-video-preview:-1"},"canonical":"https:\/\/genesisortho.com\/pl\/patient-education\/knee-overview\/tendonitis\/","og_locale":"pl_PL","og_type":"article","og_title":"Patellar Tendonitis","og_description":"Explore patellar tendonitis at Genesis. Learn about symptoms, causes, and effective treatment options to relieve knee pain and enhance function.","og_url":"https:\/\/genesisortho.com\/pl\/patient-education\/knee-overview\/tendonitis\/","og_site_name":"Genesis Orthopedics &amp; Sports Medicine","article_publisher":"https:\/\/www.facebook.com\/genesisorthosportsmed\/","article_modified_time":"2024-10-03T10:17:41+00:00","og_image":[{"url":"https:\/\/genesisortho.com\/wp-content\/uploads\/2020\/04\/A00350F01.jpg","type":"","width":"","height":""}],"twitter_card":"summary_large_image","twitter_site":"@GenesisOrtho","twitter_misc":{"Szacowany czas czytania":"1 minuta"},"schema":{"@context":"https:\/\/schema.org","@graph":[{"@type":"WebPage","@id":"https:\/\/genesisortho.com\/patient-education\/knee-overview\/tendonitis\/","url":"https:\/\/genesisortho.com\/patient-education\/knee-overview\/tendonitis\/","name":"Patellar Tendonitis | Symptoms and Treatment Options |","isPartOf":{"@id":"https:\/\/genesisortho.com\/#website"},"primaryImageOfPage":{"@id":"https:\/\/genesisortho.com\/patient-education\/knee-overview\/tendonitis\/#primaryimage"},"image":{"@id":"https:\/\/genesisortho.com\/patient-education\/knee-overview\/tendonitis\/#primaryimage"},"thumbnailUrl":"https:\/\/genesisortho.com\/wp-content\/uploads\/2020\/04\/A00350F01.jpg","datePublished":"2020-04-15T00:31:27+00:00","dateModified":"2024-10-03T10:17:41+00:00","description":"Explore patellar tendonitis at Genesis. Learn about symptoms, causes, and effective treatment options to relieve knee pain and enhance function.","breadcrumb":{"@id":"https:\/\/genesisortho.com\/patient-education\/knee-overview\/tendonitis\/#breadcrumb"},"inLanguage":"pl-PL","potentialAction":[{"@type":"ReadAction","target":["https:\/\/genesisortho.com\/patient-education\/knee-overview\/tendonitis\/"]}]},{"@type":"ImageObject","inLanguage":"pl-PL","@id":"https:\/\/genesisortho.com\/patient-education\/knee-overview\/tendonitis\/#primaryimage","url":"https:\/\/genesisortho.com\/wp-content\/uploads\/2020\/04\/A00350F01.jpg","contentUrl":"https:\/\/genesisortho.com\/wp-content\/uploads\/2020\/04\/A00350F01.jpg"},{"@type":"BreadcrumbList","@id":"https:\/\/genesisortho.com\/patient-education\/knee-overview\/tendonitis\/#breadcrumb","itemListElement":[{"@type":"ListItem","position":1,"name":"Home","item":"https:\/\/genesisortho.com\/"},{"@type":"ListItem","position":2,"name":"Patient Education","item":"https:\/\/genesisortho.com\/ar\/patient-education\/"},{"@type":"ListItem","position":3,"name":"Knee Overview","item":"https:\/\/genesisortho.com\/ar\/patient-education\/knee-overview\/"},{"@type":"ListItem","position":4,"name":"Patellar Tendonitis"}]},{"@type":"WebSite","@id":"https:\/\/genesisortho.com\/#website","url":"https:\/\/genesisortho.com\/","name":"Genesis Ortopedia i medycyna sportowa","description":"","publisher":{"@id":"https:\/\/genesisortho.com\/#organization"},"potentialAction":[{"@type":"SearchAction","target":{"@type":"EntryPoint","urlTemplate":"https:\/\/genesisortho.com\/?s={search_term_string}"},"query-input":{"@type":"PropertyValueSpecification","valueRequired":true,"valueName":"search_term_string"}}],"inLanguage":"pl-PL"},{"@type":"Organization","@id":"https:\/\/genesisortho.com\/#organization","name":"Orthopedics & Sports Medicine Treatment | Genesis Orthopedics & Sports Medicine","url":"https:\/\/genesisortho.com\/","logo":{"@type":"ImageObject","inLanguage":"pl-PL","@id":"https:\/\/genesisortho.com\/#\/schema\/logo\/image\/","url":"https:\/\/genesisortho.com\/wp-content\/uploads\/2020\/03\/GO_logo_Transparent_PRINT.png","contentUrl":"https:\/\/genesisortho.com\/wp-content\/uploads\/2020\/03\/GO_logo_Transparent_PRINT.png","width":4564,"height":1095,"caption":"Orthopedics & Sports Medicine Treatment | Genesis Orthopedics & Sports Medicine"},"image":{"@id":"https:\/\/genesisortho.com\/#\/schema\/logo\/image\/"},"sameAs":["https:\/\/www.facebook.com\/genesisorthosportsmed\/","https:\/\/x.com\/GenesisOrtho","https:\/\/www.instagram.com\/genesis_ortho\/","https:\/\/www.linkedin.com\/company\/2302800","https:\/\/www.youtube.com\/genesisortho"]}]}},"jetpack_sharing_enabled":true,"_links":{"self":[{"href":"https:\/\/genesisortho.com\/pl\/wp-json\/wp\/v2\/pages\/796","targetHints":{"allow":["GET"]}}],"collection":[{"href":"https:\/\/genesisortho.com\/pl\/wp-json\/wp\/v2\/pages"}],"about":[{"href":"https:\/\/genesisortho.com\/pl\/wp-json\/wp\/v2\/types\/page"}],"author":[{"embeddable":true,"href":"https:\/\/genesisortho.com\/pl\/wp-json\/wp\/v2\/users\/2"}],"replies":[{"embeddable":true,"href":"https:\/\/genesisortho.com\/pl\/wp-json\/wp\/v2\/comments?post=796"}],"version-history":[{"count":0,"href":"https:\/\/genesisortho.com\/pl\/wp-json\/wp\/v2\/pages\/796\/revisions"}],"up":[{"embeddable":true,"href":"https:\/\/genesisortho.com\/pl\/wp-json\/wp\/v2\/pages\/1056"}],"wp:attachment":[{"href":"https:\/\/genesisortho.com\/pl\/wp-json\/wp\/v2\/media?parent=796"}],"curies":[{"name":"wp","href":"https:\/\/api.w.org\/{rel}","templated":true}]}}