{"id":718,"date":"2020-04-14T20:21:22","date_gmt":"2020-04-14T20:21:22","guid":{"rendered":"https:\/\/genesisortho.wpengine.com\/?page_id=718"},"modified":"2024-10-03T10:29:19","modified_gmt":"2024-10-03T10:29:19","slug":"biceps-tendon-tear","status":"publish","type":"page","link":"https:\/\/genesisortho.com\/pl\/patient-education\/shoulder-overview\/biceps-tendon-tear\/","title":{"rendered":"Zerwanie \u015bci\u0119gna bicepsa"},"content":{"rendered":"<div data-elementor-type=\"wp-page\" data-elementor-id=\"718\" class=\"elementor elementor-718\" data-elementor-post-type=\"page\">\n\t\t\t\t\t\t<section class=\"elementor-section elementor-top-section elementor-element elementor-element-1781de43 elementor-section-boxed elementor-section-height-default elementor-section-height-default\" data-id=\"1781de43\" data-element_type=\"section\" data-e-type=\"section\" data-settings=\"{&quot;background_background&quot;:&quot;classic&quot;}\">\n\t\t\t\t\t\t\t<div class=\"elementor-background-overlay\"><\/div>\n\t\t\t\t\t\t\t<div class=\"elementor-container elementor-column-gap-default\">\n\t\t\t\t\t<div class=\"elementor-column elementor-col-100 elementor-top-column elementor-element elementor-element-4ba65d16\" data-id=\"4ba65d16\" data-element_type=\"column\" data-e-type=\"column\">\n\t\t\t<div class=\"elementor-widget-wrap elementor-element-populated\">\n\t\t\t\t\t\t<div class=\"elementor-element elementor-element-147e21ed elementor-widget elementor-widget-heading\" data-id=\"147e21ed\" data-element_type=\"widget\" data-e-type=\"widget\" data-widget_type=\"heading.default\">\n\t\t\t\t<div class=\"elementor-widget-container\">\n\t\t\t\t\t<h1 class=\"elementor-heading-title elementor-size-default\">Zerwanie \u015bci\u0119gna bicepsa<\/h1>\t\t\t\t<\/div>\n\t\t\t\t<\/div>\n\t\t\t\t\t<\/div>\n\t\t<\/div>\n\t\t\t\t\t<\/div>\n\t\t<\/section>\n\t\t\t\t<section class=\"elementor-section elementor-top-section elementor-element elementor-element-591531f5 body-part-content elementor-section-boxed elementor-section-height-default elementor-section-height-default\" data-id=\"591531f5\" data-element_type=\"section\" data-e-type=\"section\" data-settings=\"{&quot;background_background&quot;:&quot;classic&quot;}\">\n\t\t\t\t\t\t<div class=\"elementor-container elementor-column-gap-default\">\n\t\t\t\t\t<div class=\"elementor-column elementor-col-50 elementor-top-column elementor-element elementor-element-4b010f65\" data-id=\"4b010f65\" data-element_type=\"column\" data-e-type=\"column\">\n\t\t\t<div class=\"elementor-widget-wrap elementor-element-populated\">\n\t\t\t\t\t\t<div class=\"elementor-element elementor-element-641f3383 elementor-widget elementor-widget-heading\" data-id=\"641f3383\" data-element_type=\"widget\" data-e-type=\"widget\" data-widget_type=\"heading.default\">\n\t\t\t\t<div class=\"elementor-widget-container\">\n\t\t\t\t\t<h4 class=\"elementor-heading-title elementor-size-default\">Zerwanie \u015bci\u0119gna bicepsa<\/h4>\t\t\t\t<\/div>\n\t\t\t\t<\/div>\n\t\t\t\t<div class=\"elementor-element elementor-element-5ddcb71a elementor-widget elementor-widget-text-editor\" data-id=\"5ddcb71a\" data-element_type=\"widget\" data-e-type=\"widget\" data-widget_type=\"text-editor.default\">\n\t\t\t\t<div class=\"elementor-widget-container\">\n\t\t\t\t\t\t\t\t\t<h4>Diagnoza:<\/h4><p><img fetchpriority=\"high\" decoding=\"async\" data-recalc-dims=\"1\" class=\"size-full wp-image-720 alignright\" src=\"https:\/\/i0.wp.com\/genesisortho.com\/wp-content\/uploads\/2020\/04\/A00031F02.jpg?resize=300%2C202&#038;ssl=1\" alt=\"\" width=\"300\" height=\"202\" \/>Mi\u0119sie\u0144 bicepsa znajduje si\u0119 w przedniej cz\u0119\u015bci ramienia. To mi\u0119sie\u0144 umo\u017cliwia zgi\u0119cie \u0142okcia i stabilizacj\u0119 barku. Istnieje wiele \u015bci\u0119gien, kt\u00f3re mocuj\u0105 mi\u0119sie\u0144 bicepsa do ko\u015bci \u0142okcia i ko\u015bci barku. Zerwanie lub zerwanie jednego z tych \u015bci\u0119gien mo\u017ce nast\u0105pi\u0107 w wyniku podnoszenia ci\u0119\u017car\u00f3w lub przeci\u0105\u017cenia, co skutkuje b\u00f3lem, obrz\u0119kiem, zmian\u0105 owalu i \/ lub os\u0142abieniem ramienia. Kiedy dochodzi do zerwania \u015bci\u0119gna, osoba mo\u017ce us\u0142ysze\u0107 \u201etrzask\u201d podczas wysi\u0142ku. Istniej\u0105 dwa \u015bci\u0119gna, kt\u00f3re mocuj\u0105 mi\u0119sie\u0144 bicepsa do barku. D\u0142ugie \u015bci\u0119gno g\u0142owy \u0142\u0105czy mi\u0119sie\u0144 z g\u00f3rn\u0105 cz\u0119\u015bci\u0105 barku, a kr\u00f3tkie \u015bci\u0119gno g\u0142owy \u0142\u0105czy go z \u0142opatk\u0105. Genesis Orthopaedics &amp; Sports Medicine zapewnia bardzo bezpieczn\u0105 i skuteczn\u0105 operacj\u0119 i opcje leczenia \u0142zy bicepsa.<\/p>\t\t\t\t\t\t\t\t<\/div>\n\t\t\t\t<\/div>\n\t\t\t\t<div class=\"elementor-element elementor-element-6bb9e13d elementor-widget elementor-widget-text-editor\" data-id=\"6bb9e13d\" data-element_type=\"widget\" data-e-type=\"widget\" data-widget_type=\"text-editor.default\">\n\t\t\t\t<div class=\"elementor-widget-container\">\n\t\t\t\t\t\t\t\t\t<h4><b>Mo\u017cliwo\u015bci leczenia:<\/b><\/h4>\n<p><strong>Fizykoterapia<\/strong><\/p>\n<p>Skonsultuj si\u0119 z lekarzem w Genesis Orthopaedics &amp; Sports Medicine w celu uzyskania zalecanego planu fizjoterapii. Terapia ma na celu z\u0142agodzenie b\u00f3lu spowodowanego zerwaniem \u015bci\u0119gna bicepsa, przywr\u00f3cenie odpowiedniego zakresu ruchu ramienia oraz pomoc w stopniowym odzyskiwaniu si\u0142.<\/p>\n<p><strong>Operacja<\/strong><\/p>\n<p>Lekarze z Genesis Orthopaedics &amp; Sports Medicine mog\u0105 wykona\u0107 tenodez\u0119, aby ponownie przyczepi\u0107 \u015bci\u0119gno do ko\u015bci ramiennej. Najpierw b\u0119d\u0105 musieli wykona\u0107 arthoroskopowe oczyszczenie rany, aby usun\u0105\u0107 gruz z okolicy. Nast\u0119pnie wykonaj\u0105 tenodez\u0119 metod\u0105 otwart\u0105 lub artroskopowo, w zale\u017cno\u015bci od charakteru urazu. Tenodeza jest zwykle wykonywana w po\u0142\u0105czeniu ze \u0142zami sto\u017cka rotator\u00f3w.<\/p>\t\t\t\t\t\t\t\t<\/div>\n\t\t\t\t<\/div>\n\t\t\t\t\t<\/div>\n\t\t<\/div>\n\t\t\t\t<div class=\"elementor-column elementor-col-50 elementor-top-column elementor-element elementor-element-515fa12 body-part-sidebar\" data-id=\"515fa12\" data-element_type=\"column\" data-e-type=\"column\" data-settings=\"{&quot;background_background&quot;:&quot;classic&quot;}\">\n\t\t\t<div class=\"elementor-widget-wrap elementor-element-populated\">\n\t\t\t\t\t\t<div class=\"elementor-element elementor-element-c7b39bc elementor-widget elementor-widget-heading\" data-id=\"c7b39bc\" data-element_type=\"widget\" data-e-type=\"widget\" data-widget_type=\"heading.default\">\n\t\t\t\t<div class=\"elementor-widget-container\">\n\t\t\t\t\t<h2 class=\"elementor-heading-title elementor-size-default\">Popro\u015b o spotkanie<\/h2>\t\t\t\t<\/div>\n\t\t\t\t<\/div>\n\t\t\t\t<div class=\"elementor-element elementor-element-3f6c995 elementor-widget elementor-widget-text-editor\" data-id=\"3f6c995\" data-element_type=\"widget\" data-e-type=\"widget\" data-widget_type=\"text-editor.default\">\n\t\t\t\t<div class=\"elementor-widget-container\">\n\t\t\t\t\t\t\t\t\t<strong>Wizyty w gabinecie lub telemedycyna dost\u0119pna na ca\u0142ym \u015bwiecie<\/strong>\t\t\t\t\t\t\t\t<\/div>\n\t\t\t\t<\/div>\n\t\t\t\t<div class=\"elementor-element elementor-element-c8ee046 elementor-widget elementor-widget-shortcode\" data-id=\"c8ee046\" data-element_type=\"widget\" data-e-type=\"widget\" data-widget_type=\"shortcode.default\">\n\t\t\t\t<div class=\"elementor-widget-container\">\n\t\t\t\t\t\t\t<div class=\"elementor-shortcode\">\n<div class=\"wpcf7 no-js\" id=\"wpcf7-f681-o1\" lang=\"en-US\" dir=\"ltr\" data-wpcf7-id=\"681\">\n<div class=\"screen-reader-response\"><p role=\"status\" aria-live=\"polite\" aria-atomic=\"true\"><\/p> <ul><\/ul><\/div>\n<form action=\"\/pl\/wp-json\/wp\/v2\/pages\/718#wpcf7-f681-o1\" method=\"post\" class=\"wpcf7-form init\" aria-label=\"Contact form\" novalidate=\"novalidate\" data-status=\"init\" data-trp-original-action=\"\/pl\/wp-json\/wp\/v2\/pages\/718#wpcf7-f681-o1\">\n<fieldset class=\"hidden-fields-container\"><input type=\"hidden\" name=\"_wpcf7\" value=\"681\" \/><input type=\"hidden\" name=\"_wpcf7_version\" value=\"6.1.5\" \/><input type=\"hidden\" name=\"_wpcf7_locale\" value=\"en_US\" \/><input type=\"hidden\" name=\"_wpcf7_unit_tag\" value=\"wpcf7-f681-o1\" \/><input type=\"hidden\" name=\"_wpcf7_container_post\" value=\"0\" \/><input type=\"hidden\" name=\"_wpcf7_posted_data_hash\" value=\"\" \/><input type=\"hidden\" name=\"_wpcf7_recaptcha_response\" value=\"\" \/>\n<\/fieldset>\n<div class=\"form_div_row\">\n\t<div class=\"form_div_100\">\n\t\t<p><span class=\"wpcf7-form-control-wrap\" data-name=\"your-name\"><input size=\"40\" maxlength=\"400\" class=\"wpcf7-form-control wpcf7-text wpcf7-validates-as-required\" aria-required=\"true\" aria-invalid=\"false\" placeholder=\"Twoje Imi\u0119 (wymagane)\" value=\"\" type=\"text\" name=\"your-name\" \/><\/span>\n\t\t<\/p>\n\t<\/div>\n<\/div>\n<div class=\"form_div_row\">\n\t<div class=\"form_div_100\">\n\t\t<p><span class=\"wpcf7-form-control-wrap\" data-name=\"your-email\"><input size=\"40\" maxlength=\"400\" class=\"wpcf7-form-control wpcf7-email wpcf7-validates-as-required wpcf7-text wpcf7-validates-as-email\" aria-required=\"true\" aria-invalid=\"false\" placeholder=\"Tw\u00f3j Email (wymagane)\" value=\"\" type=\"email\" name=\"your-email\" \/><\/span>\n\t\t<\/p>\n\t<\/div>\n<\/div>\n<div class=\"form_div_row\">\n\t<div class=\"form_div_100\">\n\t\t<p><span class=\"wpcf7-form-control-wrap\" data-name=\"your-phone\"><input size=\"40\" maxlength=\"400\" class=\"wpcf7-form-control wpcf7-text\" aria-invalid=\"false\" placeholder=\"Telefon\" value=\"\" type=\"text\" name=\"your-phone\" \/><\/span>\n\t\t<\/p>\n\t<\/div>\n<\/div>\n<div class=\"form_div_row\">\n\t<div class=\"form_div_100\">\n\t\t<p><label> Czy jeste\u015b nowym pacjentem?<\/label><br \/>\n<span class=\"wpcf7-form-control-wrap\" data-name=\"Areyouanewpatient\"><span class=\"wpcf7-form-control wpcf7-radio\"><span class=\"wpcf7-list-item first\"><input type=\"radio\" name=\"Areyouanewpatient\" value=\"Yes\" checked=\"checked\" \/><span class=\"wpcf7-list-item-label\">tak<\/span><\/span><span class=\"wpcf7-list-item last\"><input type=\"radio\" name=\"Areyouanewpatient\" value=\"No\" \/><span class=\"wpcf7-list-item-label\">Nie<\/span><\/span><\/span><\/span>\n\t\t<\/p>\n\t<\/div>\n<\/div>\n<div class=\"form_div_row\">\n\t<div class=\"form_div_100\">\n\t\t<p><label>Czy interesujesz si\u0119:<\/label><br \/>\n<span class=\"wpcf7-form-control-wrap\" data-name=\"Areyouinterested\"><span class=\"wpcf7-form-control wpcf7-radio\"><span class=\"wpcf7-list-item first\"><input type=\"radio\" name=\"Areyouinterested\" value=\"telemedicine\" checked=\"checked\" \/><span class=\"wpcf7-list-item-label\">telemedycyna<\/span><\/span><span class=\"wpcf7-list-item last\"><input type=\"radio\" name=\"Areyouinterested\" value=\"in-office visit\" \/><span class=\"wpcf7-list-item-label\">wizyta w biurze<\/span><\/span><\/span><\/span>\n\t\t<\/p>\n\t<\/div>\n<\/div>\n<div class=\"form_div_row\">\n\t<div class=\"form_div_100\">\n\t\t<p><input class=\"wpcf7-form-control wpcf7-submit has-spinner\" type=\"submit\" value=\"Wys\u0142a\u0107\" \/>\n\t\t<\/p>\n\t<\/div>\n<\/div><div class=\"wpcf7-response-output\" aria-hidden=\"true\"><\/div>\n<input type=\"hidden\" name=\"trp-form-language\" value=\"pl\"\/><\/form>\n<\/div>\n<\/div>\n\t\t\t\t\t\t<\/div>\n\t\t\t\t<\/div>\n\t\t\t\t<div class=\"elementor-element elementor-element-e2c0042 elementor-widget-divider--view-line elementor-widget elementor-widget-divider\" data-id=\"e2c0042\" data-element_type=\"widget\" data-e-type=\"widget\" data-widget_type=\"divider.default\">\n\t\t\t\t<div class=\"elementor-widget-container\">\n\t\t\t\t\t\t\t<div class=\"elementor-divider\">\n\t\t\t<span class=\"elementor-divider-separator\">\n\t\t\t\t\t\t<\/span>\n\t\t<\/div>\n\t\t\t\t\t\t<\/div>\n\t\t\t\t<\/div>\n\t\t\t\t<div class=\"elementor-element elementor-element-4b02d4c icon-circle-item neck elementor-widget elementor-widget-heading\" data-id=\"4b02d4c\" data-element_type=\"widget\" data-e-type=\"widget\" data-widget_type=\"heading.default\">\n\t\t\t\t<div class=\"elementor-widget-container\">\n\t\t\t\t\t<h6 class=\"elementor-heading-title elementor-size-default\"><a href=\"https:\/\/genesisortho.com\/pl\/patient-education\/neck-overview\/\">Neck &amp; Back\n            <\/a><\/h6>\t\t\t\t<\/div>\n\t\t\t\t<\/div>\n\t\t\t\t<div class=\"elementor-element elementor-element-2542bb1 icon-circle-item shoulder elementor-widget elementor-widget-heading\" data-id=\"2542bb1\" data-element_type=\"widget\" data-e-type=\"widget\" data-widget_type=\"heading.default\">\n\t\t\t\t<div class=\"elementor-widget-container\">\n\t\t\t\t\t<h6 class=\"elementor-heading-title elementor-size-default\"><a href=\"https:\/\/genesisortho.com\/pl\/patient-education\/shoulder-overview\/\">rami\u0119<\/a><\/h6>\t\t\t\t<\/div>\n\t\t\t\t<\/div>\n\t\t\t\t<div class=\"elementor-element elementor-element-b0cacdb icon-circle-item hand elementor-widget elementor-widget-heading\" data-id=\"b0cacdb\" data-element_type=\"widget\" data-e-type=\"widget\" data-widget_type=\"heading.default\">\n\t\t\t\t<div class=\"elementor-widget-container\">\n\t\t\t\t\t<h6 class=\"elementor-heading-title elementor-size-default\"><a href=\"https:\/\/genesisortho.com\/pl\/patient-education\/hand-and-wrist-overview\/\">Hand &amp; Arm\n            \n            <\/a><\/h6>\t\t\t\t<\/div>\n\t\t\t\t<\/div>\n\t\t\t\t<div class=\"elementor-element elementor-element-c9cadcb icon-circle-item knee elementor-widget elementor-widget-heading\" data-id=\"c9cadcb\" data-element_type=\"widget\" data-e-type=\"widget\" data-widget_type=\"heading.default\">\n\t\t\t\t<div class=\"elementor-widget-container\">\n\t\t\t\t\t<h6 class=\"elementor-heading-title elementor-size-default\"><a href=\"https:\/\/genesisortho.com\/pl\/patient-education\/knee-overview\/\">Kolano\n            <\/a><\/h6>\t\t\t\t<\/div>\n\t\t\t\t<\/div>\n\t\t\t\t<div class=\"elementor-element elementor-element-4a24ee6 icon-circle-item foot elementor-widget elementor-widget-heading\" data-id=\"4a24ee6\" data-element_type=\"widget\" data-e-type=\"widget\" data-widget_type=\"heading.default\">\n\t\t\t\t<div class=\"elementor-widget-container\">\n\t\t\t\t\t<h6 class=\"elementor-heading-title elementor-size-default\"><a href=\"https:\/\/genesisortho.com\/pl\/patient-education\/foot-and-ankle-overview\/\">Foot &amp; Ankle\n            <\/a><\/h6>\t\t\t\t<\/div>\n\t\t\t\t<\/div>\n\t\t\t\t<div class=\"elementor-element elementor-element-0528030 icon-circle-item hip elementor-widget elementor-widget-heading\" data-id=\"0528030\" data-element_type=\"widget\" data-e-type=\"widget\" data-widget_type=\"heading.default\">\n\t\t\t\t<div class=\"elementor-widget-container\">\n\t\t\t\t\t<h6 class=\"elementor-heading-title elementor-size-default\"><a href=\"https:\/\/genesisortho.com\/pl\/patient-education\/hip-overview\/\">Cze\u015b\u0107 p\n            <\/a><\/h6>\t\t\t\t<\/div>\n\t\t\t\t<\/div>\n\t\t\t\t\t<\/div>\n\t\t<\/div>\n\t\t\t\t\t<\/div>\n\t\t<\/section>\n\t\t\t\t<\/div>","protected":false},"excerpt":{"rendered":"<p>Biceps Tendon Tear Biceps Tendon Tear Diagnosis: The biceps muscle is located in the front of the upper arm. It is the muscle that allows bending of the elbow and stability in the shoulder. There are multiple tendons that attach the biceps muscle to the bones of the elbow and the bones of the shoulder. [&hellip;]<\/p>\n","protected":false},"author":2,"featured_media":0,"parent":269,"menu_order":0,"comment_status":"closed","ping_status":"closed","template":"elementor_header_footer","meta":{"_acf_changed":false,"_monsterinsights_skip_tracking":false,"_monsterinsights_sitenote_active":false,"_monsterinsights_sitenote_note":"","_monsterinsights_sitenote_category":0,"footnotes":""},"class_list":["post-718","page","type-page","status-publish","hentry"],"acf":[],"yoast_head":"<!-- This site is optimized with the Yoast SEO Premium plugin v27.0 (Yoast SEO v27.0) - https:\/\/yoast.com\/product\/yoast-seo-premium-wordpress\/ -->\n<title>Biceps Tendon Tear | Causes, Symptoms, &amp; Treatments<\/title>\n<meta name=\"description\" content=\"Explore biceps tendon tears at Genesis. Discover causes, symptoms, and treatment options to effectively manage pain and promote healing.\" \/>\n<meta name=\"robots\" content=\"index, follow, max-snippet:-1, max-image-preview:large, max-video-preview:-1\" \/>\n<link rel=\"canonical\" href=\"https:\/\/genesisortho.com\/pl\/patient-education\/shoulder-overview\/biceps-tendon-tear\/\" \/>\n<meta property=\"og:locale\" content=\"pl_PL\" \/>\n<meta property=\"og:type\" content=\"article\" \/>\n<meta property=\"og:title\" content=\"Biceps Tendon Tear\" \/>\n<meta property=\"og:description\" content=\"Explore biceps tendon tears at Genesis. Discover causes, symptoms, and treatment options to effectively manage pain and promote healing.\" \/>\n<meta property=\"og:url\" content=\"https:\/\/genesisortho.com\/pl\/patient-education\/shoulder-overview\/biceps-tendon-tear\/\" \/>\n<meta property=\"og:site_name\" content=\"Genesis Orthopedics &amp; Sports Medicine\" \/>\n<meta property=\"article:publisher\" content=\"https:\/\/www.facebook.com\/genesisorthosportsmed\/\" \/>\n<meta property=\"article:modified_time\" content=\"2024-10-03T10:29:19+00:00\" \/>\n<meta property=\"og:image\" content=\"https:\/\/genesisortho.com\/wp-content\/uploads\/2020\/04\/A00031F02.jpg\" \/>\n<meta name=\"twitter:card\" content=\"summary_large_image\" \/>\n<meta name=\"twitter:site\" content=\"@GenesisOrtho\" \/>\n<meta name=\"twitter:label1\" content=\"Szacowany czas czytania\" \/>\n\t<meta name=\"twitter:data1\" content=\"2 minuty\" \/>\n<script type=\"application\/ld+json\" class=\"yoast-schema-graph\">{\"@context\":\"https:\/\/schema.org\",\"@graph\":[{\"@type\":\"WebPage\",\"@id\":\"https:\/\/genesisortho.com\/ar\/patient-education\/shoulder-overview\/biceps-tendon-tear\/\",\"url\":\"https:\/\/genesisortho.com\/ar\/patient-education\/shoulder-overview\/biceps-tendon-tear\/\",\"name\":\"Biceps Tendon Tear | Causes, Symptoms, & Treatments\",\"isPartOf\":{\"@id\":\"https:\/\/genesisortho.com\/#website\"},\"primaryImageOfPage\":{\"@id\":\"https:\/\/genesisortho.com\/ar\/patient-education\/shoulder-overview\/biceps-tendon-tear\/#primaryimage\"},\"image\":{\"@id\":\"https:\/\/genesisortho.com\/ar\/patient-education\/shoulder-overview\/biceps-tendon-tear\/#primaryimage\"},\"thumbnailUrl\":\"https:\/\/genesisortho.com\/wp-content\/uploads\/2020\/04\/A00031F02.jpg\",\"datePublished\":\"2020-04-14T20:21:22+00:00\",\"dateModified\":\"2024-10-03T10:29:19+00:00\",\"description\":\"Explore biceps tendon tears at Genesis. Discover causes, symptoms, and treatment options to effectively manage pain and promote healing.\",\"breadcrumb\":{\"@id\":\"https:\/\/genesisortho.com\/ar\/patient-education\/shoulder-overview\/biceps-tendon-tear\/#breadcrumb\"},\"inLanguage\":\"pl-PL\",\"potentialAction\":[{\"@type\":\"ReadAction\",\"target\":[\"https:\/\/genesisortho.com\/ar\/patient-education\/shoulder-overview\/biceps-tendon-tear\/\"]}]},{\"@type\":\"ImageObject\",\"inLanguage\":\"pl-PL\",\"@id\":\"https:\/\/genesisortho.com\/ar\/patient-education\/shoulder-overview\/biceps-tendon-tear\/#primaryimage\",\"url\":\"https:\/\/genesisortho.com\/wp-content\/uploads\/2020\/04\/A00031F02.jpg\",\"contentUrl\":\"https:\/\/genesisortho.com\/wp-content\/uploads\/2020\/04\/A00031F02.jpg\"},{\"@type\":\"BreadcrumbList\",\"@id\":\"https:\/\/genesisortho.com\/ar\/patient-education\/shoulder-overview\/biceps-tendon-tear\/#breadcrumb\",\"itemListElement\":[{\"@type\":\"ListItem\",\"position\":1,\"name\":\"Home\",\"item\":\"https:\/\/genesisortho.com\/\"},{\"@type\":\"ListItem\",\"position\":2,\"name\":\"Patient Education\",\"item\":\"https:\/\/genesisortho.com\/ar\/patient-education\/\"},{\"@type\":\"ListItem\",\"position\":3,\"name\":\"Shoulder Overview\",\"item\":\"https:\/\/genesisortho.com\/ar\/patient-education\/shoulder-overview\/\"},{\"@type\":\"ListItem\",\"position\":4,\"name\":\"Biceps Tendon Tear\"}]},{\"@type\":\"WebSite\",\"@id\":\"https:\/\/genesisortho.com\/#website\",\"url\":\"https:\/\/genesisortho.com\/\",\"name\":\"Genesis Orthopedics &amp; Sports Medicine\",\"description\":\"\",\"publisher\":{\"@id\":\"https:\/\/genesisortho.com\/#organization\"},\"potentialAction\":[{\"@type\":\"SearchAction\",\"target\":{\"@type\":\"EntryPoint\",\"urlTemplate\":\"https:\/\/genesisortho.com\/?s={search_term_string}\"},\"query-input\":{\"@type\":\"PropertyValueSpecification\",\"valueRequired\":true,\"valueName\":\"search_term_string\"}}],\"inLanguage\":\"pl-PL\"},{\"@type\":\"Organization\",\"@id\":\"https:\/\/genesisortho.com\/#organization\",\"name\":\"Orthopedics & Sports Medicine Treatment | Genesis Orthopedics & Sports Medicine\",\"url\":\"https:\/\/genesisortho.com\/\",\"logo\":{\"@type\":\"ImageObject\",\"inLanguage\":\"pl-PL\",\"@id\":\"https:\/\/genesisortho.com\/#\/schema\/logo\/image\/\",\"url\":\"https:\/\/genesisortho.com\/wp-content\/uploads\/2020\/03\/GO_logo_Transparent_PRINT.png\",\"contentUrl\":\"https:\/\/genesisortho.com\/wp-content\/uploads\/2020\/03\/GO_logo_Transparent_PRINT.png\",\"width\":4564,\"height\":1095,\"caption\":\"Orthopedics & Sports Medicine Treatment | Genesis Orthopedics & Sports Medicine\"},\"image\":{\"@id\":\"https:\/\/genesisortho.com\/#\/schema\/logo\/image\/\"},\"sameAs\":[\"https:\/\/www.facebook.com\/genesisorthosportsmed\/\",\"https:\/\/x.com\/GenesisOrtho\",\"https:\/\/www.instagram.com\/genesis_ortho\/\",\"https:\/\/www.linkedin.com\/company\/2302800\",\"https:\/\/www.youtube.com\/genesisortho\"]}]}<\/script>\n<!-- \/ Yoast SEO Premium plugin. -->","yoast_head_json":{"title":"Biceps Tendon Tear | Causes, Symptoms, & Treatments","description":"Explore biceps tendon tears at Genesis. Discover causes, symptoms, and treatment options to effectively manage pain and promote healing.","robots":{"index":"index","follow":"follow","max-snippet":"max-snippet:-1","max-image-preview":"max-image-preview:large","max-video-preview":"max-video-preview:-1"},"canonical":"https:\/\/genesisortho.com\/pl\/patient-education\/shoulder-overview\/biceps-tendon-tear\/","og_locale":"pl_PL","og_type":"article","og_title":"Biceps Tendon Tear","og_description":"Explore biceps tendon tears at Genesis. Discover causes, symptoms, and treatment options to effectively manage pain and promote healing.","og_url":"https:\/\/genesisortho.com\/pl\/patient-education\/shoulder-overview\/biceps-tendon-tear\/","og_site_name":"Genesis Orthopedics &amp; Sports Medicine","article_publisher":"https:\/\/www.facebook.com\/genesisorthosportsmed\/","article_modified_time":"2024-10-03T10:29:19+00:00","og_image":[{"url":"https:\/\/genesisortho.com\/wp-content\/uploads\/2020\/04\/A00031F02.jpg","type":"","width":"","height":""}],"twitter_card":"summary_large_image","twitter_site":"@GenesisOrtho","twitter_misc":{"Szacowany czas czytania":"2 minuty"},"schema":{"@context":"https:\/\/schema.org","@graph":[{"@type":"WebPage","@id":"https:\/\/genesisortho.com\/ar\/patient-education\/shoulder-overview\/biceps-tendon-tear\/","url":"https:\/\/genesisortho.com\/ar\/patient-education\/shoulder-overview\/biceps-tendon-tear\/","name":"Biceps Tendon Tear | Causes, Symptoms, & Treatments","isPartOf":{"@id":"https:\/\/genesisortho.com\/#website"},"primaryImageOfPage":{"@id":"https:\/\/genesisortho.com\/ar\/patient-education\/shoulder-overview\/biceps-tendon-tear\/#primaryimage"},"image":{"@id":"https:\/\/genesisortho.com\/ar\/patient-education\/shoulder-overview\/biceps-tendon-tear\/#primaryimage"},"thumbnailUrl":"https:\/\/genesisortho.com\/wp-content\/uploads\/2020\/04\/A00031F02.jpg","datePublished":"2020-04-14T20:21:22+00:00","dateModified":"2024-10-03T10:29:19+00:00","description":"Explore biceps tendon tears at Genesis. Discover causes, symptoms, and treatment options to effectively manage pain and promote healing.","breadcrumb":{"@id":"https:\/\/genesisortho.com\/ar\/patient-education\/shoulder-overview\/biceps-tendon-tear\/#breadcrumb"},"inLanguage":"pl-PL","potentialAction":[{"@type":"ReadAction","target":["https:\/\/genesisortho.com\/ar\/patient-education\/shoulder-overview\/biceps-tendon-tear\/"]}]},{"@type":"ImageObject","inLanguage":"pl-PL","@id":"https:\/\/genesisortho.com\/ar\/patient-education\/shoulder-overview\/biceps-tendon-tear\/#primaryimage","url":"https:\/\/genesisortho.com\/wp-content\/uploads\/2020\/04\/A00031F02.jpg","contentUrl":"https:\/\/genesisortho.com\/wp-content\/uploads\/2020\/04\/A00031F02.jpg"},{"@type":"BreadcrumbList","@id":"https:\/\/genesisortho.com\/ar\/patient-education\/shoulder-overview\/biceps-tendon-tear\/#breadcrumb","itemListElement":[{"@type":"ListItem","position":1,"name":"Home","item":"https:\/\/genesisortho.com\/"},{"@type":"ListItem","position":2,"name":"Patient Education","item":"https:\/\/genesisortho.com\/ar\/patient-education\/"},{"@type":"ListItem","position":3,"name":"Shoulder Overview","item":"https:\/\/genesisortho.com\/ar\/patient-education\/shoulder-overview\/"},{"@type":"ListItem","position":4,"name":"Biceps Tendon Tear"}]},{"@type":"WebSite","@id":"https:\/\/genesisortho.com\/#website","url":"https:\/\/genesisortho.com\/","name":"Genesis Ortopedia i medycyna sportowa","description":"","publisher":{"@id":"https:\/\/genesisortho.com\/#organization"},"potentialAction":[{"@type":"SearchAction","target":{"@type":"EntryPoint","urlTemplate":"https:\/\/genesisortho.com\/?s={search_term_string}"},"query-input":{"@type":"PropertyValueSpecification","valueRequired":true,"valueName":"search_term_string"}}],"inLanguage":"pl-PL"},{"@type":"Organization","@id":"https:\/\/genesisortho.com\/#organization","name":"Orthopedics & Sports Medicine Treatment | Genesis Orthopedics & Sports Medicine","url":"https:\/\/genesisortho.com\/","logo":{"@type":"ImageObject","inLanguage":"pl-PL","@id":"https:\/\/genesisortho.com\/#\/schema\/logo\/image\/","url":"https:\/\/genesisortho.com\/wp-content\/uploads\/2020\/03\/GO_logo_Transparent_PRINT.png","contentUrl":"https:\/\/genesisortho.com\/wp-content\/uploads\/2020\/03\/GO_logo_Transparent_PRINT.png","width":4564,"height":1095,"caption":"Orthopedics & Sports Medicine Treatment | Genesis Orthopedics & Sports Medicine"},"image":{"@id":"https:\/\/genesisortho.com\/#\/schema\/logo\/image\/"},"sameAs":["https:\/\/www.facebook.com\/genesisorthosportsmed\/","https:\/\/x.com\/GenesisOrtho","https:\/\/www.instagram.com\/genesis_ortho\/","https:\/\/www.linkedin.com\/company\/2302800","https:\/\/www.youtube.com\/genesisortho"]}]}},"jetpack_sharing_enabled":true,"_links":{"self":[{"href":"https:\/\/genesisortho.com\/pl\/wp-json\/wp\/v2\/pages\/718","targetHints":{"allow":["GET"]}}],"collection":[{"href":"https:\/\/genesisortho.com\/pl\/wp-json\/wp\/v2\/pages"}],"about":[{"href":"https:\/\/genesisortho.com\/pl\/wp-json\/wp\/v2\/types\/page"}],"author":[{"embeddable":true,"href":"https:\/\/genesisortho.com\/pl\/wp-json\/wp\/v2\/users\/2"}],"replies":[{"embeddable":true,"href":"https:\/\/genesisortho.com\/pl\/wp-json\/wp\/v2\/comments?post=718"}],"version-history":[{"count":0,"href":"https:\/\/genesisortho.com\/pl\/wp-json\/wp\/v2\/pages\/718\/revisions"}],"up":[{"embeddable":true,"href":"https:\/\/genesisortho.com\/pl\/wp-json\/wp\/v2\/pages\/269"}],"wp:attachment":[{"href":"https:\/\/genesisortho.com\/pl\/wp-json\/wp\/v2\/media?parent=718"}],"curies":[{"name":"wp","href":"https:\/\/api.w.org\/{rel}","templated":true}]}}