{"id":3036,"date":"2022-12-02T19:32:58","date_gmt":"2022-12-02T19:32:58","guid":{"rendered":"https:\/\/genesisortho.wpengine.com\/?page_id=3036"},"modified":"2024-10-03T09:49:06","modified_gmt":"2024-10-03T09:49:06","slug":"st-charles-physical-therapy-office","status":"publish","type":"page","link":"https:\/\/genesisortho.com\/pl\/contact-us\/locations\/st-charles-physical-therapy-office\/","title":{"rendered":"St. Charles\u2014Physical Therapy Office"},"content":{"rendered":"<div data-elementor-type=\"wp-page\" data-elementor-id=\"3036\" class=\"elementor elementor-3036\" data-elementor-post-type=\"page\">\n\t\t\t\t\t\t<section class=\"elementor-section elementor-top-section elementor-element elementor-element-b661dff elementor-section-boxed elementor-section-height-default elementor-section-height-default\" data-id=\"b661dff\" data-element_type=\"section\" data-e-type=\"section\" data-settings=\"{&quot;background_background&quot;:&quot;classic&quot;}\">\n\t\t\t\t\t\t\t<div class=\"elementor-background-overlay\"><\/div>\n\t\t\t\t\t\t\t<div class=\"elementor-container elementor-column-gap-default\">\n\t\t\t\t\t<div class=\"elementor-column elementor-col-100 elementor-top-column elementor-element elementor-element-669e382\" data-id=\"669e382\" data-element_type=\"column\" data-e-type=\"column\">\n\t\t\t<div class=\"elementor-widget-wrap elementor-element-populated\">\n\t\t\t\t\t\t<div class=\"elementor-element elementor-element-0dc2b9b elementor-widget elementor-widget-heading\" data-id=\"0dc2b9b\" data-element_type=\"widget\" data-e-type=\"widget\" data-widget_type=\"heading.default\">\n\t\t\t\t<div class=\"elementor-widget-container\">\n\t\t\t\t\t<h2 class=\"elementor-heading-title elementor-size-default\">Skontaktuj si\u0119 z nami<\/h2>\t\t\t\t<\/div>\n\t\t\t\t<\/div>\n\t\t\t\t<div class=\"elementor-element elementor-element-8a9781c elementor-widget elementor-widget-text-editor\" data-id=\"8a9781c\" data-element_type=\"widget\" data-e-type=\"widget\" data-widget_type=\"text-editor.default\">\n\t\t\t\t<div class=\"elementor-widget-container\">\n\t\t\t\t\t\t\t\t\t<p>St. Charles\u2014Physical Therapy Office<\/p>\t\t\t\t\t\t\t\t<\/div>\n\t\t\t\t<\/div>\n\t\t\t\t\t<\/div>\n\t\t<\/div>\n\t\t\t\t\t<\/div>\n\t\t<\/section>\n\t\t\t\t<section class=\"elementor-section elementor-top-section elementor-element elementor-element-3034203 elementor-section-boxed elementor-section-height-default elementor-section-height-default\" data-id=\"3034203\" data-element_type=\"section\" data-e-type=\"section\">\n\t\t\t\t\t\t<div class=\"elementor-container elementor-column-gap-default\">\n\t\t\t\t\t<div class=\"elementor-column elementor-col-100 elementor-top-column elementor-element elementor-element-722633c\" data-id=\"722633c\" data-element_type=\"column\" data-e-type=\"column\">\n\t\t\t<div class=\"elementor-widget-wrap elementor-element-populated\">\n\t\t\t\t\t\t<div class=\"elementor-element elementor-element-2a90e2d elementor-widget elementor-widget-spacer\" data-id=\"2a90e2d\" data-element_type=\"widget\" data-e-type=\"widget\" data-widget_type=\"spacer.default\">\n\t\t\t\t<div class=\"elementor-widget-container\">\n\t\t\t\t\t\t\t<div class=\"elementor-spacer\">\n\t\t\t<div class=\"elementor-spacer-inner\"><\/div>\n\t\t<\/div>\n\t\t\t\t\t\t<\/div>\n\t\t\t\t<\/div>\n\t\t\t\t<div class=\"elementor-element elementor-element-86a98fb elementor-widget elementor-widget-heading\" data-id=\"86a98fb\" data-element_type=\"widget\" data-e-type=\"widget\" data-widget_type=\"heading.default\">\n\t\t\t\t<div class=\"elementor-widget-container\">\n\t\t\t\t\t<h1 class=\"elementor-heading-title elementor-size-default\">Contact St. Charles\u2014Physical Therapy Office<\/h1>\t\t\t\t<\/div>\n\t\t\t\t<\/div>\n\t\t\t\t\t<\/div>\n\t\t<\/div>\n\t\t\t\t\t<\/div>\n\t\t<\/section>\n\t\t\t\t<section class=\"elementor-section elementor-top-section elementor-element elementor-element-25da2e7 elementor-section-boxed elementor-section-height-default elementor-section-height-default\" data-id=\"25da2e7\" data-element_type=\"section\" data-e-type=\"section\">\n\t\t\t\t\t\t<div class=\"elementor-container elementor-column-gap-default\">\n\t\t\t\t\t<div class=\"elementor-column elementor-col-50 elementor-top-column elementor-element elementor-element-1f60834\" data-id=\"1f60834\" data-element_type=\"column\" data-e-type=\"column\">\n\t\t\t<div class=\"elementor-widget-wrap elementor-element-populated\">\n\t\t\t\t\t\t<div class=\"elementor-element elementor-element-aedae72 elementor-widget elementor-widget-heading\" data-id=\"aedae72\" data-element_type=\"widget\" data-e-type=\"widget\" data-widget_type=\"heading.default\">\n\t\t\t\t<div class=\"elementor-widget-container\">\n\t\t\t\t\t<h4 class=\"elementor-heading-title elementor-size-default\">Informacje kontaktowe<\/h4>\t\t\t\t<\/div>\n\t\t\t\t<\/div>\n\t\t\t\t<section class=\"elementor-section elementor-inner-section elementor-element elementor-element-92315e4 elementor-section-boxed elementor-section-height-default elementor-section-height-default\" data-id=\"92315e4\" data-element_type=\"section\" data-e-type=\"section\">\n\t\t\t\t\t\t<div class=\"elementor-container elementor-column-gap-default\">\n\t\t\t\t\t<div class=\"elementor-column elementor-col-100 elementor-inner-column elementor-element elementor-element-590fb6c\" data-id=\"590fb6c\" data-element_type=\"column\" data-e-type=\"column\">\n\t\t\t<div class=\"elementor-widget-wrap elementor-element-populated\">\n\t\t\t\t\t\t<div class=\"elementor-element elementor-element-0bb2c98 elementor-widget elementor-widget-text-editor\" data-id=\"0bb2c98\" data-element_type=\"widget\" data-e-type=\"widget\" data-widget_type=\"text-editor.default\">\n\t\t\t\t<div class=\"elementor-widget-container\">\n\t\t\t\t\t\t\t\t\t<h4>St. Charles\u2014Physical Therapy Office<\/h4><p>2825 Foxfield Rd<br \/>Suite 200<br \/>St. Charles, IL 60174<br \/>Telefon: (877) 377-1188<br \/>Faks: (630) 377-7360<\/p>\t\t\t\t\t\t\t\t<\/div>\n\t\t\t\t<\/div>\n\t\t\t\t\t<\/div>\n\t\t<\/div>\n\t\t\t\t\t<\/div>\n\t\t<\/section>\n\t\t\t\t\t<\/div>\n\t\t<\/div>\n\t\t\t\t<div class=\"elementor-column elementor-col-50 elementor-top-column elementor-element elementor-element-abc45ff\" data-id=\"abc45ff\" data-element_type=\"column\" data-e-type=\"column\">\n\t\t\t<div class=\"elementor-widget-wrap elementor-element-populated\">\n\t\t\t\t\t\t<div class=\"elementor-element elementor-element-9121186 elementor-widget elementor-widget-heading\" data-id=\"9121186\" data-element_type=\"widget\" data-e-type=\"widget\" data-widget_type=\"heading.default\">\n\t\t\t\t<div class=\"elementor-widget-container\">\n\t\t\t\t\t<h4 class=\"elementor-heading-title elementor-size-default\">Um\u00f3wi\u0107 si\u0119<\/h4>\t\t\t\t<\/div>\n\t\t\t\t<\/div>\n\t\t\t\t<div class=\"elementor-element elementor-element-fadb9f8 elementor-widget elementor-widget-text-editor\" data-id=\"fadb9f8\" data-element_type=\"widget\" data-e-type=\"widget\" data-widget_type=\"text-editor.default\">\n\t\t\t\t<div class=\"elementor-widget-container\">\n\t\t\t\t\t\t\t\t\t<p>Call a nearby Genesis Orthopedics &amp; Sports Medicine location and select a specific time to discuss your medical concern with an available physician. <a href=\"https:\/\/genesisortho.com\/pl\/contact-us\/locations\/\">Click here to find the location<\/a> closest to you.<\/p><p><strong>Prze\u015blij formularz wniosku o spotkanie:<\/strong><\/p><p>Popro\u015b o spotkanie za pomoc\u0105 poni\u017cszego formularza. Formularze wniosk\u00f3w s\u0105 zwykle przegl\u0105dane w ci\u0105gu jednego dnia roboczego od przes\u0142ania.\u00a0<\/p>\t\t\t\t\t\t\t\t<\/div>\n\t\t\t\t<\/div>\n\t\t\t\t\t<\/div>\n\t\t<\/div>\n\t\t\t\t\t<\/div>\n\t\t<\/section>\n\t\t\t\t<section class=\"elementor-section elementor-top-section elementor-element elementor-element-4df8736 elementor-section-full_width elementor-section-height-default elementor-section-height-default\" data-id=\"4df8736\" data-element_type=\"section\" data-e-type=\"section\">\n\t\t\t\t\t\t<div class=\"elementor-container elementor-column-gap-no\">\n\t\t\t\t\t<div class=\"elementor-column elementor-col-100 elementor-top-column elementor-element elementor-element-f4d4057\" data-id=\"f4d4057\" data-element_type=\"column\" data-e-type=\"column\">\n\t\t\t<div class=\"elementor-widget-wrap elementor-element-populated\">\n\t\t\t\t\t\t<div class=\"elementor-element elementor-element-edff86a elementor-widget elementor-widget-shortcode\" data-id=\"edff86a\" data-element_type=\"widget\" data-e-type=\"widget\" data-widget_type=\"shortcode.default\">\n\t\t\t\t<div class=\"elementor-widget-container\">\n\t\t\t\t\t\t\t<div class=\"elementor-shortcode\">\t\t<div data-elementor-type=\"section\" data-elementor-id=\"3338\" class=\"elementor elementor-3338\" data-elementor-post-type=\"elementor_library\">\n\t\t\t\t\t<section class=\"elementor-section elementor-top-section elementor-element elementor-element-beb402c elementor-section-boxed elementor-section-height-default elementor-section-height-default\" data-id=\"beb402c\" data-element_type=\"section\" data-e-type=\"section\" data-settings=\"{&quot;background_background&quot;:&quot;classic&quot;}\">\n\t\t\t\t\t\t<div class=\"elementor-container elementor-column-gap-default\">\n\t\t\t\t\t<div class=\"elementor-column elementor-col-100 elementor-top-column elementor-element elementor-element-0675658\" data-id=\"0675658\" data-element_type=\"column\" data-e-type=\"column\">\n\t\t\t<div class=\"elementor-widget-wrap elementor-element-populated\">\n\t\t\t\t\t\t<div class=\"elementor-element elementor-element-12e45d5 elementor-widget elementor-widget-heading\" data-id=\"12e45d5\" data-element_type=\"widget\" data-e-type=\"widget\" data-widget_type=\"heading.default\">\n\t\t\t\t<div class=\"elementor-widget-container\">\n\t\t\t\t\t<h4 class=\"elementor-heading-title elementor-size-default\">Skontaktuj si\u0119 poni\u017cej<\/h4>\t\t\t\t<\/div>\n\t\t\t\t<\/div>\n\t\t\t\t<div class=\"elementor-element elementor-element-5de41c9 elementor-widget elementor-widget-text-editor\" data-id=\"5de41c9\" data-element_type=\"widget\" data-e-type=\"widget\" data-widget_type=\"text-editor.default\">\n\t\t\t\t<div class=\"elementor-widget-container\">\n\t\t\t\t\t\t\t\t\t<p>Pami\u0119taj, \u017ce odpowied\u017a na pro\u015bby przes\u0142ane za po\u015brednictwem tej strony i wiadomo\u015bci e-mail mo\u017ce zaj\u0105\u0107 ponad 24 godziny.<\/p><p class=\"is-mb3\">Aby uzyska\u0107 piln\u0105 porad\u0119 medyczn\u0105 lub w\u0105tpliwo\u015bci, skontaktuj si\u0119 bezpo\u015brednio ze swoj\u0105 klinik\u0105. <strong>W nag\u0142ych przypadkach medycznych nale\u017cy dzwoni\u0107 pod numer 911.<\/strong><\/p>\t\t\t\t\t\t\t\t<\/div>\n\t\t\t\t<\/div>\n\t\t\t\t<div class=\"elementor-element elementor-element-afc1b9c elementor-widget elementor-widget-shortcode\" data-id=\"afc1b9c\" data-element_type=\"widget\" data-e-type=\"widget\" data-widget_type=\"shortcode.default\">\n\t\t\t\t<div class=\"elementor-widget-container\">\n\t\t\t\t\t\t\t<div class=\"elementor-shortcode\">\n<div class=\"wpcf7 no-js\" id=\"wpcf7-f201-o1\" lang=\"en-US\" dir=\"ltr\" data-wpcf7-id=\"201\">\n<div class=\"screen-reader-response\"><p role=\"status\" aria-live=\"polite\" aria-atomic=\"true\"><\/p> <ul><\/ul><\/div>\n<form action=\"\/pl\/wp-json\/wp\/v2\/pages\/3036#wpcf7-f201-o1\" method=\"post\" class=\"wpcf7-form init\" aria-label=\"Contact form\" novalidate=\"novalidate\" data-status=\"init\" data-trp-original-action=\"\/pl\/wp-json\/wp\/v2\/pages\/3036#wpcf7-f201-o1\">\n<fieldset class=\"hidden-fields-container\"><input type=\"hidden\" name=\"_wpcf7\" value=\"201\" \/><input type=\"hidden\" name=\"_wpcf7_version\" value=\"6.1.5\" \/><input type=\"hidden\" name=\"_wpcf7_locale\" value=\"en_US\" \/><input type=\"hidden\" name=\"_wpcf7_unit_tag\" value=\"wpcf7-f201-o1\" \/><input type=\"hidden\" name=\"_wpcf7_container_post\" value=\"0\" \/><input type=\"hidden\" name=\"_wpcf7_posted_data_hash\" value=\"\" \/><input type=\"hidden\" name=\"_wpcf7_recaptcha_response\" value=\"\" \/>\n<\/fieldset>\n<div class=\"form_div_row\">\n\t<div class=\"form_div_50 form-padd\">\n\t\t<p><span class=\"wpcf7-form-control-wrap\" data-name=\"your-name\"><input size=\"40\" maxlength=\"400\" class=\"wpcf7-form-control wpcf7-text wpcf7-validates-as-required\" aria-required=\"true\" aria-invalid=\"false\" placeholder=\"Twoje Imi\u0119 (wymagane)\" value=\"\" type=\"text\" name=\"your-name\" \/><\/span>\n\t\t<\/p>\n\t<\/div>\n\t<div class=\"form_div_50\">\n\t\t<p><span class=\"wpcf7-form-control-wrap\" data-name=\"your-email\"><input size=\"40\" maxlength=\"400\" class=\"wpcf7-form-control wpcf7-email wpcf7-validates-as-required wpcf7-text wpcf7-validates-as-email\" aria-required=\"true\" aria-invalid=\"false\" placeholder=\"Tw\u00f3j Email (wymagane)\" value=\"\" type=\"email\" name=\"your-email\" \/><\/span>\n\t\t<\/p>\n\t<\/div>\n<\/div>\n<div class=\"form_div_row\">\n\t<div class=\"form_div_100\">\n\t\t<p><span class=\"wpcf7-form-control-wrap\" data-name=\"your-phone\"><input size=\"40\" maxlength=\"400\" class=\"wpcf7-form-control wpcf7-text\" aria-invalid=\"false\" placeholder=\"Telefon\" value=\"\" type=\"text\" name=\"your-phone\" \/><\/span>\n\t\t<\/p>\n\t<\/div>\n<\/div>\n<div class=\"form_div_row\">\n\t<div class=\"form_div_50\">\n\t\t<p><label> Czy jeste\u015b nowym pacjentem?<\/label><br \/>\n<span class=\"wpcf7-form-control-wrap\" data-name=\"Areyouanewpatient\"><span class=\"wpcf7-form-control wpcf7-radio\"><span class=\"wpcf7-list-item first\"><input type=\"radio\" name=\"Areyouanewpatient\" value=\"Yes\" checked=\"checked\" \/><span class=\"wpcf7-list-item-label\">tak<\/span><\/span><span class=\"wpcf7-list-item last\"><input type=\"radio\" name=\"Areyouanewpatient\" value=\"No\" \/><span class=\"wpcf7-list-item-label\">Nie<\/span><\/span><\/span><\/span>\n\t\t<\/p>\n\t<\/div>\n\t<div class=\"form_div_50\">\n\t\t<p><label>What is your need?<\/label><br \/>\n<span class=\"wpcf7-form-control-wrap\" data-name=\"menu-561\"><select class=\"wpcf7-form-control wpcf7-select\" aria-invalid=\"false\" name=\"menu-561\"><option value=\"Need Appointment\">Potrzebujesz spotkania<\/option><option value=\"Medication Refill Request\">Pro\u015bba o uzupe\u0142nienie leku<\/option><option value=\"Medical Question\">Pytanie medyczne<\/option><option value=\"Billing Question\">Pytanie dotycz\u0105ce p\u0142atno\u015bci<\/option><option value=\"General Question\">Pytanie og\u00f3lne<\/option><\/select><\/span>\n\t\t<\/p>\n\t<\/div>\n<\/div>\n<div class=\"form_div_row\">\n\t<div class=\"form_div_100\">\n\t\t<p><input class=\"wpcf7-form-control wpcf7-submit has-spinner\" type=\"submit\" value=\"Wys\u0142a\u0107\" \/>\n\t\t<\/p>\n\t<\/div>\n<\/div><div class=\"wpcf7-response-output\" aria-hidden=\"true\"><\/div>\n<input type=\"hidden\" name=\"trp-form-language\" value=\"pl\"\/><\/form>\n<\/div>\n<\/div>\n\t\t\t\t\t\t<\/div>\n\t\t\t\t<\/div>\n\t\t\t\t\t<\/div>\n\t\t<\/div>\n\t\t\t\t\t<\/div>\n\t\t<\/section>\n\t\t\t\t<\/div>\n\t\t<\/div>\n\t\t\t\t\t\t<\/div>\n\t\t\t\t<\/div>\n\t\t\t\t\t<\/div>\n\t\t<\/div>\n\t\t\t\t\t<\/div>\n\t\t<\/section>\n\t\t\t\t<\/div>","protected":false},"excerpt":{"rendered":"<p>Contact Us St. Charles\u2014Physical Therapy Office Contact St. Charles\u2014Physical Therapy Office Contact Info St. Charles\u2014Physical Therapy Office 2825 Foxfield Rd Suite 200 St. Charles, IL 60174 Phone: (877) 377-1188 Fax: (630) 377-7360 Schedule An Appointment Call a nearby Genesis Orthopedics &amp; Sports Medicine location and select a specific time to discuss your medical concern with [&hellip;]<\/p>\n","protected":false},"author":2,"featured_media":0,"parent":130,"menu_order":0,"comment_status":"closed","ping_status":"closed","template":"elementor_header_footer","meta":{"_acf_changed":false,"_monsterinsights_skip_tracking":false,"_monsterinsights_sitenote_active":false,"_monsterinsights_sitenote_note":"","_monsterinsights_sitenote_category":0,"footnotes":""},"class_list":["post-3036","page","type-page","status-publish","hentry"],"acf":[],"yoast_head":"<!-- This site is optimized with the Yoast SEO Premium plugin v27.0 (Yoast SEO v27.0) - https:\/\/yoast.com\/product\/yoast-seo-premium-wordpress\/ -->\n<title>Contact St. Charles | Physical Therapy Office | Genesis<\/title>\n<meta name=\"description\" content=\"Contact Genesis Orthopedics in St. Charles for professional physical therapy services. Book your appointment or ask for more information today.\" \/>\n<meta name=\"robots\" content=\"index, follow, max-snippet:-1, max-image-preview:large, max-video-preview:-1\" \/>\n<link rel=\"canonical\" href=\"https:\/\/genesisortho.com\/pl\/contact-us\/locations\/st-charles-physical-therapy-office\/\" \/>\n<meta property=\"og:locale\" content=\"pl_PL\" \/>\n<meta property=\"og:type\" content=\"article\" \/>\n<meta property=\"og:title\" content=\"St. Charles\u2014Physical Therapy Office\" \/>\n<meta property=\"og:description\" content=\"Contact Genesis Orthopedics in St. Charles for professional physical therapy services. Book your appointment or ask for more information today.\" \/>\n<meta property=\"og:url\" content=\"https:\/\/genesisortho.com\/pl\/contact-us\/locations\/st-charles-physical-therapy-office\/\" \/>\n<meta property=\"og:site_name\" content=\"Genesis Orthopedics &amp; Sports Medicine\" \/>\n<meta property=\"article:publisher\" content=\"https:\/\/www.facebook.com\/genesisorthosportsmed\/\" \/>\n<meta property=\"article:modified_time\" content=\"2024-10-03T09:49:06+00:00\" \/>\n<meta name=\"twitter:card\" content=\"summary_large_image\" \/>\n<meta name=\"twitter:site\" content=\"@GenesisOrtho\" \/>\n<meta name=\"twitter:label1\" content=\"Szacowany czas czytania\" \/>\n\t<meta name=\"twitter:data1\" content=\"1 minuta\" \/>\n<script type=\"application\/ld+json\" class=\"yoast-schema-graph\">{\"@context\":\"https:\/\/schema.org\",\"@graph\":[{\"@type\":\"WebPage\",\"@id\":\"https:\/\/genesisortho.com\/contact-us\/locations\/st-charles-physical-therapy-office\/\",\"url\":\"https:\/\/genesisortho.com\/contact-us\/locations\/st-charles-physical-therapy-office\/\",\"name\":\"Contact St. Charles | Physical Therapy Office | Genesis\",\"isPartOf\":{\"@id\":\"https:\/\/genesisortho.com\/#website\"},\"datePublished\":\"2022-12-02T19:32:58+00:00\",\"dateModified\":\"2024-10-03T09:49:06+00:00\",\"description\":\"Contact Genesis Orthopedics in St. Charles for professional physical therapy services. Book your appointment or ask for more information today.\",\"breadcrumb\":{\"@id\":\"https:\/\/genesisortho.com\/contact-us\/locations\/st-charles-physical-therapy-office\/#breadcrumb\"},\"inLanguage\":\"pl-PL\",\"potentialAction\":[{\"@type\":\"ReadAction\",\"target\":[\"https:\/\/genesisortho.com\/contact-us\/locations\/st-charles-physical-therapy-office\/\"]}]},{\"@type\":\"BreadcrumbList\",\"@id\":\"https:\/\/genesisortho.com\/contact-us\/locations\/st-charles-physical-therapy-office\/#breadcrumb\",\"itemListElement\":[{\"@type\":\"ListItem\",\"position\":1,\"name\":\"Home\",\"item\":\"https:\/\/genesisortho.com\/\"},{\"@type\":\"ListItem\",\"position\":2,\"name\":\"Contact Us\",\"item\":\"https:\/\/genesisortho.com\/contact-us\/\"},{\"@type\":\"ListItem\",\"position\":3,\"name\":\"Locations\",\"item\":\"https:\/\/genesisortho.com\/contact-us\/locations\/\"},{\"@type\":\"ListItem\",\"position\":4,\"name\":\"St. Charles\u2014Physical Therapy Office\"}]},{\"@type\":\"WebSite\",\"@id\":\"https:\/\/genesisortho.com\/#website\",\"url\":\"https:\/\/genesisortho.com\/\",\"name\":\"Genesis Orthopedics &amp; Sports Medicine\",\"description\":\"\",\"publisher\":{\"@id\":\"https:\/\/genesisortho.com\/#organization\"},\"potentialAction\":[{\"@type\":\"SearchAction\",\"target\":{\"@type\":\"EntryPoint\",\"urlTemplate\":\"https:\/\/genesisortho.com\/?s={search_term_string}\"},\"query-input\":{\"@type\":\"PropertyValueSpecification\",\"valueRequired\":true,\"valueName\":\"search_term_string\"}}],\"inLanguage\":\"pl-PL\"},{\"@type\":\"Organization\",\"@id\":\"https:\/\/genesisortho.com\/#organization\",\"name\":\"Orthopedics & Sports Medicine Treatment | Genesis Orthopedics & Sports Medicine\",\"url\":\"https:\/\/genesisortho.com\/\",\"logo\":{\"@type\":\"ImageObject\",\"inLanguage\":\"pl-PL\",\"@id\":\"https:\/\/genesisortho.com\/#\/schema\/logo\/image\/\",\"url\":\"https:\/\/genesisortho.com\/wp-content\/uploads\/2020\/03\/GO_logo_Transparent_PRINT.png\",\"contentUrl\":\"https:\/\/genesisortho.com\/wp-content\/uploads\/2020\/03\/GO_logo_Transparent_PRINT.png\",\"width\":4564,\"height\":1095,\"caption\":\"Orthopedics & Sports Medicine Treatment | Genesis Orthopedics & Sports Medicine\"},\"image\":{\"@id\":\"https:\/\/genesisortho.com\/#\/schema\/logo\/image\/\"},\"sameAs\":[\"https:\/\/www.facebook.com\/genesisorthosportsmed\/\",\"https:\/\/x.com\/GenesisOrtho\",\"https:\/\/www.instagram.com\/genesis_ortho\/\",\"https:\/\/www.linkedin.com\/company\/2302800\",\"https:\/\/www.youtube.com\/genesisortho\"]}]}<\/script>\n<!-- \/ Yoast SEO Premium plugin. -->","yoast_head_json":{"title":"Contact St. Charles | Physical Therapy Office | Genesis","description":"Contact Genesis Orthopedics in St. Charles for professional physical therapy services. Book your appointment or ask for more information today.","robots":{"index":"index","follow":"follow","max-snippet":"max-snippet:-1","max-image-preview":"max-image-preview:large","max-video-preview":"max-video-preview:-1"},"canonical":"https:\/\/genesisortho.com\/pl\/contact-us\/locations\/st-charles-physical-therapy-office\/","og_locale":"pl_PL","og_type":"article","og_title":"St. Charles\u2014Physical Therapy Office","og_description":"Contact Genesis Orthopedics in St. Charles for professional physical therapy services. Book your appointment or ask for more information today.","og_url":"https:\/\/genesisortho.com\/pl\/contact-us\/locations\/st-charles-physical-therapy-office\/","og_site_name":"Genesis Orthopedics &amp; Sports Medicine","article_publisher":"https:\/\/www.facebook.com\/genesisorthosportsmed\/","article_modified_time":"2024-10-03T09:49:06+00:00","twitter_card":"summary_large_image","twitter_site":"@GenesisOrtho","twitter_misc":{"Szacowany czas czytania":"1 minuta"},"schema":{"@context":"https:\/\/schema.org","@graph":[{"@type":"WebPage","@id":"https:\/\/genesisortho.com\/contact-us\/locations\/st-charles-physical-therapy-office\/","url":"https:\/\/genesisortho.com\/contact-us\/locations\/st-charles-physical-therapy-office\/","name":"Contact St. Charles | Physical Therapy Office | Genesis","isPartOf":{"@id":"https:\/\/genesisortho.com\/#website"},"datePublished":"2022-12-02T19:32:58+00:00","dateModified":"2024-10-03T09:49:06+00:00","description":"Contact Genesis Orthopedics in St. Charles for professional physical therapy services. Book your appointment or ask for more information today.","breadcrumb":{"@id":"https:\/\/genesisortho.com\/contact-us\/locations\/st-charles-physical-therapy-office\/#breadcrumb"},"inLanguage":"pl-PL","potentialAction":[{"@type":"ReadAction","target":["https:\/\/genesisortho.com\/contact-us\/locations\/st-charles-physical-therapy-office\/"]}]},{"@type":"BreadcrumbList","@id":"https:\/\/genesisortho.com\/contact-us\/locations\/st-charles-physical-therapy-office\/#breadcrumb","itemListElement":[{"@type":"ListItem","position":1,"name":"Home","item":"https:\/\/genesisortho.com\/"},{"@type":"ListItem","position":2,"name":"Contact Us","item":"https:\/\/genesisortho.com\/contact-us\/"},{"@type":"ListItem","position":3,"name":"Locations","item":"https:\/\/genesisortho.com\/contact-us\/locations\/"},{"@type":"ListItem","position":4,"name":"St. Charles\u2014Physical Therapy Office"}]},{"@type":"WebSite","@id":"https:\/\/genesisortho.com\/#website","url":"https:\/\/genesisortho.com\/","name":"Genesis Ortopedia i medycyna sportowa","description":"","publisher":{"@id":"https:\/\/genesisortho.com\/#organization"},"potentialAction":[{"@type":"SearchAction","target":{"@type":"EntryPoint","urlTemplate":"https:\/\/genesisortho.com\/?s={search_term_string}"},"query-input":{"@type":"PropertyValueSpecification","valueRequired":true,"valueName":"search_term_string"}}],"inLanguage":"pl-PL"},{"@type":"Organization","@id":"https:\/\/genesisortho.com\/#organization","name":"Orthopedics & Sports Medicine Treatment | Genesis Orthopedics & Sports Medicine","url":"https:\/\/genesisortho.com\/","logo":{"@type":"ImageObject","inLanguage":"pl-PL","@id":"https:\/\/genesisortho.com\/#\/schema\/logo\/image\/","url":"https:\/\/genesisortho.com\/wp-content\/uploads\/2020\/03\/GO_logo_Transparent_PRINT.png","contentUrl":"https:\/\/genesisortho.com\/wp-content\/uploads\/2020\/03\/GO_logo_Transparent_PRINT.png","width":4564,"height":1095,"caption":"Orthopedics & Sports Medicine Treatment | Genesis Orthopedics & Sports Medicine"},"image":{"@id":"https:\/\/genesisortho.com\/#\/schema\/logo\/image\/"},"sameAs":["https:\/\/www.facebook.com\/genesisorthosportsmed\/","https:\/\/x.com\/GenesisOrtho","https:\/\/www.instagram.com\/genesis_ortho\/","https:\/\/www.linkedin.com\/company\/2302800","https:\/\/www.youtube.com\/genesisortho"]}]}},"jetpack_sharing_enabled":true,"_links":{"self":[{"href":"https:\/\/genesisortho.com\/pl\/wp-json\/wp\/v2\/pages\/3036","targetHints":{"allow":["GET"]}}],"collection":[{"href":"https:\/\/genesisortho.com\/pl\/wp-json\/wp\/v2\/pages"}],"about":[{"href":"https:\/\/genesisortho.com\/pl\/wp-json\/wp\/v2\/types\/page"}],"author":[{"embeddable":true,"href":"https:\/\/genesisortho.com\/pl\/wp-json\/wp\/v2\/users\/2"}],"replies":[{"embeddable":true,"href":"https:\/\/genesisortho.com\/pl\/wp-json\/wp\/v2\/comments?post=3036"}],"version-history":[{"count":0,"href":"https:\/\/genesisortho.com\/pl\/wp-json\/wp\/v2\/pages\/3036\/revisions"}],"up":[{"embeddable":true,"href":"https:\/\/genesisortho.com\/pl\/wp-json\/wp\/v2\/pages\/130"}],"wp:attachment":[{"href":"https:\/\/genesisortho.com\/pl\/wp-json\/wp\/v2\/media?parent=3036"}],"curies":[{"name":"wp","href":"https:\/\/api.w.org\/{rel}","templated":true}]}}