{"id":2425,"date":"2021-01-28T16:02:29","date_gmt":"2021-01-28T16:02:29","guid":{"rendered":"https:\/\/genesisortho.wpengine.com\/?page_id=2425"},"modified":"2024-10-03T07:12:15","modified_gmt":"2024-10-03T07:12:15","slug":"careers","status":"publish","type":"page","link":"https:\/\/genesisortho.com\/pl\/careers\/","title":{"rendered":"Kariera"},"content":{"rendered":"<div data-elementor-type=\"wp-page\" data-elementor-id=\"2425\" class=\"elementor elementor-2425\" data-elementor-post-type=\"page\">\n\t\t\t\t\t\t<section class=\"elementor-section elementor-top-section elementor-element elementor-element-fdab5a0 elementor-section-boxed elementor-section-height-default elementor-section-height-default\" data-id=\"fdab5a0\" data-element_type=\"section\" data-e-type=\"section\" data-settings=\"{&quot;background_background&quot;:&quot;classic&quot;}\">\n\t\t\t\t\t\t\t<div class=\"elementor-background-overlay\"><\/div>\n\t\t\t\t\t\t\t<div class=\"elementor-container elementor-column-gap-default\">\n\t\t\t\t\t<div class=\"elementor-column elementor-col-100 elementor-top-column elementor-element elementor-element-53ff0b1\" data-id=\"53ff0b1\" data-element_type=\"column\" data-e-type=\"column\">\n\t\t\t<div class=\"elementor-widget-wrap elementor-element-populated\">\n\t\t\t\t\t\t<div class=\"elementor-element elementor-element-d1121ef elementor-widget elementor-widget-heading\" data-id=\"d1121ef\" data-element_type=\"widget\" data-e-type=\"widget\" data-widget_type=\"heading.default\">\n\t\t\t\t<div class=\"elementor-widget-container\">\n\t\t\t\t\t<h1 class=\"elementor-heading-title elementor-size-default\">Kariera<\/h1>\t\t\t\t<\/div>\n\t\t\t\t<\/div>\n\t\t\t\t\t<\/div>\n\t\t<\/div>\n\t\t\t\t\t<\/div>\n\t\t<\/section>\n\t\t\t\t<section class=\"elementor-section elementor-top-section elementor-element elementor-element-4f2afad elementor-section-boxed elementor-section-height-default elementor-section-height-default\" data-id=\"4f2afad\" data-element_type=\"section\" data-e-type=\"section\">\n\t\t\t\t\t\t<div class=\"elementor-container elementor-column-gap-default\">\n\t\t\t\t\t<div class=\"elementor-column elementor-col-100 elementor-top-column elementor-element elementor-element-76eb1fe\" data-id=\"76eb1fe\" data-element_type=\"column\" data-e-type=\"column\">\n\t\t\t<div class=\"elementor-widget-wrap elementor-element-populated\">\n\t\t\t\t\t\t<div class=\"elementor-element elementor-element-9c06354 elementor-widget elementor-widget-text-editor\" data-id=\"9c06354\" data-element_type=\"widget\" data-e-type=\"widget\" data-widget_type=\"text-editor.default\">\n\t\t\t\t<div class=\"elementor-widget-container\">\n\t\t\t\t\t\t\t\t\t<p>Genesis Orthopaedics &amp; Sports Medicine ma prosty cel: <b>uwolnij naszych pacjent\u00f3w, aby byli bardziej aktywni, bardziej wysportowani i mogli swobodnie porusza\u0107 si\u0119 w swoim ciele - dost\u0119pni dla ka\u017cdego, nie tylko dla wybranych.<\/b> \u017be nasi pacjenci, niezale\u017cnie od zawodu, poruszaj\u0105 si\u0119 swobodniej, lepiej funkcjonuj\u0105 i pe\u0142ni\u0105 \u017cycia.<\/p>\n<p>Jako szybko rozwijaj\u0105ca si\u0119 praktyka, cz\u0119sto zatrudniamy kluczowe stanowiska w naszych zespo\u0142ach klinicznych i administracyjnych. Prosimy o cz\u0119ste sprawdzanie tej strony pod k\u0105tem nowych ofert.<\/p>\n<p>Ponadto, je\u015bli jeste\u015b studentem, rozwa\u017c nasze <a href=\"https:\/\/genesisortho.com\/pl\/healthcare-administration-leadership-program\/\">Program przyw\u00f3dztwa w administracji opieki zdrowotnej<\/a> \u2013 an immersive deep-dive into healthcare administration, with projects and readings, led by our CEO, Andrew Shadid, during the Spring, Summer, and Fall semester periods.<\/p>\n<p>Ponadto, je\u015bli jeste\u015b \u015bwie\u017co upieczonym absolwentem zainteresowanym karier\u0105 w dziedzinie medycyny \/ opieki zdrowotnej, zach\u0119camy do rozwa\u017cenia naszego <a href=\"https:\/\/genesisortho.com\/pl\/medical-assistant-gap-year-program\/\">Medical Assistant&nbsp;Gap Year Program<\/a>. Jest to doskona\u0142e do\u015bwiadczenie dla uczni\u00f3w planuj\u0105cych karier\u0119 lekarza, asystenta lekarza lub fizjoterapeuty, kt\u00f3rzy planuj\u0105 \u201erok przerwy\u201d przed matur\u0105 do szko\u0142y zawodowej.<\/p>\n<p><a href=\"https:\/\/www.indeed.com\/cmp\/Genesis-Orthopedics-&amp;-Sports-Medicine\/jobs\"><b><u>View Job Postings Here<\/u><\/b><\/a>&nbsp;on Indeed<\/p>\n<p><a href=\"https:\/\/apply.workable.com\/genesisortho\/\"><b><u>View Job Postings Here<\/u><\/b><\/a> on Workable<\/p>\t\t\t\t\t\t\t\t<\/div>\n\t\t\t\t<\/div>\n\t\t\t\t\t<\/div>\n\t\t<\/div>\n\t\t\t\t\t<\/div>\n\t\t<\/section>\n\t\t\t\t<\/div>","protected":false},"excerpt":{"rendered":"<p>Careers Genesis Orthopedics &amp; Sports Medicine has a simple goal: free our patients to be more active, more athletic, and to move freely in their bodies \u2013 accessible to everyone, not just the select few. That our patients, regardless of walk of life, move more freely, function better, and experience life to the full. As [&hellip;]<\/p>\n","protected":false},"author":2,"featured_media":0,"parent":0,"menu_order":0,"comment_status":"closed","ping_status":"closed","template":"elementor_header_footer","meta":{"_acf_changed":false,"_monsterinsights_skip_tracking":false,"_monsterinsights_sitenote_active":false,"_monsterinsights_sitenote_note":"","_monsterinsights_sitenote_category":0,"footnotes":""},"class_list":["post-2425","page","type-page","status-publish","hentry"],"acf":[],"yoast_head":"<!-- This site is optimized with the Yoast SEO Premium plugin v27.0 (Yoast SEO v27.0) - https:\/\/yoast.com\/product\/yoast-seo-premium-wordpress\/ -->\n<title>Careers at Genesis | Join Our Team Today<\/title>\n<meta name=\"description\" content=\"Join the Genesis team and make a difference in orthopedic care! Explore exciting career opportunities and apply today for a rewarding future.\" \/>\n<meta name=\"robots\" content=\"index, follow, max-snippet:-1, max-image-preview:large, max-video-preview:-1\" \/>\n<link rel=\"canonical\" href=\"https:\/\/genesisortho.com\/pl\/careers\/\" \/>\n<meta property=\"og:locale\" content=\"pl_PL\" \/>\n<meta property=\"og:type\" content=\"article\" \/>\n<meta property=\"og:title\" content=\"Careers\" \/>\n<meta property=\"og:description\" content=\"Join the Genesis team and make a difference in orthopedic care! Explore exciting career opportunities and apply today for a rewarding future.\" \/>\n<meta property=\"og:url\" content=\"https:\/\/genesisortho.com\/pl\/careers\/\" \/>\n<meta property=\"og:site_name\" content=\"Genesis Orthopedics &amp; Sports Medicine\" \/>\n<meta property=\"article:publisher\" content=\"https:\/\/www.facebook.com\/genesisorthosportsmed\/\" \/>\n<meta property=\"article:modified_time\" content=\"2024-10-03T07:12:15+00:00\" \/>\n<meta name=\"twitter:card\" content=\"summary_large_image\" \/>\n<meta name=\"twitter:site\" content=\"@GenesisOrtho\" \/>\n<meta name=\"twitter:label1\" content=\"Szacowany czas czytania\" \/>\n\t<meta name=\"twitter:data1\" content=\"1 minuta\" \/>\n<script type=\"application\/ld+json\" class=\"yoast-schema-graph\">{\"@context\":\"https:\/\/schema.org\",\"@graph\":[{\"@type\":\"WebPage\",\"@id\":\"https:\/\/genesisortho.com\/careers\/\",\"url\":\"https:\/\/genesisortho.com\/careers\/\",\"name\":\"Careers at Genesis | Join Our Team Today\",\"isPartOf\":{\"@id\":\"https:\/\/genesisortho.com\/#website\"},\"datePublished\":\"2021-01-28T16:02:29+00:00\",\"dateModified\":\"2024-10-03T07:12:15+00:00\",\"description\":\"Join the Genesis team and make a difference in orthopedic care! Explore exciting career opportunities and apply today for a rewarding future.\",\"breadcrumb\":{\"@id\":\"https:\/\/genesisortho.com\/careers\/#breadcrumb\"},\"inLanguage\":\"pl-PL\",\"potentialAction\":[{\"@type\":\"ReadAction\",\"target\":[\"https:\/\/genesisortho.com\/careers\/\"]}]},{\"@type\":\"BreadcrumbList\",\"@id\":\"https:\/\/genesisortho.com\/careers\/#breadcrumb\",\"itemListElement\":[{\"@type\":\"ListItem\",\"position\":1,\"name\":\"Home\",\"item\":\"https:\/\/genesisortho.com\/\"},{\"@type\":\"ListItem\",\"position\":2,\"name\":\"Careers\"}]},{\"@type\":\"WebSite\",\"@id\":\"https:\/\/genesisortho.com\/#website\",\"url\":\"https:\/\/genesisortho.com\/\",\"name\":\"Genesis Orthopedics &amp; Sports Medicine\",\"description\":\"\",\"publisher\":{\"@id\":\"https:\/\/genesisortho.com\/#organization\"},\"potentialAction\":[{\"@type\":\"SearchAction\",\"target\":{\"@type\":\"EntryPoint\",\"urlTemplate\":\"https:\/\/genesisortho.com\/?s={search_term_string}\"},\"query-input\":{\"@type\":\"PropertyValueSpecification\",\"valueRequired\":true,\"valueName\":\"search_term_string\"}}],\"inLanguage\":\"pl-PL\"},{\"@type\":\"Organization\",\"@id\":\"https:\/\/genesisortho.com\/#organization\",\"name\":\"Orthopedics & Sports Medicine Treatment | Genesis Orthopedics & Sports Medicine\",\"url\":\"https:\/\/genesisortho.com\/\",\"logo\":{\"@type\":\"ImageObject\",\"inLanguage\":\"pl-PL\",\"@id\":\"https:\/\/genesisortho.com\/#\/schema\/logo\/image\/\",\"url\":\"https:\/\/genesisortho.com\/wp-content\/uploads\/2020\/03\/GO_logo_Transparent_PRINT.png\",\"contentUrl\":\"https:\/\/genesisortho.com\/wp-content\/uploads\/2020\/03\/GO_logo_Transparent_PRINT.png\",\"width\":4564,\"height\":1095,\"caption\":\"Orthopedics & Sports Medicine Treatment | Genesis Orthopedics & Sports Medicine\"},\"image\":{\"@id\":\"https:\/\/genesisortho.com\/#\/schema\/logo\/image\/\"},\"sameAs\":[\"https:\/\/www.facebook.com\/genesisorthosportsmed\/\",\"https:\/\/x.com\/GenesisOrtho\",\"https:\/\/www.instagram.com\/genesis_ortho\/\",\"https:\/\/www.linkedin.com\/company\/2302800\",\"https:\/\/www.youtube.com\/genesisortho\"]}]}<\/script>\n<!-- \/ Yoast SEO Premium plugin. -->","yoast_head_json":{"title":"Careers at Genesis | Join Our Team Today","description":"Join the Genesis team and make a difference in orthopedic care! Explore exciting career opportunities and apply today for a rewarding future.","robots":{"index":"index","follow":"follow","max-snippet":"max-snippet:-1","max-image-preview":"max-image-preview:large","max-video-preview":"max-video-preview:-1"},"canonical":"https:\/\/genesisortho.com\/pl\/careers\/","og_locale":"pl_PL","og_type":"article","og_title":"Careers","og_description":"Join the Genesis team and make a difference in orthopedic care! Explore exciting career opportunities and apply today for a rewarding future.","og_url":"https:\/\/genesisortho.com\/pl\/careers\/","og_site_name":"Genesis Orthopedics &amp; Sports Medicine","article_publisher":"https:\/\/www.facebook.com\/genesisorthosportsmed\/","article_modified_time":"2024-10-03T07:12:15+00:00","twitter_card":"summary_large_image","twitter_site":"@GenesisOrtho","twitter_misc":{"Szacowany czas czytania":"1 minuta"},"schema":{"@context":"https:\/\/schema.org","@graph":[{"@type":"WebPage","@id":"https:\/\/genesisortho.com\/careers\/","url":"https:\/\/genesisortho.com\/careers\/","name":"Careers at Genesis | Join Our Team Today","isPartOf":{"@id":"https:\/\/genesisortho.com\/#website"},"datePublished":"2021-01-28T16:02:29+00:00","dateModified":"2024-10-03T07:12:15+00:00","description":"Join the Genesis team and make a difference in orthopedic care! Explore exciting career opportunities and apply today for a rewarding future.","breadcrumb":{"@id":"https:\/\/genesisortho.com\/careers\/#breadcrumb"},"inLanguage":"pl-PL","potentialAction":[{"@type":"ReadAction","target":["https:\/\/genesisortho.com\/careers\/"]}]},{"@type":"BreadcrumbList","@id":"https:\/\/genesisortho.com\/careers\/#breadcrumb","itemListElement":[{"@type":"ListItem","position":1,"name":"Home","item":"https:\/\/genesisortho.com\/"},{"@type":"ListItem","position":2,"name":"Careers"}]},{"@type":"WebSite","@id":"https:\/\/genesisortho.com\/#website","url":"https:\/\/genesisortho.com\/","name":"Genesis Ortopedia i medycyna sportowa","description":"","publisher":{"@id":"https:\/\/genesisortho.com\/#organization"},"potentialAction":[{"@type":"SearchAction","target":{"@type":"EntryPoint","urlTemplate":"https:\/\/genesisortho.com\/?s={search_term_string}"},"query-input":{"@type":"PropertyValueSpecification","valueRequired":true,"valueName":"search_term_string"}}],"inLanguage":"pl-PL"},{"@type":"Organization","@id":"https:\/\/genesisortho.com\/#organization","name":"Orthopedics & Sports Medicine Treatment | Genesis Orthopedics & Sports Medicine","url":"https:\/\/genesisortho.com\/","logo":{"@type":"ImageObject","inLanguage":"pl-PL","@id":"https:\/\/genesisortho.com\/#\/schema\/logo\/image\/","url":"https:\/\/genesisortho.com\/wp-content\/uploads\/2020\/03\/GO_logo_Transparent_PRINT.png","contentUrl":"https:\/\/genesisortho.com\/wp-content\/uploads\/2020\/03\/GO_logo_Transparent_PRINT.png","width":4564,"height":1095,"caption":"Orthopedics & Sports Medicine Treatment | Genesis Orthopedics & Sports Medicine"},"image":{"@id":"https:\/\/genesisortho.com\/#\/schema\/logo\/image\/"},"sameAs":["https:\/\/www.facebook.com\/genesisorthosportsmed\/","https:\/\/x.com\/GenesisOrtho","https:\/\/www.instagram.com\/genesis_ortho\/","https:\/\/www.linkedin.com\/company\/2302800","https:\/\/www.youtube.com\/genesisortho"]}]}},"jetpack_sharing_enabled":true,"_links":{"self":[{"href":"https:\/\/genesisortho.com\/pl\/wp-json\/wp\/v2\/pages\/2425","targetHints":{"allow":["GET"]}}],"collection":[{"href":"https:\/\/genesisortho.com\/pl\/wp-json\/wp\/v2\/pages"}],"about":[{"href":"https:\/\/genesisortho.com\/pl\/wp-json\/wp\/v2\/types\/page"}],"author":[{"embeddable":true,"href":"https:\/\/genesisortho.com\/pl\/wp-json\/wp\/v2\/users\/2"}],"replies":[{"embeddable":true,"href":"https:\/\/genesisortho.com\/pl\/wp-json\/wp\/v2\/comments?post=2425"}],"version-history":[{"count":0,"href":"https:\/\/genesisortho.com\/pl\/wp-json\/wp\/v2\/pages\/2425\/revisions"}],"wp:attachment":[{"href":"https:\/\/genesisortho.com\/pl\/wp-json\/wp\/v2\/media?parent=2425"}],"curies":[{"name":"wp","href":"https:\/\/api.w.org\/{rel}","templated":true}]}}