{"id":2370,"date":"2020-12-09T17:31:30","date_gmt":"2020-12-09T17:31:30","guid":{"rendered":"https:\/\/genesisortho.wpengine.com\/?page_id=2370"},"modified":"2024-10-03T07:11:17","modified_gmt":"2024-10-03T07:11:17","slug":"about-us","status":"publish","type":"page","link":"https:\/\/genesisortho.com\/pl\/about-us\/","title":{"rendered":"O nas"},"content":{"rendered":"<div data-elementor-type=\"wp-page\" data-elementor-id=\"2370\" class=\"elementor elementor-2370\" data-elementor-post-type=\"page\">\n\t\t\t\t\t\t<section class=\"elementor-section elementor-top-section elementor-element elementor-element-cf6939f doctors-title elementor-section-boxed elementor-section-height-default elementor-section-height-default\" data-id=\"cf6939f\" data-element_type=\"section\" data-e-type=\"section\" data-settings=\"{&quot;background_background&quot;:&quot;classic&quot;}\">\n\t\t\t\t\t\t\t<div class=\"elementor-background-overlay\"><\/div>\n\t\t\t\t\t\t\t<div class=\"elementor-container elementor-column-gap-default\">\n\t\t\t\t\t<div class=\"elementor-column elementor-col-100 elementor-top-column elementor-element elementor-element-8786b73\" data-id=\"8786b73\" data-element_type=\"column\" data-e-type=\"column\">\n\t\t\t<div class=\"elementor-widget-wrap elementor-element-populated\">\n\t\t\t\t\t\t<div class=\"elementor-element elementor-element-209322d elementor-widget elementor-widget-heading\" data-id=\"209322d\" data-element_type=\"widget\" data-e-type=\"widget\" data-widget_type=\"heading.default\">\n\t\t\t\t<div class=\"elementor-widget-container\">\n\t\t\t\t\t<h1 class=\"elementor-heading-title elementor-size-default\">O nas<\/h1>\t\t\t\t<\/div>\n\t\t\t\t<\/div>\n\t\t\t\t\t<\/div>\n\t\t<\/div>\n\t\t\t\t\t<\/div>\n\t\t<\/section>\n\t\t\t\t<section class=\"elementor-section elementor-top-section elementor-element elementor-element-cee6fc3 elementor-section-boxed elementor-section-height-default elementor-section-height-default\" data-id=\"cee6fc3\" data-element_type=\"section\" data-e-type=\"section\">\n\t\t\t\t\t\t<div class=\"elementor-container elementor-column-gap-default\">\n\t\t\t\t\t<div class=\"elementor-column elementor-col-100 elementor-top-column elementor-element elementor-element-c5fbf9c\" data-id=\"c5fbf9c\" data-element_type=\"column\" data-e-type=\"column\">\n\t\t\t<div class=\"elementor-widget-wrap elementor-element-populated\">\n\t\t\t\t\t\t<div class=\"elementor-element elementor-element-f3d077f elementor-widget elementor-widget-text-editor\" data-id=\"f3d077f\" data-element_type=\"widget\" data-e-type=\"widget\" data-widget_type=\"text-editor.default\">\n\t\t\t\t<div class=\"elementor-widget-container\">\n\t\t\t\t\t\t\t\t\t<p><b>\u201eNigdy nie w\u0105tp, \u017ce ma\u0142a grupa my\u015bl\u0105cych, zaanga\u017cowanych obywateli mo\u017ce zmieni\u0107 \u015bwiat; w istocie to jedyna rzecz, jaka kiedykolwiek istnia\u0142a \u201d.<\/b> - Margaret Mead<\/p><p>Pozw\u00f3l nam si\u0119 przedstawi\u0107 - jeste\u015bmy Genesis Orthopaedics &amp; Sports Medicine.<\/p><p>Nasz cel jest prosty: uwolni\u0107 naszych pacjent\u00f3w, aby byli bardziej aktywni, bardziej wysportowani i mogli swobodnie porusza\u0107 si\u0119 w swoim ciele - dost\u0119pni dla ka\u017cdego, a nie tylko dla nielicznych. \u017be nasi pacjenci, niezale\u017cnie od zawodu, poruszaj\u0105 si\u0119 swobodniej, lepiej funkcjonuj\u0105 i pe\u0142ni\u0105 \u017cycia.<\/p><p>Rozw\u00f3j na \u015bwiecie wymaga mobilno\u015bci i wolno\u015bci od b\u00f3lu, ale nasz system opieki zdrowotnej cz\u0119sto sprawia, \u017ce wysokiej jako\u015bci opieka ortopedyczna jest niedost\u0119pna dla wielu, kt\u00f3rzy jej najbardziej potrzebuj\u0105 - os\u00f3b obj\u0119tych wszystkimi planami publicznej opieki zdrowotnej lub os\u00f3b, kt\u00f3re nie maj\u0105 ubezpieczenia. Nie b\u0119dziemy w stanie sprosta\u0107 naszym obecnym wyzwaniom ortopedycznym za pomoc\u0105 modelu \u015bwiadczenia opieki zaprojektowanego w przesz\u0142o\u015bci.<\/p><p>Nasza krajowa zdolno\u015b\u0107 do opieki medycznej jest niezwyk\u0142a - a nasz obecny system jej nie docenia. Potrzebujemy nowego modelu ortopedycznego, takiego, w kt\u00f3rym cenimy ludzi bez wzgl\u0119du na status ekonomiczny. Tam, gdzie ceny s\u0105 etyczne, a nie oparte na wyzysku. Tam, gdzie powr\u00f3t do zdrowia jest przyspieszony, a operacja jest ostateczno\u015bci\u0105, a nie preferencyjnym \u017ar\u00f3d\u0142em dochod\u00f3w.<\/p><p>Je\u015bli zamierzamy pchn\u0105\u0107 opiek\u0119 zdrowotn\u0105 do przodu, musimy odci\u0105\u0107 si\u0119 od starego modelu, kt\u00f3ry ju\u017c nie dzia\u0142a. Nie potrzebujemy dro\u017cszej opieki ortopedycznej. Potrzebujemy czego\u015b nowego: wysokiej jako\u015bci, etycznej opieki ortopedycznej.<\/p><p>Nasza praktyka ma szcz\u0119\u015bcie, \u017ce ma g\u0142\u0119bokie do\u015bwiadczenie w tym nietradycyjnym sposobie my\u015blenia. Po 17 latach tradycyjnej praktyki, cztery lata temu wr\u00f3cili\u015bmy do deski kre\u015blarskiej i zadali\u015bmy sobie pytanie, co nale\u017cy zmieni\u0107, aby s\u0142u\u017cy\u0107 wszystkim, a nie tylko nielicznym szcz\u0119\u015bliwcom, kt\u00f3rych sta\u0107 na nasze us\u0142ugi. Wymy\u015blili\u015bmy na nowo model \u015bwiadczenia opieki, pr\u00f3buj\u0105c r\u00f3\u017cnych pomys\u0142\u00f3w, a\u017c odkryli\u015bmy plan zapewniania wysokiej jako\u015bci opieki, z kt\u00f3rej znana by\u0142a nasza reputacja, a jednocze\u015bnie sprawili\u015bmy, \u017ce ceny by\u0142y bardziej etyczne i przyst\u0119pne. Zaj\u0119\u0142o to setki godzin studiowania innych modeli na ca\u0142ym \u015bwiecie, rozm\u00f3w i bada\u0144, ale z\u0142amali\u015bmy kod.<\/p><p>Ka\u017cdy zas\u0142uguje na dost\u0119p do \u015brodowiska opieki zdrowotnej dostosowanego do jego unikalnych sytuacji i problem\u00f3w - ale obecnie te mo\u017cliwo\u015bci nie s\u0105 r\u00f3wnomiernie roz\u0142o\u017cone. Genesis Orthopaedics &amp; Sports Medicine mo\u017ce by\u0107 pot\u0119\u017cnym narz\u0119dziem do tworzenia takich \u015brodowisk, zar\u00f3wno dla naszych pacjent\u00f3w (zapewniaj\u0105c opiek\u0119), jak i dla szerszej spo\u0142eczno\u015bci opieki zdrowotnej (poprzez pobudzanie rozm\u00f3w).<\/p><p>Cieszymy si\u0119, \u017ce rozwa\u017casz Genesis Orthopaedics, aby zbada\u0107 mo\u017cliwo\u015bci zaspokojenia Twoich potrzeb ortopedycznych. Nasz\u0105 obietnic\u0105 jest to, \u017ce wybieraj\u0105c Genesis, wybierasz etyczn\u0105, przejrzyst\u0105 i niedrog\u0105 opiek\u0119 ortopedyczn\u0105 najwy\u017cszej jako\u015bci. To nie jest albo \/ albo - to jest oba \/ i. Jeste\u015bmy dumni z tego, czego si\u0119 nauczyli\u015bmy i jak spe\u0142niamy t\u0119 obietnic\u0119.<\/p><p>Znacz\u0105ce rozszerzenie naszej wizji odnowionej przestrzeni ortopedycznej zajmie troch\u0119 czasu. Nasz dzisiejszy system jest zepsuty, a przyst\u0119pna cenowo, wysokiej jako\u015bci opieka zdrowotna dla wszystkich jest nadal niszow\u0105 ofert\u0105 we wszystkich dziedzinach. Ale skupiamy si\u0119 na laserach, aby zapewni\u0107 pacjentom wszystko, czego potrzebuj\u0105, aby skutecznie rozwi\u0105za\u0107 problemy zwi\u0105zane z mobilno\u015bci\u0105 ortopedyczn\u0105 i wyzwaniami funkcjonalnymi. Oczekujemy, \u017ce nasz model stanie si\u0119 bardziej popularny i atrakcyjny. Dyskusja na temat opieki zdrowotnej si\u0119 zmienia. Chodzi o zapewnienie doskona\u0142ej, zindywidualizowanej opieki ortopedycznej, teraz i na nadchodz\u0105ce dziesi\u0119ciolecia - wizja, kt\u00f3r\u0105 jeste\u015bmy podekscytowani i do kt\u00f3rej si\u0119 codziennie kierujemy. Jeste\u015bmy gotowi na przeja\u017cd\u017ck\u0119 w przysz\u0142o\u015b\u0107 sprawiedliwej opieki ortopedycznej.<\/p><p>Dzi\u0119kujemy za rozwa\u017cenie Genesis - nie wahaj si\u0119 um\u00f3wi\u0107 na wizyt\u0119, je\u015bli chcesz dowiedzie\u0107 si\u0119 wi\u0119cej o rodzaju opieki, kt\u00f3r\u0105 oferujemy.<\/p><p>Na razie - wracamy do pracy!<\/p>\t\t\t\t\t\t\t\t<\/div>\n\t\t\t\t<\/div>\n\t\t\t\t\t<\/div>\n\t\t<\/div>\n\t\t\t\t\t<\/div>\n\t\t<\/section>\n\t\t\t\t<\/div>","protected":false},"excerpt":{"rendered":"<p>About Us \u201cNever doubt that a small group of thoughtful, committed citizens can change the world; indeed, it&#8217;s the only thing that ever has.\u201d \u2013 Margaret Mead Allow us to introduce ourselves \u2013 we\u2019re Genesis Orthopedics &amp; Sports Medicine. Our goal is simple: free our patients to be more active, more athletic, and to move [&hellip;]<\/p>\n","protected":false},"author":2,"featured_media":0,"parent":0,"menu_order":0,"comment_status":"closed","ping_status":"closed","template":"elementor_header_footer","meta":{"_acf_changed":false,"_monsterinsights_skip_tracking":false,"_monsterinsights_sitenote_active":false,"_monsterinsights_sitenote_note":"","_monsterinsights_sitenote_category":0,"footnotes":""},"class_list":["post-2370","page","type-page","status-publish","hentry"],"acf":[],"yoast_head":"<!-- This site is optimized with the Yoast SEO Premium plugin v27.0 (Yoast SEO v27.0) - https:\/\/yoast.com\/product\/yoast-seo-premium-wordpress\/ -->\n<title>About Us | Genesis Orthopedics &amp; Sports Medicine<\/title>\n<meta name=\"description\" content=\"Learn more about Genesis Orthopedics &amp; Sports Medicine. Our dedicated team provides expert care to support your health and recovery journey.\" \/>\n<meta name=\"robots\" content=\"index, follow, max-snippet:-1, max-image-preview:large, max-video-preview:-1\" \/>\n<link rel=\"canonical\" href=\"https:\/\/genesisortho.com\/pl\/about-us\/\" \/>\n<meta property=\"og:locale\" content=\"pl_PL\" \/>\n<meta property=\"og:type\" content=\"article\" \/>\n<meta property=\"og:title\" content=\"About Us\" \/>\n<meta property=\"og:description\" content=\"Learn more about Genesis Orthopedics &amp; Sports Medicine. Our dedicated team provides expert care to support your health and recovery journey.\" \/>\n<meta property=\"og:url\" content=\"https:\/\/genesisortho.com\/pl\/about-us\/\" \/>\n<meta property=\"og:site_name\" content=\"Genesis Orthopedics &amp; Sports Medicine\" \/>\n<meta property=\"article:publisher\" content=\"https:\/\/www.facebook.com\/genesisorthosportsmed\/\" \/>\n<meta property=\"article:modified_time\" content=\"2024-10-03T07:11:17+00:00\" \/>\n<meta name=\"twitter:card\" content=\"summary_large_image\" \/>\n<meta name=\"twitter:site\" content=\"@GenesisOrtho\" \/>\n<meta name=\"twitter:label1\" content=\"Szacowany czas czytania\" \/>\n\t<meta name=\"twitter:data1\" content=\"3 minuty\" \/>\n<script type=\"application\/ld+json\" class=\"yoast-schema-graph\">{\"@context\":\"https:\/\/schema.org\",\"@graph\":[{\"@type\":\"WebPage\",\"@id\":\"https:\/\/genesisortho.com\/about-us\/\",\"url\":\"https:\/\/genesisortho.com\/about-us\/\",\"name\":\"About Us | Genesis Orthopedics & Sports Medicine\",\"isPartOf\":{\"@id\":\"https:\/\/genesisortho.com\/#website\"},\"datePublished\":\"2020-12-09T17:31:30+00:00\",\"dateModified\":\"2024-10-03T07:11:17+00:00\",\"description\":\"Learn more about Genesis Orthopedics & Sports Medicine. Our dedicated team provides expert care to support your health and recovery journey.\",\"breadcrumb\":{\"@id\":\"https:\/\/genesisortho.com\/about-us\/#breadcrumb\"},\"inLanguage\":\"pl-PL\",\"potentialAction\":[{\"@type\":\"ReadAction\",\"target\":[\"https:\/\/genesisortho.com\/about-us\/\"]}]},{\"@type\":\"BreadcrumbList\",\"@id\":\"https:\/\/genesisortho.com\/about-us\/#breadcrumb\",\"itemListElement\":[{\"@type\":\"ListItem\",\"position\":1,\"name\":\"Home\",\"item\":\"https:\/\/genesisortho.com\/\"},{\"@type\":\"ListItem\",\"position\":2,\"name\":\"About Us\"}]},{\"@type\":\"WebSite\",\"@id\":\"https:\/\/genesisortho.com\/#website\",\"url\":\"https:\/\/genesisortho.com\/\",\"name\":\"Genesis Orthopedics &amp; Sports Medicine\",\"description\":\"\",\"publisher\":{\"@id\":\"https:\/\/genesisortho.com\/#organization\"},\"potentialAction\":[{\"@type\":\"SearchAction\",\"target\":{\"@type\":\"EntryPoint\",\"urlTemplate\":\"https:\/\/genesisortho.com\/?s={search_term_string}\"},\"query-input\":{\"@type\":\"PropertyValueSpecification\",\"valueRequired\":true,\"valueName\":\"search_term_string\"}}],\"inLanguage\":\"pl-PL\"},{\"@type\":\"Organization\",\"@id\":\"https:\/\/genesisortho.com\/#organization\",\"name\":\"Orthopedics & Sports Medicine Treatment | Genesis Orthopedics & Sports Medicine\",\"url\":\"https:\/\/genesisortho.com\/\",\"logo\":{\"@type\":\"ImageObject\",\"inLanguage\":\"pl-PL\",\"@id\":\"https:\/\/genesisortho.com\/#\/schema\/logo\/image\/\",\"url\":\"https:\/\/genesisortho.com\/wp-content\/uploads\/2020\/03\/GO_logo_Transparent_PRINT.png\",\"contentUrl\":\"https:\/\/genesisortho.com\/wp-content\/uploads\/2020\/03\/GO_logo_Transparent_PRINT.png\",\"width\":4564,\"height\":1095,\"caption\":\"Orthopedics & Sports Medicine Treatment | Genesis Orthopedics & Sports Medicine\"},\"image\":{\"@id\":\"https:\/\/genesisortho.com\/#\/schema\/logo\/image\/\"},\"sameAs\":[\"https:\/\/www.facebook.com\/genesisorthosportsmed\/\",\"https:\/\/x.com\/GenesisOrtho\",\"https:\/\/www.instagram.com\/genesis_ortho\/\",\"https:\/\/www.linkedin.com\/company\/2302800\",\"https:\/\/www.youtube.com\/genesisortho\"]}]}<\/script>\n<!-- \/ Yoast SEO Premium plugin. -->","yoast_head_json":{"title":"About Us | Genesis Orthopedics & Sports Medicine","description":"Learn more about Genesis Orthopedics & Sports Medicine. Our dedicated team provides expert care to support your health and recovery journey.","robots":{"index":"index","follow":"follow","max-snippet":"max-snippet:-1","max-image-preview":"max-image-preview:large","max-video-preview":"max-video-preview:-1"},"canonical":"https:\/\/genesisortho.com\/pl\/about-us\/","og_locale":"pl_PL","og_type":"article","og_title":"About Us","og_description":"Learn more about Genesis Orthopedics & Sports Medicine. Our dedicated team provides expert care to support your health and recovery journey.","og_url":"https:\/\/genesisortho.com\/pl\/about-us\/","og_site_name":"Genesis Orthopedics &amp; Sports Medicine","article_publisher":"https:\/\/www.facebook.com\/genesisorthosportsmed\/","article_modified_time":"2024-10-03T07:11:17+00:00","twitter_card":"summary_large_image","twitter_site":"@GenesisOrtho","twitter_misc":{"Szacowany czas czytania":"3 minuty"},"schema":{"@context":"https:\/\/schema.org","@graph":[{"@type":"WebPage","@id":"https:\/\/genesisortho.com\/about-us\/","url":"https:\/\/genesisortho.com\/about-us\/","name":"About Us | Genesis Orthopedics & Sports Medicine","isPartOf":{"@id":"https:\/\/genesisortho.com\/#website"},"datePublished":"2020-12-09T17:31:30+00:00","dateModified":"2024-10-03T07:11:17+00:00","description":"Learn more about Genesis Orthopedics & Sports Medicine. Our dedicated team provides expert care to support your health and recovery journey.","breadcrumb":{"@id":"https:\/\/genesisortho.com\/about-us\/#breadcrumb"},"inLanguage":"pl-PL","potentialAction":[{"@type":"ReadAction","target":["https:\/\/genesisortho.com\/about-us\/"]}]},{"@type":"BreadcrumbList","@id":"https:\/\/genesisortho.com\/about-us\/#breadcrumb","itemListElement":[{"@type":"ListItem","position":1,"name":"Home","item":"https:\/\/genesisortho.com\/"},{"@type":"ListItem","position":2,"name":"About Us"}]},{"@type":"WebSite","@id":"https:\/\/genesisortho.com\/#website","url":"https:\/\/genesisortho.com\/","name":"Genesis Ortopedia i medycyna sportowa","description":"","publisher":{"@id":"https:\/\/genesisortho.com\/#organization"},"potentialAction":[{"@type":"SearchAction","target":{"@type":"EntryPoint","urlTemplate":"https:\/\/genesisortho.com\/?s={search_term_string}"},"query-input":{"@type":"PropertyValueSpecification","valueRequired":true,"valueName":"search_term_string"}}],"inLanguage":"pl-PL"},{"@type":"Organization","@id":"https:\/\/genesisortho.com\/#organization","name":"Orthopedics & Sports Medicine Treatment | Genesis Orthopedics & Sports Medicine","url":"https:\/\/genesisortho.com\/","logo":{"@type":"ImageObject","inLanguage":"pl-PL","@id":"https:\/\/genesisortho.com\/#\/schema\/logo\/image\/","url":"https:\/\/genesisortho.com\/wp-content\/uploads\/2020\/03\/GO_logo_Transparent_PRINT.png","contentUrl":"https:\/\/genesisortho.com\/wp-content\/uploads\/2020\/03\/GO_logo_Transparent_PRINT.png","width":4564,"height":1095,"caption":"Orthopedics & Sports Medicine Treatment | Genesis Orthopedics & Sports Medicine"},"image":{"@id":"https:\/\/genesisortho.com\/#\/schema\/logo\/image\/"},"sameAs":["https:\/\/www.facebook.com\/genesisorthosportsmed\/","https:\/\/x.com\/GenesisOrtho","https:\/\/www.instagram.com\/genesis_ortho\/","https:\/\/www.linkedin.com\/company\/2302800","https:\/\/www.youtube.com\/genesisortho"]}]}},"jetpack_sharing_enabled":true,"_links":{"self":[{"href":"https:\/\/genesisortho.com\/pl\/wp-json\/wp\/v2\/pages\/2370","targetHints":{"allow":["GET"]}}],"collection":[{"href":"https:\/\/genesisortho.com\/pl\/wp-json\/wp\/v2\/pages"}],"about":[{"href":"https:\/\/genesisortho.com\/pl\/wp-json\/wp\/v2\/types\/page"}],"author":[{"embeddable":true,"href":"https:\/\/genesisortho.com\/pl\/wp-json\/wp\/v2\/users\/2"}],"replies":[{"embeddable":true,"href":"https:\/\/genesisortho.com\/pl\/wp-json\/wp\/v2\/comments?post=2370"}],"version-history":[{"count":0,"href":"https:\/\/genesisortho.com\/pl\/wp-json\/wp\/v2\/pages\/2370\/revisions"}],"wp:attachment":[{"href":"https:\/\/genesisortho.com\/pl\/wp-json\/wp\/v2\/media?parent=2370"}],"curies":[{"name":"wp","href":"https:\/\/api.w.org\/{rel}","templated":true}]}}