{"id":985,"date":"2020-04-15T20:27:24","date_gmt":"2020-04-15T20:27:24","guid":{"rendered":"https:\/\/genesisortho.wpengine.com\/?page_id=985"},"modified":"2024-10-03T10:28:50","modified_gmt":"2024-10-03T10:28:50","slug":"cervical-arthritis","status":"publish","type":"page","link":"https:\/\/genesisortho.com\/es\/patient-education\/neck-overview\/cervical-arthritis\/","title":{"rendered":"Artritis del Cuello"},"content":{"rendered":"<div data-elementor-type=\"wp-page\" data-elementor-id=\"985\" class=\"elementor elementor-985\" data-elementor-post-type=\"page\">\n\t\t\t\t\t\t<section class=\"elementor-section elementor-top-section elementor-element elementor-element-c183cc4 elementor-section-boxed elementor-section-height-default elementor-section-height-default\" data-id=\"c183cc4\" data-element_type=\"section\" data-e-type=\"section\" data-settings=\"{&quot;background_background&quot;:&quot;classic&quot;}\">\n\t\t\t\t\t\t\t<div class=\"elementor-background-overlay\"><\/div>\n\t\t\t\t\t\t\t<div class=\"elementor-container elementor-column-gap-default\">\n\t\t\t\t\t<div class=\"elementor-column elementor-col-100 elementor-top-column elementor-element elementor-element-3950a6e\" data-id=\"3950a6e\" data-element_type=\"column\" data-e-type=\"column\">\n\t\t\t<div class=\"elementor-widget-wrap elementor-element-populated\">\n\t\t\t\t\t\t<div class=\"elementor-element elementor-element-4ce9b656 elementor-widget elementor-widget-heading\" data-id=\"4ce9b656\" data-element_type=\"widget\" data-e-type=\"widget\" data-widget_type=\"heading.default\">\n\t\t\t\t<div class=\"elementor-widget-container\">\n\t\t\t\t\t<h1 class=\"elementor-heading-title elementor-size-default\">Artritis del Cuello<\/h1>\t\t\t\t<\/div>\n\t\t\t\t<\/div>\n\t\t\t\t\t<\/div>\n\t\t<\/div>\n\t\t\t\t\t<\/div>\n\t\t<\/section>\n\t\t\t\t<section class=\"elementor-section elementor-top-section elementor-element elementor-element-2e4f3da body-part-content elementor-section-boxed elementor-section-height-default elementor-section-height-default\" data-id=\"2e4f3da\" data-element_type=\"section\" data-e-type=\"section\" data-settings=\"{&quot;background_background&quot;:&quot;classic&quot;}\">\n\t\t\t\t\t\t<div class=\"elementor-container elementor-column-gap-default\">\n\t\t\t\t\t<div class=\"elementor-column elementor-col-50 elementor-top-column elementor-element elementor-element-1b8f0785\" data-id=\"1b8f0785\" data-element_type=\"column\" data-e-type=\"column\">\n\t\t\t<div class=\"elementor-widget-wrap elementor-element-populated\">\n\t\t\t\t\t\t<div class=\"elementor-element elementor-element-6fcbbed9 elementor-widget elementor-widget-heading\" data-id=\"6fcbbed9\" data-element_type=\"widget\" data-e-type=\"widget\" data-widget_type=\"heading.default\">\n\t\t\t\t<div class=\"elementor-widget-container\">\n\t\t\t\t\t<h4 class=\"elementor-heading-title elementor-size-default\">Artritis del Cuello<\/h4>\t\t\t\t<\/div>\n\t\t\t\t<\/div>\n\t\t\t\t<div class=\"elementor-element elementor-element-23558def elementor-widget elementor-widget-text-editor\" data-id=\"23558def\" data-element_type=\"widget\" data-e-type=\"widget\" data-widget_type=\"text-editor.default\">\n\t\t\t\t<div class=\"elementor-widget-container\">\n\t\t\t\t\t\t\t\t\t<h4>Diagn\u00f3stico:<\/h4><p>Arthritis refers to a collection of diseases that cause inflammation and pain in the joints. There are various forms of arthritis, including the age-related osteoarthritis, which is the most common of all forms. Osteoarthritis of the neck causes inflammation of the facet joints between the cervical vertebrae and subsequent breakdown of the cartilage that acts as a cushioning surface between them. The gradual worsening of the cartilage degeneration associated with osteoarthritis occurs as affected individuals age, with the cartilage eventually declining to the point that friction between the spinal vertebrae is the source of pain. Osteophytes, <strong><a href=\"https:\/\/www.modernheartandvascular.com\/\">Modern Heart<\/a><\/strong> or irregular bony growths that enlarge the vertebrae, may occur as a result of the body\u2019s attempt to repair the friction damage caused by the vertebrae rubbing against one another. While there aren\u2019t any treatments that exist to stop the degenerative process caused by arthritis, there are medications available to limit the pain it causes. Genesis Orthopedics &amp; Sports Medicine provides multiple options for the relief of cervical arthritis symptoms.<\/p>\t\t\t\t\t\t\t\t<\/div>\n\t\t\t\t<\/div>\n\t\t\t\t<div class=\"elementor-element elementor-element-33dd3b55 elementor-widget elementor-widget-text-editor\" data-id=\"33dd3b55\" data-element_type=\"widget\" data-e-type=\"widget\" data-widget_type=\"text-editor.default\">\n\t\t\t\t<div class=\"elementor-widget-container\">\n\t\t\t\t\t\t\t\t\t<h4><b>Opciones de Tratamiento:<\/b><\/h4>\n<p><b>AINEs<\/b><\/p>\n<p>Los AINEs y otros medicamentos de venta sin receta, para el alivio de la inflamaci\u00f3n y el dolor causados \u200b\u200bpor la artritis en general ser\u00e1 recomendado que sean usados con frecuencia, seg\u00fan lo requieran los s\u00edntomas. Si estos medicamentos no son eficaces para eliminar los s\u00edntomas de la artritis, en Genesis Orthopaedics &amp; Sports Medicine le podemos ofrecer alternativas de medicamentos con receta.<\/p>\n<p><b>Terapia F\u00edsica<\/b><\/p>\n<p>Fortaleciendo los m\u00fasculos que sostienen la columna, la terapia f\u00edsica puede minimizar la presi\u00f3n ejercida sobre las articulaciones que separan las v\u00e9rtebras. Adem\u00e1s, los ejercicios de rehabilitaci\u00f3n para mejorar el rango de movimiento del cuello pueden minimizar de manera eficaz el dolor producido por la artritis. Generalmente, en Genesis Orthopaedics &amp; Sports Medicine nuestros expertos recomiendan la fisioterapia para el manejo de la mayor\u00eda de los tipos de dolor de espalda, incluida la artritis.<\/p>\t\t\t\t\t\t\t\t<\/div>\n\t\t\t\t<\/div>\n\t\t\t\t\t<\/div>\n\t\t<\/div>\n\t\t\t\t<div class=\"elementor-column elementor-col-50 elementor-top-column elementor-element elementor-element-5ff6b13 body-part-sidebar\" data-id=\"5ff6b13\" data-element_type=\"column\" data-e-type=\"column\" data-settings=\"{&quot;background_background&quot;:&quot;classic&quot;}\">\n\t\t\t<div class=\"elementor-widget-wrap elementor-element-populated\">\n\t\t\t\t\t\t<div class=\"elementor-element elementor-element-0f3c2d7 elementor-widget elementor-widget-heading\" data-id=\"0f3c2d7\" data-element_type=\"widget\" data-e-type=\"widget\" data-widget_type=\"heading.default\">\n\t\t\t\t<div class=\"elementor-widget-container\">\n\t\t\t\t\t<h2 class=\"elementor-heading-title elementor-size-default\">Solicitar una Cita<\/h2>\t\t\t\t<\/div>\n\t\t\t\t<\/div>\n\t\t\t\t<div class=\"elementor-element elementor-element-15c5ac8 elementor-widget elementor-widget-text-editor\" data-id=\"15c5ac8\" data-element_type=\"widget\" data-e-type=\"widget\" data-widget_type=\"text-editor.default\">\n\t\t\t\t<div class=\"elementor-widget-container\">\n\t\t\t\t\t\t\t\t\t<strong>Citas en la oficina, o telemedicina disponible en todo el mundo<\/strong>\t\t\t\t\t\t\t\t<\/div>\n\t\t\t\t<\/div>\n\t\t\t\t<div class=\"elementor-element elementor-element-28f5e26 elementor-widget elementor-widget-shortcode\" data-id=\"28f5e26\" data-element_type=\"widget\" data-e-type=\"widget\" data-widget_type=\"shortcode.default\">\n\t\t\t\t<div class=\"elementor-widget-container\">\n\t\t\t\t\t\t\t<div class=\"elementor-shortcode\">\n<div class=\"wpcf7 no-js\" id=\"wpcf7-f681-o1\" lang=\"en-US\" dir=\"ltr\" data-wpcf7-id=\"681\">\n<div class=\"screen-reader-response\"><p role=\"status\" aria-live=\"polite\" aria-atomic=\"true\"><\/p> <ul><\/ul><\/div>\n<form action=\"\/es\/wp-json\/wp\/v2\/pages\/985#wpcf7-f681-o1\" method=\"post\" class=\"wpcf7-form init\" aria-label=\"Contact form\" novalidate=\"novalidate\" data-status=\"init\" data-trp-original-action=\"\/es\/wp-json\/wp\/v2\/pages\/985#wpcf7-f681-o1\">\n<fieldset class=\"hidden-fields-container\"><input type=\"hidden\" name=\"_wpcf7\" value=\"681\" \/><input type=\"hidden\" name=\"_wpcf7_version\" value=\"6.1.5\" \/><input type=\"hidden\" name=\"_wpcf7_locale\" value=\"en_US\" \/><input type=\"hidden\" name=\"_wpcf7_unit_tag\" value=\"wpcf7-f681-o1\" \/><input type=\"hidden\" name=\"_wpcf7_container_post\" value=\"0\" \/><input type=\"hidden\" name=\"_wpcf7_posted_data_hash\" value=\"\" \/><input type=\"hidden\" name=\"_wpcf7_recaptcha_response\" value=\"\" \/>\n<\/fieldset>\n<div class=\"form_div_row\">\n\t<div class=\"form_div_100\">\n\t\t<p><span class=\"wpcf7-form-control-wrap\" data-name=\"your-name\"><input size=\"40\" maxlength=\"400\" class=\"wpcf7-form-control wpcf7-text wpcf7-validates-as-required\" aria-required=\"true\" aria-invalid=\"false\" placeholder=\"Tu nombre (requerido)\" value=\"\" type=\"text\" name=\"your-name\" \/><\/span>\n\t\t<\/p>\n\t<\/div>\n<\/div>\n<div class=\"form_div_row\">\n\t<div class=\"form_div_100\">\n\t\t<p><span class=\"wpcf7-form-control-wrap\" data-name=\"your-email\"><input size=\"40\" maxlength=\"400\" class=\"wpcf7-form-control wpcf7-email wpcf7-validates-as-required wpcf7-text wpcf7-validates-as-email\" aria-required=\"true\" aria-invalid=\"false\" placeholder=\"Tu Email (requerido)\" value=\"\" type=\"email\" name=\"your-email\" \/><\/span>\n\t\t<\/p>\n\t<\/div>\n<\/div>\n<div class=\"form_div_row\">\n\t<div class=\"form_div_100\">\n\t\t<p><span class=\"wpcf7-form-control-wrap\" data-name=\"your-phone\"><input size=\"40\" maxlength=\"400\" class=\"wpcf7-form-control wpcf7-text\" aria-invalid=\"false\" placeholder=\"Tel\u00e9fono\" value=\"\" type=\"text\" name=\"your-phone\" \/><\/span>\n\t\t<\/p>\n\t<\/div>\n<\/div>\n<div class=\"form_div_row\">\n\t<div class=\"form_div_100\">\n\t\t<p><label> \u00bfEs un paciente nuevo?<\/label><br \/>\n<span class=\"wpcf7-form-control-wrap\" data-name=\"Areyouanewpatient\"><span class=\"wpcf7-form-control wpcf7-radio\"><span class=\"wpcf7-list-item first\"><input type=\"radio\" name=\"Areyouanewpatient\" value=\"Yes\" checked=\"checked\" \/><span class=\"wpcf7-list-item-label\">Si<\/span><\/span><span class=\"wpcf7-list-item last\"><input type=\"radio\" name=\"Areyouanewpatient\" value=\"No\" \/><span class=\"wpcf7-list-item-label\">No<\/span><\/span><\/span><\/span>\n\t\t<\/p>\n\t<\/div>\n<\/div>\n<div class=\"form_div_row\">\n\t<div class=\"form_div_100\">\n\t\t<p><label>Est\u00e1 interesado en:<\/label><br \/>\n<span class=\"wpcf7-form-control-wrap\" data-name=\"Areyouinterested\"><span class=\"wpcf7-form-control wpcf7-radio\"><span class=\"wpcf7-list-item first\"><input type=\"radio\" name=\"Areyouinterested\" value=\"telemedicine\" checked=\"checked\" \/><span class=\"wpcf7-list-item-label\">telemedicina<\/span><\/span><span class=\"wpcf7-list-item last\"><input type=\"radio\" name=\"Areyouinterested\" value=\"in-office visit\" \/><span class=\"wpcf7-list-item-label\">visita a la oficina<\/span><\/span><\/span><\/span>\n\t\t<\/p>\n\t<\/div>\n<\/div>\n<div class=\"form_div_row\">\n\t<div class=\"form_div_100\">\n\t\t<p><input class=\"wpcf7-form-control wpcf7-submit has-spinner\" type=\"submit\" value=\"Enviar\" \/>\n\t\t<\/p>\n\t<\/div>\n<\/div><div class=\"wpcf7-response-output\" aria-hidden=\"true\"><\/div>\n<input type=\"hidden\" name=\"trp-form-language\" value=\"es\"\/><\/form>\n<\/div>\n<\/div>\n\t\t\t\t\t\t<\/div>\n\t\t\t\t<\/div>\n\t\t\t\t<div class=\"elementor-element elementor-element-84f4c57 elementor-widget-divider--view-line elementor-widget elementor-widget-divider\" data-id=\"84f4c57\" data-element_type=\"widget\" data-e-type=\"widget\" data-widget_type=\"divider.default\">\n\t\t\t\t<div class=\"elementor-widget-container\">\n\t\t\t\t\t\t\t<div class=\"elementor-divider\">\n\t\t\t<span class=\"elementor-divider-separator\">\n\t\t\t\t\t\t<\/span>\n\t\t<\/div>\n\t\t\t\t\t\t<\/div>\n\t\t\t\t<\/div>\n\t\t\t\t<div class=\"elementor-element elementor-element-52401ff icon-circle-item neck elementor-widget elementor-widget-heading\" data-id=\"52401ff\" data-element_type=\"widget\" data-e-type=\"widget\" data-widget_type=\"heading.default\">\n\t\t\t\t<div class=\"elementor-widget-container\">\n\t\t\t\t\t<h6 class=\"elementor-heading-title elementor-size-default\"><a href=\"https:\/\/genesisortho.com\/es\/patient-education\/neck-overview\/\">Neck &amp; Back\n            <\/a><\/h6>\t\t\t\t<\/div>\n\t\t\t\t<\/div>\n\t\t\t\t<div class=\"elementor-element elementor-element-1379398 icon-circle-item shoulder elementor-widget elementor-widget-heading\" data-id=\"1379398\" data-element_type=\"widget\" data-e-type=\"widget\" data-widget_type=\"heading.default\">\n\t\t\t\t<div class=\"elementor-widget-container\">\n\t\t\t\t\t<h6 class=\"elementor-heading-title elementor-size-default\"><a href=\"https:\/\/genesisortho.com\/es\/patient-education\/shoulder-overview\/\">Hombro<\/a><\/h6>\t\t\t\t<\/div>\n\t\t\t\t<\/div>\n\t\t\t\t<div class=\"elementor-element elementor-element-06db3c8 icon-circle-item hand elementor-widget elementor-widget-heading\" data-id=\"06db3c8\" data-element_type=\"widget\" data-e-type=\"widget\" data-widget_type=\"heading.default\">\n\t\t\t\t<div class=\"elementor-widget-container\">\n\t\t\t\t\t<h6 class=\"elementor-heading-title elementor-size-default\"><a href=\"https:\/\/genesisortho.com\/es\/patient-education\/hand-and-wrist-overview\/\">Hand &amp; Arm\n            \n            <\/a><\/h6>\t\t\t\t<\/div>\n\t\t\t\t<\/div>\n\t\t\t\t<div class=\"elementor-element elementor-element-bf8d2f5 icon-circle-item knee elementor-widget elementor-widget-heading\" data-id=\"bf8d2f5\" data-element_type=\"widget\" data-e-type=\"widget\" data-widget_type=\"heading.default\">\n\t\t\t\t<div class=\"elementor-widget-container\">\n\t\t\t\t\t<h6 class=\"elementor-heading-title elementor-size-default\"><a href=\"https:\/\/genesisortho.com\/es\/patient-education\/knee-overview\/\">Rodilla\n            <\/a><\/h6>\t\t\t\t<\/div>\n\t\t\t\t<\/div>\n\t\t\t\t<div class=\"elementor-element elementor-element-787ea78 icon-circle-item foot elementor-widget elementor-widget-heading\" data-id=\"787ea78\" data-element_type=\"widget\" data-e-type=\"widget\" data-widget_type=\"heading.default\">\n\t\t\t\t<div class=\"elementor-widget-container\">\n\t\t\t\t\t<h6 class=\"elementor-heading-title elementor-size-default\"><a href=\"https:\/\/genesisortho.com\/es\/patient-education\/foot-and-ankle-overview\/\">Foot &amp; Ankle\n            <\/a><\/h6>\t\t\t\t<\/div>\n\t\t\t\t<\/div>\n\t\t\t\t<div class=\"elementor-element elementor-element-354fbbe icon-circle-item hip elementor-widget elementor-widget-heading\" data-id=\"354fbbe\" data-element_type=\"widget\" data-e-type=\"widget\" data-widget_type=\"heading.default\">\n\t\t\t\t<div class=\"elementor-widget-container\">\n\t\t\t\t\t<h6 class=\"elementor-heading-title elementor-size-default\"><a href=\"https:\/\/genesisortho.com\/es\/patient-education\/hip-overview\/\">Cadera\n            <\/a><\/h6>\t\t\t\t<\/div>\n\t\t\t\t<\/div>\n\t\t\t\t\t<\/div>\n\t\t<\/div>\n\t\t\t\t\t<\/div>\n\t\t<\/section>\n\t\t\t\t<\/div>","protected":false},"excerpt":{"rendered":"<p>Cervical Arthritis Cervical Arthritis Diagnosis: Arthritis refers to a collection of diseases that cause inflammation and pain in the joints. There are various forms of arthritis, including the age-related osteoarthritis, which is the most common of all forms. Osteoarthritis of the neck causes inflammation of the facet joints between the cervical vertebrae and subsequent breakdown [&hellip;]<\/p>\n","protected":false},"author":2,"featured_media":0,"parent":1092,"menu_order":0,"comment_status":"closed","ping_status":"closed","template":"elementor_header_footer","meta":{"_acf_changed":false,"_monsterinsights_skip_tracking":false,"_monsterinsights_sitenote_active":false,"_monsterinsights_sitenote_note":"","_monsterinsights_sitenote_category":0,"footnotes":""},"class_list":["post-985","page","type-page","status-publish","hentry"],"acf":[],"yoast_head":"<!-- This site is optimized with the Yoast SEO Premium plugin v27.0 (Yoast SEO v27.0) - https:\/\/yoast.com\/product\/yoast-seo-premium-wordpress\/ -->\n<title>Cervical Arthritis: Causes, Symptoms, &amp; Treatments | Genesis<\/title>\n<meta name=\"description\" content=\"Learn about cervical arthritis at Genesis. Discover causes, symptoms, and effective treatment options to manage pain and improve neck function.\" \/>\n<meta name=\"robots\" content=\"index, follow, max-snippet:-1, max-image-preview:large, max-video-preview:-1\" \/>\n<link rel=\"canonical\" href=\"https:\/\/genesisortho.com\/es\/patient-education\/neck-overview\/cervical-arthritis\/\" \/>\n<meta property=\"og:locale\" content=\"es_MX\" \/>\n<meta property=\"og:type\" content=\"article\" \/>\n<meta property=\"og:title\" content=\"Cervical Arthritis\" \/>\n<meta property=\"og:description\" content=\"Learn about cervical arthritis at Genesis. Discover causes, symptoms, and effective treatment options to manage pain and improve neck function.\" \/>\n<meta property=\"og:url\" content=\"https:\/\/genesisortho.com\/es\/patient-education\/neck-overview\/cervical-arthritis\/\" \/>\n<meta property=\"og:site_name\" content=\"Genesis Orthopedics &amp; Sports Medicine\" \/>\n<meta property=\"article:publisher\" content=\"https:\/\/www.facebook.com\/genesisorthosportsmed\/\" \/>\n<meta property=\"article:modified_time\" content=\"2024-10-03T10:28:50+00:00\" \/>\n<meta name=\"twitter:card\" content=\"summary_large_image\" \/>\n<meta name=\"twitter:site\" content=\"@GenesisOrtho\" \/>\n<meta name=\"twitter:label1\" content=\"Tiempo de lectura\" \/>\n\t<meta name=\"twitter:data1\" content=\"2 minutos\" \/>\n<script type=\"application\/ld+json\" class=\"yoast-schema-graph\">{\"@context\":\"https:\/\/schema.org\",\"@graph\":[{\"@type\":\"WebPage\",\"@id\":\"https:\/\/genesisortho.com\/patient-education\/neck-overview\/cervical-arthritis\/\",\"url\":\"https:\/\/genesisortho.com\/patient-education\/neck-overview\/cervical-arthritis\/\",\"name\":\"Cervical Arthritis: Causes, Symptoms, & Treatments | Genesis\",\"isPartOf\":{\"@id\":\"https:\/\/genesisortho.com\/#website\"},\"datePublished\":\"2020-04-15T20:27:24+00:00\",\"dateModified\":\"2024-10-03T10:28:50+00:00\",\"description\":\"Learn about cervical arthritis at Genesis. Discover causes, symptoms, and effective treatment options to manage pain and improve neck function.\",\"breadcrumb\":{\"@id\":\"https:\/\/genesisortho.com\/patient-education\/neck-overview\/cervical-arthritis\/#breadcrumb\"},\"inLanguage\":\"es\",\"potentialAction\":[{\"@type\":\"ReadAction\",\"target\":[\"https:\/\/genesisortho.com\/patient-education\/neck-overview\/cervical-arthritis\/\"]}]},{\"@type\":\"BreadcrumbList\",\"@id\":\"https:\/\/genesisortho.com\/patient-education\/neck-overview\/cervical-arthritis\/#breadcrumb\",\"itemListElement\":[{\"@type\":\"ListItem\",\"position\":1,\"name\":\"Home\",\"item\":\"https:\/\/genesisortho.com\/\"},{\"@type\":\"ListItem\",\"position\":2,\"name\":\"Patient Education\",\"item\":\"https:\/\/genesisortho.com\/ar\/patient-education\/\"},{\"@type\":\"ListItem\",\"position\":3,\"name\":\"Neck Overview\",\"item\":\"https:\/\/genesisortho.com\/patient-education\/neck-overview\/\"},{\"@type\":\"ListItem\",\"position\":4,\"name\":\"Cervical Arthritis\"}]},{\"@type\":\"WebSite\",\"@id\":\"https:\/\/genesisortho.com\/#website\",\"url\":\"https:\/\/genesisortho.com\/\",\"name\":\"Genesis Orthopedics &amp; Sports Medicine\",\"description\":\"\",\"publisher\":{\"@id\":\"https:\/\/genesisortho.com\/#organization\"},\"potentialAction\":[{\"@type\":\"SearchAction\",\"target\":{\"@type\":\"EntryPoint\",\"urlTemplate\":\"https:\/\/genesisortho.com\/?s={search_term_string}\"},\"query-input\":{\"@type\":\"PropertyValueSpecification\",\"valueRequired\":true,\"valueName\":\"search_term_string\"}}],\"inLanguage\":\"es\"},{\"@type\":\"Organization\",\"@id\":\"https:\/\/genesisortho.com\/#organization\",\"name\":\"Orthopedics & Sports Medicine Treatment | Genesis Orthopedics & Sports Medicine\",\"url\":\"https:\/\/genesisortho.com\/\",\"logo\":{\"@type\":\"ImageObject\",\"inLanguage\":\"es\",\"@id\":\"https:\/\/genesisortho.com\/#\/schema\/logo\/image\/\",\"url\":\"https:\/\/genesisortho.com\/wp-content\/uploads\/2020\/03\/GO_logo_Transparent_PRINT.png\",\"contentUrl\":\"https:\/\/genesisortho.com\/wp-content\/uploads\/2020\/03\/GO_logo_Transparent_PRINT.png\",\"width\":4564,\"height\":1095,\"caption\":\"Orthopedics & Sports Medicine Treatment | Genesis Orthopedics & Sports Medicine\"},\"image\":{\"@id\":\"https:\/\/genesisortho.com\/#\/schema\/logo\/image\/\"},\"sameAs\":[\"https:\/\/www.facebook.com\/genesisorthosportsmed\/\",\"https:\/\/x.com\/GenesisOrtho\",\"https:\/\/www.instagram.com\/genesis_ortho\/\",\"https:\/\/www.linkedin.com\/company\/2302800\",\"https:\/\/www.youtube.com\/genesisortho\"]}]}<\/script>\n<!-- \/ Yoast SEO Premium plugin. -->","yoast_head_json":{"title":"Cervical Arthritis: Causes, Symptoms, & Treatments | Genesis","description":"Learn about cervical arthritis at Genesis. Discover causes, symptoms, and effective treatment options to manage pain and improve neck function.","robots":{"index":"index","follow":"follow","max-snippet":"max-snippet:-1","max-image-preview":"max-image-preview:large","max-video-preview":"max-video-preview:-1"},"canonical":"https:\/\/genesisortho.com\/es\/patient-education\/neck-overview\/cervical-arthritis\/","og_locale":"es_MX","og_type":"article","og_title":"Cervical Arthritis","og_description":"Learn about cervical arthritis at Genesis. Discover causes, symptoms, and effective treatment options to manage pain and improve neck function.","og_url":"https:\/\/genesisortho.com\/es\/patient-education\/neck-overview\/cervical-arthritis\/","og_site_name":"Genesis Orthopedics &amp; Sports Medicine","article_publisher":"https:\/\/www.facebook.com\/genesisorthosportsmed\/","article_modified_time":"2024-10-03T10:28:50+00:00","twitter_card":"summary_large_image","twitter_site":"@GenesisOrtho","twitter_misc":{"Tiempo de lectura":"2 minutos"},"schema":{"@context":"https:\/\/schema.org","@graph":[{"@type":"WebPage","@id":"https:\/\/genesisortho.com\/patient-education\/neck-overview\/cervical-arthritis\/","url":"https:\/\/genesisortho.com\/patient-education\/neck-overview\/cervical-arthritis\/","name":"Cervical Arthritis: Causes, Symptoms, & Treatments | Genesis","isPartOf":{"@id":"https:\/\/genesisortho.com\/#website"},"datePublished":"2020-04-15T20:27:24+00:00","dateModified":"2024-10-03T10:28:50+00:00","description":"Learn about cervical arthritis at Genesis. Discover causes, symptoms, and effective treatment options to manage pain and improve neck function.","breadcrumb":{"@id":"https:\/\/genesisortho.com\/patient-education\/neck-overview\/cervical-arthritis\/#breadcrumb"},"inLanguage":"es","potentialAction":[{"@type":"ReadAction","target":["https:\/\/genesisortho.com\/patient-education\/neck-overview\/cervical-arthritis\/"]}]},{"@type":"BreadcrumbList","@id":"https:\/\/genesisortho.com\/patient-education\/neck-overview\/cervical-arthritis\/#breadcrumb","itemListElement":[{"@type":"ListItem","position":1,"name":"Home","item":"https:\/\/genesisortho.com\/"},{"@type":"ListItem","position":2,"name":"Patient Education","item":"https:\/\/genesisortho.com\/ar\/patient-education\/"},{"@type":"ListItem","position":3,"name":"Neck Overview","item":"https:\/\/genesisortho.com\/patient-education\/neck-overview\/"},{"@type":"ListItem","position":4,"name":"Cervical Arthritis"}]},{"@type":"WebSite","@id":"https:\/\/genesisortho.com\/#website","url":"https:\/\/genesisortho.com\/","name":"G\u00e9nesis Ortopedia y Medicina Deportiva","description":"","publisher":{"@id":"https:\/\/genesisortho.com\/#organization"},"potentialAction":[{"@type":"SearchAction","target":{"@type":"EntryPoint","urlTemplate":"https:\/\/genesisortho.com\/?s={search_term_string}"},"query-input":{"@type":"PropertyValueSpecification","valueRequired":true,"valueName":"search_term_string"}}],"inLanguage":"es"},{"@type":"Organization","@id":"https:\/\/genesisortho.com\/#organization","name":"Orthopedics & Sports Medicine Treatment | Genesis Orthopedics & Sports Medicine","url":"https:\/\/genesisortho.com\/","logo":{"@type":"ImageObject","inLanguage":"es","@id":"https:\/\/genesisortho.com\/#\/schema\/logo\/image\/","url":"https:\/\/genesisortho.com\/wp-content\/uploads\/2020\/03\/GO_logo_Transparent_PRINT.png","contentUrl":"https:\/\/genesisortho.com\/wp-content\/uploads\/2020\/03\/GO_logo_Transparent_PRINT.png","width":4564,"height":1095,"caption":"Orthopedics & Sports Medicine Treatment | Genesis Orthopedics & Sports Medicine"},"image":{"@id":"https:\/\/genesisortho.com\/#\/schema\/logo\/image\/"},"sameAs":["https:\/\/www.facebook.com\/genesisorthosportsmed\/","https:\/\/x.com\/GenesisOrtho","https:\/\/www.instagram.com\/genesis_ortho\/","https:\/\/www.linkedin.com\/company\/2302800","https:\/\/www.youtube.com\/genesisortho"]}]}},"jetpack_sharing_enabled":true,"_links":{"self":[{"href":"https:\/\/genesisortho.com\/es\/wp-json\/wp\/v2\/pages\/985","targetHints":{"allow":["GET"]}}],"collection":[{"href":"https:\/\/genesisortho.com\/es\/wp-json\/wp\/v2\/pages"}],"about":[{"href":"https:\/\/genesisortho.com\/es\/wp-json\/wp\/v2\/types\/page"}],"author":[{"embeddable":true,"href":"https:\/\/genesisortho.com\/es\/wp-json\/wp\/v2\/users\/2"}],"replies":[{"embeddable":true,"href":"https:\/\/genesisortho.com\/es\/wp-json\/wp\/v2\/comments?post=985"}],"version-history":[{"count":0,"href":"https:\/\/genesisortho.com\/es\/wp-json\/wp\/v2\/pages\/985\/revisions"}],"up":[{"embeddable":true,"href":"https:\/\/genesisortho.com\/es\/wp-json\/wp\/v2\/pages\/1092"}],"wp:attachment":[{"href":"https:\/\/genesisortho.com\/es\/wp-json\/wp\/v2\/media?parent=985"}],"curies":[{"name":"wp","href":"https:\/\/api.w.org\/{rel}","templated":true}]}}