{"id":981,"date":"2020-04-15T20:23:59","date_gmt":"2020-04-15T20:23:59","guid":{"rendered":"https:\/\/genesisortho.wpengine.com\/?page_id=981"},"modified":"2024-10-03T10:03:37","modified_gmt":"2024-10-03T10:03:37","slug":"medial-epicondylitis","status":"publish","type":"page","link":"https:\/\/genesisortho.com\/es\/patient-education\/elbow-overview\/medial-epicondylitis\/","title":{"rendered":"Epicondilitis Medial (Codo de Golfista)"},"content":{"rendered":"<div data-elementor-type=\"wp-page\" data-elementor-id=\"981\" class=\"elementor elementor-981\" data-elementor-post-type=\"page\">\n\t\t\t\t\t\t<section class=\"elementor-section elementor-top-section elementor-element elementor-element-42af18d9 elementor-section-boxed elementor-section-height-default elementor-section-height-default\" data-id=\"42af18d9\" data-element_type=\"section\" data-e-type=\"section\" data-settings=\"{&quot;background_background&quot;:&quot;classic&quot;}\">\n\t\t\t\t\t\t\t<div class=\"elementor-background-overlay\"><\/div>\n\t\t\t\t\t\t\t<div class=\"elementor-container elementor-column-gap-default\">\n\t\t\t\t\t<div class=\"elementor-column elementor-col-100 elementor-top-column elementor-element elementor-element-3be671db\" data-id=\"3be671db\" data-element_type=\"column\" data-e-type=\"column\">\n\t\t\t<div class=\"elementor-widget-wrap elementor-element-populated\">\n\t\t\t\t\t\t<div class=\"elementor-element elementor-element-305f65d1 elementor-widget elementor-widget-heading\" data-id=\"305f65d1\" data-element_type=\"widget\" data-e-type=\"widget\" data-widget_type=\"heading.default\">\n\t\t\t\t<div class=\"elementor-widget-container\">\n\t\t\t\t\t<h1 class=\"elementor-heading-title elementor-size-default\">Epicondilitis Medial (Codo de Golfista)<\/h1>\t\t\t\t<\/div>\n\t\t\t\t<\/div>\n\t\t\t\t\t<\/div>\n\t\t<\/div>\n\t\t\t\t\t<\/div>\n\t\t<\/section>\n\t\t\t\t<section class=\"elementor-section elementor-top-section elementor-element elementor-element-26796b30 body-part-content elementor-section-boxed elementor-section-height-default elementor-section-height-default\" data-id=\"26796b30\" data-element_type=\"section\" data-e-type=\"section\" data-settings=\"{&quot;background_background&quot;:&quot;classic&quot;}\">\n\t\t\t\t\t\t<div class=\"elementor-container elementor-column-gap-default\">\n\t\t\t\t\t<div class=\"elementor-column elementor-col-50 elementor-top-column elementor-element elementor-element-300a9edd\" data-id=\"300a9edd\" data-element_type=\"column\" data-e-type=\"column\">\n\t\t\t<div class=\"elementor-widget-wrap elementor-element-populated\">\n\t\t\t\t\t\t<div class=\"elementor-element elementor-element-f626835 elementor-widget elementor-widget-heading\" data-id=\"f626835\" data-element_type=\"widget\" data-e-type=\"widget\" data-widget_type=\"heading.default\">\n\t\t\t\t<div class=\"elementor-widget-container\">\n\t\t\t\t\t<h4 class=\"elementor-heading-title elementor-size-default\">Epicondilitis Medial (Codo de Golfista)<\/h4>\t\t\t\t<\/div>\n\t\t\t\t<\/div>\n\t\t\t\t<div class=\"elementor-element elementor-element-2cb0f6b2 elementor-widget elementor-widget-text-editor\" data-id=\"2cb0f6b2\" data-element_type=\"widget\" data-e-type=\"widget\" data-widget_type=\"text-editor.default\">\n\t\t\t\t<div class=\"elementor-widget-container\">\n\t\t\t\t\t\t\t\t\t<h4>Diagn\u00f3stico:<\/h4><p>La epicondilitis medial, tambi\u00e9n llamada codo de golfista, es una patolog\u00eda del codo parecida al codo de tenista. El factor que las diferencia va a ser la ubicaci\u00f3n del dolor. Ambas afecciones van a ser tendinitis del antebrazo; sin embargo, el codo de golfista es un tipo de tendinitis que afecta el interior de la articulaci\u00f3n del codo en oposici\u00f3n al exterior. El codo de golfista puede ser consecuencia de una tensi\u00f3n aguda, o por una acci\u00f3n repetitiva que es lo m\u00e1s com\u00fan, como tambi\u00e9n balancear repetidamente un palo de golf. Las personas afectadas por el codo de golfista suelen presentar dolor y sensibilidad en la parte interna del codo que va a recorrer la parte interna del brazo, producir\u00e1 rigidez, debilidad y, en algunos casos, entumecimiento u hormigueo. Contrariamente a su nombre, el codo de golfista tiene diversas causas, como el levantamiento de pesas, los deportes de raqueta y otras actividades repetitivas como trabajar en el jard\u00edn o usar una computadora.<\/p>\t\t\t\t\t\t\t\t<\/div>\n\t\t\t\t<\/div>\n\t\t\t\t<div class=\"elementor-element elementor-element-1dd7ec80 elementor-widget elementor-widget-text-editor\" data-id=\"1dd7ec80\" data-element_type=\"widget\" data-e-type=\"widget\" data-widget_type=\"text-editor.default\">\n\t\t\t\t<div class=\"elementor-widget-container\">\n\t\t\t\t\t\t\t\t\t<h4><b>Opciones de Tratamiento:<\/b><\/h4><p><b>Soporte Ortop\u00e9dico<\/b><\/p><p>En Genesis Orthopaedics &amp; Sport Medicine le podemos sugerir un dispositivo ortop\u00e9dico especial para sostener el antebrazo y aliviar el dolor. Esta f\u00e9rula va a envolver la parte superior del antebrazo y aliviar\u00e1 la presi\u00f3n sobre los m\u00fasculos y tendones del codo. Puede ser usado como soporte para la mu\u00f1eca, para aquellas lesiones que requieren un tiempo de recuperaci\u00f3n m\u00ednimo.<\/p><p><b>Cortisona<\/b><\/p><p>En Genesis Orthopaedics &amp; Sports Medicine utilizamos inyecciones de cortisona para reducir el dolor y la inflamaci\u00f3n de numerosas lesiones articulares. Las v\u00edctimas del codo de golfista pueden recibir una inyecci\u00f3n de cortisona para reducir el dolor y as\u00ed ayudar en el proceso de rehabilitaci\u00f3n con terapia f\u00edsica.<\/p><p><b>Terapia F\u00edsica<\/b><\/p><p>Si esta afecci\u00f3n es causada por jugar golf, aprender la forma adecuada de jugar puede ayudar a reducir el dolor. Para todos los tipos de codo de golfista, la terapia f\u00edsica puede ser muy beneficiosa. En Genesis Orthopaedics &amp; Sport Medicine le podemos prescribir ejercicios de fisioterapia para mejorar la movilidad en el \u00e1rea del codo y aliviar el dolor. Dependiendo de la gravedad, la terapia f\u00edsica se podr\u00eda acompa\u00f1ar con una inyecci\u00f3n de cortisona para un alivio inmediato.<\/p><p><b>Plasma rico en plaquetas (PRP)<\/b><\/p><p>Las plaquetas presentes en la sangre son los factores de crecimiento naturales de nuestro cuerpo. En Genesis Orthopaedics &amp; Sport Medicine aplicamos la terapia de plasma rico en plaquetas (PRP) como tratamiento despu\u00e9s de la cirug\u00eda para ayudar a acelerar el proceso de curaci\u00f3n o se puede aplicar por s\u00ed sola. Se va a inyectar el plasma rico en plaquetas extra\u00eddo de la sangre del paciente en las \u00e1reas da\u00f1adas o inflamadas del codo. Una vez que se inyecta, el PRP liberar\u00e1 potentes prote\u00ednas bioactivas que mejoran el proceso de curaci\u00f3n. Como resultado, las c\u00e9lulas madre se reclutan en esa \u00e1rea, lo que provocar\u00e1 un proceso inflamatorio leve y activar\u00e1 la respuesta natural del cuerpo para sanar. El lugar de la inyecci\u00f3n de PRP puede tardar hasta un mes en sanar despu\u00e9s de la primera inyecci\u00f3n.<\/p><p><b>Cirug\u00eda<\/b><\/p><p>La liberaci\u00f3n del epic\u00f3ndilo medial es una cirug\u00eda com\u00fan para esta condici\u00f3n. Este procedimiento es usado para tomar la presi\u00f3n del tend\u00f3n flexor com\u00fan y disminuir el dolor. En Genesis Orthopaedics &amp; Sport Medicine haremos peque\u00f1as incisiones en la parte interior del codo, por encima del tend\u00f3n flexor com\u00fan y luego se remover\u00e1 el tend\u00f3n del hueso y, por ende, cualquier tejido cicatricial o espolones \u00f3seos del \u00e1rea afectada.<\/p>\t\t\t\t\t\t\t\t<\/div>\n\t\t\t\t<\/div>\n\t\t\t\t\t<\/div>\n\t\t<\/div>\n\t\t\t\t<div class=\"elementor-column elementor-col-50 elementor-top-column elementor-element elementor-element-b458ced body-part-sidebar\" data-id=\"b458ced\" data-element_type=\"column\" data-e-type=\"column\" data-settings=\"{&quot;background_background&quot;:&quot;classic&quot;}\">\n\t\t\t<div class=\"elementor-widget-wrap elementor-element-populated\">\n\t\t\t\t\t\t<div class=\"elementor-element elementor-element-bc72fe3 elementor-widget elementor-widget-heading\" data-id=\"bc72fe3\" data-element_type=\"widget\" data-e-type=\"widget\" data-widget_type=\"heading.default\">\n\t\t\t\t<div class=\"elementor-widget-container\">\n\t\t\t\t\t<h2 class=\"elementor-heading-title elementor-size-default\">Solicitar una Cita<\/h2>\t\t\t\t<\/div>\n\t\t\t\t<\/div>\n\t\t\t\t<div class=\"elementor-element elementor-element-1cfab02 elementor-widget elementor-widget-text-editor\" data-id=\"1cfab02\" data-element_type=\"widget\" data-e-type=\"widget\" data-widget_type=\"text-editor.default\">\n\t\t\t\t<div class=\"elementor-widget-container\">\n\t\t\t\t\t\t\t\t\t<strong>Citas en la oficina, o telemedicina disponible en todo el mundo<\/strong>\t\t\t\t\t\t\t\t<\/div>\n\t\t\t\t<\/div>\n\t\t\t\t<div class=\"elementor-element elementor-element-81fff44 elementor-widget elementor-widget-shortcode\" data-id=\"81fff44\" data-element_type=\"widget\" data-e-type=\"widget\" data-widget_type=\"shortcode.default\">\n\t\t\t\t<div class=\"elementor-widget-container\">\n\t\t\t\t\t\t\t<div class=\"elementor-shortcode\">\n<div class=\"wpcf7 no-js\" id=\"wpcf7-f681-o1\" lang=\"en-US\" dir=\"ltr\" data-wpcf7-id=\"681\">\n<div class=\"screen-reader-response\"><p role=\"status\" aria-live=\"polite\" aria-atomic=\"true\"><\/p> <ul><\/ul><\/div>\n<form action=\"\/es\/wp-json\/wp\/v2\/pages\/981#wpcf7-f681-o1\" method=\"post\" class=\"wpcf7-form init\" aria-label=\"Contact form\" novalidate=\"novalidate\" data-status=\"init\" data-trp-original-action=\"\/es\/wp-json\/wp\/v2\/pages\/981#wpcf7-f681-o1\">\n<fieldset class=\"hidden-fields-container\"><input type=\"hidden\" name=\"_wpcf7\" value=\"681\" \/><input type=\"hidden\" name=\"_wpcf7_version\" value=\"6.1.5\" \/><input type=\"hidden\" name=\"_wpcf7_locale\" value=\"en_US\" \/><input type=\"hidden\" name=\"_wpcf7_unit_tag\" value=\"wpcf7-f681-o1\" \/><input type=\"hidden\" name=\"_wpcf7_container_post\" value=\"0\" \/><input type=\"hidden\" name=\"_wpcf7_posted_data_hash\" value=\"\" \/><input type=\"hidden\" name=\"_wpcf7_recaptcha_response\" value=\"\" \/>\n<\/fieldset>\n<div class=\"form_div_row\">\n\t<div class=\"form_div_100\">\n\t\t<p><span class=\"wpcf7-form-control-wrap\" data-name=\"your-name\"><input size=\"40\" maxlength=\"400\" class=\"wpcf7-form-control wpcf7-text wpcf7-validates-as-required\" aria-required=\"true\" aria-invalid=\"false\" placeholder=\"Tu nombre (requerido)\" value=\"\" type=\"text\" name=\"your-name\" \/><\/span>\n\t\t<\/p>\n\t<\/div>\n<\/div>\n<div class=\"form_div_row\">\n\t<div class=\"form_div_100\">\n\t\t<p><span class=\"wpcf7-form-control-wrap\" data-name=\"your-email\"><input size=\"40\" maxlength=\"400\" class=\"wpcf7-form-control wpcf7-email wpcf7-validates-as-required wpcf7-text wpcf7-validates-as-email\" aria-required=\"true\" aria-invalid=\"false\" placeholder=\"Tu Email (requerido)\" value=\"\" type=\"email\" name=\"your-email\" \/><\/span>\n\t\t<\/p>\n\t<\/div>\n<\/div>\n<div class=\"form_div_row\">\n\t<div class=\"form_div_100\">\n\t\t<p><span class=\"wpcf7-form-control-wrap\" data-name=\"your-phone\"><input size=\"40\" maxlength=\"400\" class=\"wpcf7-form-control wpcf7-text\" aria-invalid=\"false\" placeholder=\"Tel\u00e9fono\" value=\"\" type=\"text\" name=\"your-phone\" \/><\/span>\n\t\t<\/p>\n\t<\/div>\n<\/div>\n<div class=\"form_div_row\">\n\t<div class=\"form_div_100\">\n\t\t<p><label> \u00bfEs un paciente nuevo?<\/label><br \/>\n<span class=\"wpcf7-form-control-wrap\" data-name=\"Areyouanewpatient\"><span class=\"wpcf7-form-control wpcf7-radio\"><span class=\"wpcf7-list-item first\"><input type=\"radio\" name=\"Areyouanewpatient\" value=\"Yes\" checked=\"checked\" \/><span class=\"wpcf7-list-item-label\">Si<\/span><\/span><span class=\"wpcf7-list-item last\"><input type=\"radio\" name=\"Areyouanewpatient\" value=\"No\" \/><span class=\"wpcf7-list-item-label\">No<\/span><\/span><\/span><\/span>\n\t\t<\/p>\n\t<\/div>\n<\/div>\n<div class=\"form_div_row\">\n\t<div class=\"form_div_100\">\n\t\t<p><label>Est\u00e1 interesado en:<\/label><br \/>\n<span class=\"wpcf7-form-control-wrap\" data-name=\"Areyouinterested\"><span class=\"wpcf7-form-control wpcf7-radio\"><span class=\"wpcf7-list-item first\"><input type=\"radio\" name=\"Areyouinterested\" value=\"telemedicine\" checked=\"checked\" \/><span class=\"wpcf7-list-item-label\">telemedicina<\/span><\/span><span class=\"wpcf7-list-item last\"><input type=\"radio\" name=\"Areyouinterested\" value=\"in-office visit\" \/><span class=\"wpcf7-list-item-label\">visita a la oficina<\/span><\/span><\/span><\/span>\n\t\t<\/p>\n\t<\/div>\n<\/div>\n<div class=\"form_div_row\">\n\t<div class=\"form_div_100\">\n\t\t<p><input class=\"wpcf7-form-control wpcf7-submit has-spinner\" type=\"submit\" value=\"Enviar\" \/>\n\t\t<\/p>\n\t<\/div>\n<\/div><div class=\"wpcf7-response-output\" aria-hidden=\"true\"><\/div>\n<input type=\"hidden\" name=\"trp-form-language\" value=\"es\"\/><\/form>\n<\/div>\n<\/div>\n\t\t\t\t\t\t<\/div>\n\t\t\t\t<\/div>\n\t\t\t\t<div class=\"elementor-element elementor-element-fa0ee8c elementor-widget-divider--view-line elementor-widget elementor-widget-divider\" data-id=\"fa0ee8c\" data-element_type=\"widget\" data-e-type=\"widget\" data-widget_type=\"divider.default\">\n\t\t\t\t<div class=\"elementor-widget-container\">\n\t\t\t\t\t\t\t<div class=\"elementor-divider\">\n\t\t\t<span class=\"elementor-divider-separator\">\n\t\t\t\t\t\t<\/span>\n\t\t<\/div>\n\t\t\t\t\t\t<\/div>\n\t\t\t\t<\/div>\n\t\t\t\t<div class=\"elementor-element elementor-element-020aa6f icon-circle-item neck elementor-widget elementor-widget-heading\" data-id=\"020aa6f\" data-element_type=\"widget\" data-e-type=\"widget\" data-widget_type=\"heading.default\">\n\t\t\t\t<div class=\"elementor-widget-container\">\n\t\t\t\t\t<h6 class=\"elementor-heading-title elementor-size-default\"><a href=\"https:\/\/genesisortho.com\/es\/patient-education\/neck-overview\/\">Neck &amp; Back\n            <\/a><\/h6>\t\t\t\t<\/div>\n\t\t\t\t<\/div>\n\t\t\t\t<div class=\"elementor-element elementor-element-b8b68c8 icon-circle-item shoulder elementor-widget elementor-widget-heading\" data-id=\"b8b68c8\" data-element_type=\"widget\" data-e-type=\"widget\" data-widget_type=\"heading.default\">\n\t\t\t\t<div class=\"elementor-widget-container\">\n\t\t\t\t\t<h6 class=\"elementor-heading-title elementor-size-default\"><a href=\"https:\/\/genesisortho.com\/es\/patient-education\/shoulder-overview\/\">Hombro<\/a><\/h6>\t\t\t\t<\/div>\n\t\t\t\t<\/div>\n\t\t\t\t<div class=\"elementor-element elementor-element-20e31f3 icon-circle-item hand elementor-widget elementor-widget-heading\" data-id=\"20e31f3\" data-element_type=\"widget\" data-e-type=\"widget\" data-widget_type=\"heading.default\">\n\t\t\t\t<div class=\"elementor-widget-container\">\n\t\t\t\t\t<h6 class=\"elementor-heading-title elementor-size-default\"><a href=\"https:\/\/genesisortho.com\/es\/patient-education\/hand-and-wrist-overview\/\">Hand &amp; Arm\n            \n            <\/a><\/h6>\t\t\t\t<\/div>\n\t\t\t\t<\/div>\n\t\t\t\t<div class=\"elementor-element elementor-element-051e0f3 icon-circle-item knee elementor-widget elementor-widget-heading\" data-id=\"051e0f3\" data-element_type=\"widget\" data-e-type=\"widget\" data-widget_type=\"heading.default\">\n\t\t\t\t<div class=\"elementor-widget-container\">\n\t\t\t\t\t<h6 class=\"elementor-heading-title elementor-size-default\"><a href=\"https:\/\/genesisortho.com\/es\/patient-education\/knee-overview\/\">Rodilla\n            <\/a><\/h6>\t\t\t\t<\/div>\n\t\t\t\t<\/div>\n\t\t\t\t<div class=\"elementor-element elementor-element-de8207f icon-circle-item foot elementor-widget elementor-widget-heading\" data-id=\"de8207f\" data-element_type=\"widget\" data-e-type=\"widget\" data-widget_type=\"heading.default\">\n\t\t\t\t<div class=\"elementor-widget-container\">\n\t\t\t\t\t<h6 class=\"elementor-heading-title elementor-size-default\"><a href=\"https:\/\/genesisortho.com\/es\/patient-education\/foot-and-ankle-overview\/\">Foot &amp; Ankle\n            <\/a><\/h6>\t\t\t\t<\/div>\n\t\t\t\t<\/div>\n\t\t\t\t<div class=\"elementor-element elementor-element-543d3d1 icon-circle-item hip elementor-widget elementor-widget-heading\" data-id=\"543d3d1\" data-element_type=\"widget\" data-e-type=\"widget\" data-widget_type=\"heading.default\">\n\t\t\t\t<div class=\"elementor-widget-container\">\n\t\t\t\t\t<h6 class=\"elementor-heading-title elementor-size-default\"><a href=\"https:\/\/genesisortho.com\/es\/patient-education\/hip-overview\/\">Cadera\n            <\/a><\/h6>\t\t\t\t<\/div>\n\t\t\t\t<\/div>\n\t\t\t\t\t<\/div>\n\t\t<\/div>\n\t\t\t\t\t<\/div>\n\t\t<\/section>\n\t\t\t\t<\/div>","protected":false},"excerpt":{"rendered":"<p>Medial Epicondylitis (Golfer\u2019s elbow) Medial Epicondylitis (Golfer\u2019s elbow) Diagnosis: Medial epicondylitis, commonly referred to as golfer\u2019s elbow, is a condition of the elbow similar to tennis elbow. The differentiating factor between golfer\u2019s elbow and tennis elbow is the location of the pain. Both conditions are tendonitis of the forearm; however golfer\u2019s elbow is tendonitis affecting [&hellip;]<\/p>\n","protected":false},"author":2,"featured_media":0,"parent":1086,"menu_order":0,"comment_status":"closed","ping_status":"closed","template":"elementor_header_footer","meta":{"_acf_changed":false,"_monsterinsights_skip_tracking":false,"_monsterinsights_sitenote_active":false,"_monsterinsights_sitenote_note":"","_monsterinsights_sitenote_category":0,"footnotes":""},"class_list":["post-981","page","type-page","status-publish","hentry"],"acf":[],"yoast_head":"<!-- This site is optimized with the Yoast SEO Premium plugin v27.0 (Yoast SEO v27.0) - https:\/\/yoast.com\/product\/yoast-seo-premium-wordpress\/ -->\n<title>Medial Epicondylitis (Golfer\u2019s Elbow): Symptoms &amp; Treatment<\/title>\n<meta name=\"description\" content=\"Explore medial epicondylitis (golfer\u2019s elbow) at Genesis. Get information on symptoms, causes, and treatment options to help manage your discomfort.\" \/>\n<meta name=\"robots\" content=\"index, follow, max-snippet:-1, max-image-preview:large, max-video-preview:-1\" \/>\n<link rel=\"canonical\" href=\"https:\/\/genesisortho.com\/es\/patient-education\/elbow-overview\/medial-epicondylitis\/\" \/>\n<meta property=\"og:locale\" content=\"es_MX\" \/>\n<meta property=\"og:type\" content=\"article\" \/>\n<meta property=\"og:title\" content=\"Medial Epicondylitis (Golfer\u2019s elbow)\" \/>\n<meta property=\"og:description\" content=\"Explore medial epicondylitis (golfer\u2019s elbow) at Genesis. Get information on symptoms, causes, and treatment options to help manage your discomfort.\" \/>\n<meta property=\"og:url\" content=\"https:\/\/genesisortho.com\/es\/patient-education\/elbow-overview\/medial-epicondylitis\/\" \/>\n<meta property=\"og:site_name\" content=\"Genesis Orthopedics &amp; Sports Medicine\" \/>\n<meta property=\"article:publisher\" content=\"https:\/\/www.facebook.com\/genesisorthosportsmed\/\" \/>\n<meta property=\"article:modified_time\" content=\"2024-10-03T10:03:37+00:00\" \/>\n<meta name=\"twitter:card\" content=\"summary_large_image\" \/>\n<meta name=\"twitter:site\" content=\"@GenesisOrtho\" \/>\n<meta name=\"twitter:label1\" content=\"Tiempo de lectura\" \/>\n\t<meta name=\"twitter:data1\" content=\"3 minutos\" \/>\n<script type=\"application\/ld+json\" class=\"yoast-schema-graph\">{\"@context\":\"https:\/\/schema.org\",\"@graph\":[{\"@type\":\"WebPage\",\"@id\":\"https:\/\/genesisortho.com\/ar\/patient-education\/elbow-overview\/medial-epicondylitis\/\",\"url\":\"https:\/\/genesisortho.com\/ar\/patient-education\/elbow-overview\/medial-epicondylitis\/\",\"name\":\"Medial Epicondylitis (Golfer\u2019s Elbow): Symptoms & Treatment\",\"isPartOf\":{\"@id\":\"https:\/\/genesisortho.com\/#website\"},\"datePublished\":\"2020-04-15T20:23:59+00:00\",\"dateModified\":\"2024-10-03T10:03:37+00:00\",\"description\":\"Explore medial epicondylitis (golfer\u2019s elbow) at Genesis. Get information on symptoms, causes, and treatment options to help manage your discomfort.\",\"breadcrumb\":{\"@id\":\"https:\/\/genesisortho.com\/ar\/patient-education\/elbow-overview\/medial-epicondylitis\/#breadcrumb\"},\"inLanguage\":\"es\",\"potentialAction\":[{\"@type\":\"ReadAction\",\"target\":[\"https:\/\/genesisortho.com\/ar\/patient-education\/elbow-overview\/medial-epicondylitis\/\"]}]},{\"@type\":\"BreadcrumbList\",\"@id\":\"https:\/\/genesisortho.com\/ar\/patient-education\/elbow-overview\/medial-epicondylitis\/#breadcrumb\",\"itemListElement\":[{\"@type\":\"ListItem\",\"position\":1,\"name\":\"Home\",\"item\":\"https:\/\/genesisortho.com\/\"},{\"@type\":\"ListItem\",\"position\":2,\"name\":\"Patient Education\",\"item\":\"https:\/\/genesisortho.com\/ar\/patient-education\/\"},{\"@type\":\"ListItem\",\"position\":3,\"name\":\"Elbow Overview\",\"item\":\"https:\/\/genesisortho.com\/ar\/patient-education\/elbow-overview\/\"},{\"@type\":\"ListItem\",\"position\":4,\"name\":\"Medial Epicondylitis (Golfer\u2019s elbow)\"}]},{\"@type\":\"WebSite\",\"@id\":\"https:\/\/genesisortho.com\/#website\",\"url\":\"https:\/\/genesisortho.com\/\",\"name\":\"Genesis Orthopedics &amp; Sports Medicine\",\"description\":\"\",\"publisher\":{\"@id\":\"https:\/\/genesisortho.com\/#organization\"},\"potentialAction\":[{\"@type\":\"SearchAction\",\"target\":{\"@type\":\"EntryPoint\",\"urlTemplate\":\"https:\/\/genesisortho.com\/?s={search_term_string}\"},\"query-input\":{\"@type\":\"PropertyValueSpecification\",\"valueRequired\":true,\"valueName\":\"search_term_string\"}}],\"inLanguage\":\"es\"},{\"@type\":\"Organization\",\"@id\":\"https:\/\/genesisortho.com\/#organization\",\"name\":\"Orthopedics & Sports Medicine Treatment | Genesis Orthopedics & Sports Medicine\",\"url\":\"https:\/\/genesisortho.com\/\",\"logo\":{\"@type\":\"ImageObject\",\"inLanguage\":\"es\",\"@id\":\"https:\/\/genesisortho.com\/#\/schema\/logo\/image\/\",\"url\":\"https:\/\/genesisortho.com\/wp-content\/uploads\/2020\/03\/GO_logo_Transparent_PRINT.png\",\"contentUrl\":\"https:\/\/genesisortho.com\/wp-content\/uploads\/2020\/03\/GO_logo_Transparent_PRINT.png\",\"width\":4564,\"height\":1095,\"caption\":\"Orthopedics & Sports Medicine Treatment | Genesis Orthopedics & Sports Medicine\"},\"image\":{\"@id\":\"https:\/\/genesisortho.com\/#\/schema\/logo\/image\/\"},\"sameAs\":[\"https:\/\/www.facebook.com\/genesisorthosportsmed\/\",\"https:\/\/x.com\/GenesisOrtho\",\"https:\/\/www.instagram.com\/genesis_ortho\/\",\"https:\/\/www.linkedin.com\/company\/2302800\",\"https:\/\/www.youtube.com\/genesisortho\"]}]}<\/script>\n<!-- \/ Yoast SEO Premium plugin. -->","yoast_head_json":{"title":"Medial Epicondylitis (Golfer\u2019s Elbow): Symptoms & Treatment","description":"Explore medial epicondylitis (golfer\u2019s elbow) at Genesis. Get information on symptoms, causes, and treatment options to help manage your discomfort.","robots":{"index":"index","follow":"follow","max-snippet":"max-snippet:-1","max-image-preview":"max-image-preview:large","max-video-preview":"max-video-preview:-1"},"canonical":"https:\/\/genesisortho.com\/es\/patient-education\/elbow-overview\/medial-epicondylitis\/","og_locale":"es_MX","og_type":"article","og_title":"Medial Epicondylitis (Golfer\u2019s elbow)","og_description":"Explore medial epicondylitis (golfer\u2019s elbow) at Genesis. Get information on symptoms, causes, and treatment options to help manage your discomfort.","og_url":"https:\/\/genesisortho.com\/es\/patient-education\/elbow-overview\/medial-epicondylitis\/","og_site_name":"Genesis Orthopedics &amp; Sports Medicine","article_publisher":"https:\/\/www.facebook.com\/genesisorthosportsmed\/","article_modified_time":"2024-10-03T10:03:37+00:00","twitter_card":"summary_large_image","twitter_site":"@GenesisOrtho","twitter_misc":{"Tiempo de lectura":"3 minutos"},"schema":{"@context":"https:\/\/schema.org","@graph":[{"@type":"WebPage","@id":"https:\/\/genesisortho.com\/ar\/patient-education\/elbow-overview\/medial-epicondylitis\/","url":"https:\/\/genesisortho.com\/ar\/patient-education\/elbow-overview\/medial-epicondylitis\/","name":"Medial Epicondylitis (Golfer\u2019s Elbow): Symptoms & Treatment","isPartOf":{"@id":"https:\/\/genesisortho.com\/#website"},"datePublished":"2020-04-15T20:23:59+00:00","dateModified":"2024-10-03T10:03:37+00:00","description":"Explore medial epicondylitis (golfer\u2019s elbow) at Genesis. Get information on symptoms, causes, and treatment options to help manage your discomfort.","breadcrumb":{"@id":"https:\/\/genesisortho.com\/ar\/patient-education\/elbow-overview\/medial-epicondylitis\/#breadcrumb"},"inLanguage":"es","potentialAction":[{"@type":"ReadAction","target":["https:\/\/genesisortho.com\/ar\/patient-education\/elbow-overview\/medial-epicondylitis\/"]}]},{"@type":"BreadcrumbList","@id":"https:\/\/genesisortho.com\/ar\/patient-education\/elbow-overview\/medial-epicondylitis\/#breadcrumb","itemListElement":[{"@type":"ListItem","position":1,"name":"Home","item":"https:\/\/genesisortho.com\/"},{"@type":"ListItem","position":2,"name":"Patient Education","item":"https:\/\/genesisortho.com\/ar\/patient-education\/"},{"@type":"ListItem","position":3,"name":"Elbow Overview","item":"https:\/\/genesisortho.com\/ar\/patient-education\/elbow-overview\/"},{"@type":"ListItem","position":4,"name":"Medial Epicondylitis (Golfer\u2019s elbow)"}]},{"@type":"WebSite","@id":"https:\/\/genesisortho.com\/#website","url":"https:\/\/genesisortho.com\/","name":"G\u00e9nesis Ortopedia y Medicina Deportiva","description":"","publisher":{"@id":"https:\/\/genesisortho.com\/#organization"},"potentialAction":[{"@type":"SearchAction","target":{"@type":"EntryPoint","urlTemplate":"https:\/\/genesisortho.com\/?s={search_term_string}"},"query-input":{"@type":"PropertyValueSpecification","valueRequired":true,"valueName":"search_term_string"}}],"inLanguage":"es"},{"@type":"Organization","@id":"https:\/\/genesisortho.com\/#organization","name":"Orthopedics & Sports Medicine Treatment | Genesis Orthopedics & Sports Medicine","url":"https:\/\/genesisortho.com\/","logo":{"@type":"ImageObject","inLanguage":"es","@id":"https:\/\/genesisortho.com\/#\/schema\/logo\/image\/","url":"https:\/\/genesisortho.com\/wp-content\/uploads\/2020\/03\/GO_logo_Transparent_PRINT.png","contentUrl":"https:\/\/genesisortho.com\/wp-content\/uploads\/2020\/03\/GO_logo_Transparent_PRINT.png","width":4564,"height":1095,"caption":"Orthopedics & Sports Medicine Treatment | Genesis Orthopedics & Sports Medicine"},"image":{"@id":"https:\/\/genesisortho.com\/#\/schema\/logo\/image\/"},"sameAs":["https:\/\/www.facebook.com\/genesisorthosportsmed\/","https:\/\/x.com\/GenesisOrtho","https:\/\/www.instagram.com\/genesis_ortho\/","https:\/\/www.linkedin.com\/company\/2302800","https:\/\/www.youtube.com\/genesisortho"]}]}},"jetpack_sharing_enabled":true,"_links":{"self":[{"href":"https:\/\/genesisortho.com\/es\/wp-json\/wp\/v2\/pages\/981","targetHints":{"allow":["GET"]}}],"collection":[{"href":"https:\/\/genesisortho.com\/es\/wp-json\/wp\/v2\/pages"}],"about":[{"href":"https:\/\/genesisortho.com\/es\/wp-json\/wp\/v2\/types\/page"}],"author":[{"embeddable":true,"href":"https:\/\/genesisortho.com\/es\/wp-json\/wp\/v2\/users\/2"}],"replies":[{"embeddable":true,"href":"https:\/\/genesisortho.com\/es\/wp-json\/wp\/v2\/comments?post=981"}],"version-history":[{"count":0,"href":"https:\/\/genesisortho.com\/es\/wp-json\/wp\/v2\/pages\/981\/revisions"}],"up":[{"embeddable":true,"href":"https:\/\/genesisortho.com\/es\/wp-json\/wp\/v2\/pages\/1086"}],"wp:attachment":[{"href":"https:\/\/genesisortho.com\/es\/wp-json\/wp\/v2\/media?parent=981"}],"curies":[{"name":"wp","href":"https:\/\/api.w.org\/{rel}","templated":true}]}}