{"id":896,"date":"2020-04-15T18:55:16","date_gmt":"2020-04-15T18:55:16","guid":{"rendered":"https:\/\/genesisortho.wpengine.com\/?page_id=896"},"modified":"2024-10-03T09:58:09","modified_gmt":"2024-10-03T09:58:09","slug":"sacroiliac-joint-disorder","status":"publish","type":"page","link":"https:\/\/genesisortho.com\/es\/patient-education\/back-overview\/sacroiliac-joint-disorder\/","title":{"rendered":"S\u00edndrome de la Articulaci\u00f3n Sacroil\u00edaca"},"content":{"rendered":"<div data-elementor-type=\"wp-page\" data-elementor-id=\"896\" class=\"elementor elementor-896\" data-elementor-post-type=\"page\">\n\t\t\t\t\t\t<section class=\"elementor-section elementor-top-section elementor-element elementor-element-6fd8aa8c elementor-section-boxed elementor-section-height-default elementor-section-height-default\" data-id=\"6fd8aa8c\" data-element_type=\"section\" data-e-type=\"section\" data-settings=\"{&quot;background_background&quot;:&quot;classic&quot;}\">\n\t\t\t\t\t\t\t<div class=\"elementor-background-overlay\"><\/div>\n\t\t\t\t\t\t\t<div class=\"elementor-container elementor-column-gap-default\">\n\t\t\t\t\t<div class=\"elementor-column elementor-col-100 elementor-top-column elementor-element elementor-element-725f0602\" data-id=\"725f0602\" data-element_type=\"column\" data-e-type=\"column\">\n\t\t\t<div class=\"elementor-widget-wrap elementor-element-populated\">\n\t\t\t\t\t\t<div class=\"elementor-element elementor-element-7176f365 elementor-widget elementor-widget-heading\" data-id=\"7176f365\" data-element_type=\"widget\" data-e-type=\"widget\" data-widget_type=\"heading.default\">\n\t\t\t\t<div class=\"elementor-widget-container\">\n\t\t\t\t\t<h1 class=\"elementor-heading-title elementor-size-default\">S\u00edndrome de la Articulaci\u00f3n Sacroil\u00edaca<\/h1>\t\t\t\t<\/div>\n\t\t\t\t<\/div>\n\t\t\t\t\t<\/div>\n\t\t<\/div>\n\t\t\t\t\t<\/div>\n\t\t<\/section>\n\t\t\t\t<section class=\"elementor-section elementor-top-section elementor-element elementor-element-40cbcc11 body-part-content elementor-section-boxed elementor-section-height-default elementor-section-height-default\" data-id=\"40cbcc11\" data-element_type=\"section\" data-e-type=\"section\" data-settings=\"{&quot;background_background&quot;:&quot;classic&quot;}\">\n\t\t\t\t\t\t<div class=\"elementor-container elementor-column-gap-default\">\n\t\t\t\t\t<div class=\"elementor-column elementor-col-50 elementor-top-column elementor-element elementor-element-4bb35c00\" data-id=\"4bb35c00\" data-element_type=\"column\" data-e-type=\"column\">\n\t\t\t<div class=\"elementor-widget-wrap elementor-element-populated\">\n\t\t\t\t\t\t<div class=\"elementor-element elementor-element-7203e1b7 elementor-widget elementor-widget-heading\" data-id=\"7203e1b7\" data-element_type=\"widget\" data-e-type=\"widget\" data-widget_type=\"heading.default\">\n\t\t\t\t<div class=\"elementor-widget-container\">\n\t\t\t\t\t<h4 class=\"elementor-heading-title elementor-size-default\">S\u00edndrome de la Articulaci\u00f3n Sacroil\u00edaca<\/h4>\t\t\t\t<\/div>\n\t\t\t\t<\/div>\n\t\t\t\t<div class=\"elementor-element elementor-element-25cb0cd4 elementor-widget elementor-widget-text-editor\" data-id=\"25cb0cd4\" data-element_type=\"widget\" data-e-type=\"widget\" data-widget_type=\"text-editor.default\">\n\t\t\t\t<div class=\"elementor-widget-container\">\n\t\t\t\t\t\t\t\t\t<h4>Diagn\u00f3stico:<\/h4><p>Las articulaciones sacroil\u00edacas est\u00e1n ubicadas por debajo de la columna lumbar y por encima del coxis, conectando el sacro, que es ese hueso de forma triangular que est\u00e1 en la parte inferior de la columna vertebral, con la cresta il\u00edaca, tambi\u00e9n conocida como parte de la pelvis. Hay dos articulaciones sacroil\u00edacas que se van a conectar a ambos lados de la pelvis y servir\u00e1n para aguantar el peso de la parte superior del cuerpo y se encargar\u00e1n de distribuirlo de manera uniforme hacia la parte inferior del cuerpo. Los ligamentos de las articulaciones sacroil\u00edacas se categorizan entre las articulaciones m\u00e1s fuertes del cuerpo y, como resultado, su flexibilidad ser\u00e1 limitada.<\/p><p>En el s\u00edndrome de la articulaci\u00f3n sacroil\u00edaca es descrito el dolor y la inflamaci\u00f3n de las articulaciones sacroil\u00edacas, que pueden ser la consecuencia de demasiado o poco movimiento (hipermovilidad e hipomovilidad), degeneraci\u00f3n secundaria a la osteoartritis o cualquier otra condici\u00f3n que afecte la capacidad normal para caminar. Dependiendo de la fuente de disfunci\u00f3n de la articulaci\u00f3n sacroil\u00edaca, el dolor se puede dar en lugares ligeramente diferentes, como en la espalda baja, la cadera, la zona gl\u00fatea, la ingle y \/ o la pierna.<\/p>\t\t\t\t\t\t\t\t<\/div>\n\t\t\t\t<\/div>\n\t\t\t\t<div class=\"elementor-element elementor-element-408f459e elementor-widget elementor-widget-text-editor\" data-id=\"408f459e\" data-element_type=\"widget\" data-e-type=\"widget\" data-widget_type=\"text-editor.default\">\n\t\t\t\t<div class=\"elementor-widget-container\">\n\t\t\t\t\t\t\t\t\t<h4><b>Opciones de Tratamiento:<\/b><\/h4><p><img decoding=\"async\" data-recalc-dims=\"1\" class=\"size-full wp-image-898 alignright\" src=\"https:\/\/i0.wp.com\/genesisortho.com\/wp-content\/uploads\/2020\/04\/A00560F03.jpg?resize=225%2C178&#038;ssl=1\" alt=\"\" width=\"225\" height=\"178\" \/><\/p><p><b>Cortisona<\/b><\/p><p>En Genesis Orthopaedics &amp; Sports Medicine utilizamos la cortisona para determinar que las articulaciones sacroil\u00edacas son, en realidad, la fuente del dolor, al mismo tiempo que disminuye la inflamaci\u00f3n y el dolor.<\/p><p><b>Terapia F\u00edsica<\/b><\/p><p>Al fortalecer los m\u00fasculos que sostienen la columna, la terapia f\u00edsica es capaz de minimizar la presi\u00f3n ejercida sobre la articulaci\u00f3n sacroil\u00edaca. Esta terapia es generalmente recomendada por el equipo m\u00e9dico de Genesis Orthopaedics &amp; Sports Medicine para tratar la mayor\u00eda de los tipos de dolor de espalda, que en este caso incluye el que se origina en las articulaciones sacroil\u00edacas.<\/p>\t\t\t\t\t\t\t\t<\/div>\n\t\t\t\t<\/div>\n\t\t\t\t\t<\/div>\n\t\t<\/div>\n\t\t\t\t<div class=\"elementor-column elementor-col-50 elementor-top-column elementor-element elementor-element-fc3ea6c body-part-sidebar\" data-id=\"fc3ea6c\" data-element_type=\"column\" data-e-type=\"column\" data-settings=\"{&quot;background_background&quot;:&quot;classic&quot;}\">\n\t\t\t<div class=\"elementor-widget-wrap elementor-element-populated\">\n\t\t\t\t\t\t<div class=\"elementor-element elementor-element-d6893c9 elementor-widget elementor-widget-heading\" data-id=\"d6893c9\" data-element_type=\"widget\" data-e-type=\"widget\" data-widget_type=\"heading.default\">\n\t\t\t\t<div class=\"elementor-widget-container\">\n\t\t\t\t\t<h2 class=\"elementor-heading-title elementor-size-default\">Solicitar una Cita<\/h2>\t\t\t\t<\/div>\n\t\t\t\t<\/div>\n\t\t\t\t<div class=\"elementor-element elementor-element-1daa8a6 elementor-widget elementor-widget-text-editor\" data-id=\"1daa8a6\" data-element_type=\"widget\" data-e-type=\"widget\" data-widget_type=\"text-editor.default\">\n\t\t\t\t<div class=\"elementor-widget-container\">\n\t\t\t\t\t\t\t\t\t<strong>Citas en la oficina, o telemedicina disponible en todo el mundo<\/strong>\t\t\t\t\t\t\t\t<\/div>\n\t\t\t\t<\/div>\n\t\t\t\t<div class=\"elementor-element elementor-element-816bc49 elementor-widget elementor-widget-shortcode\" data-id=\"816bc49\" data-element_type=\"widget\" data-e-type=\"widget\" data-widget_type=\"shortcode.default\">\n\t\t\t\t<div class=\"elementor-widget-container\">\n\t\t\t\t\t\t\t<div class=\"elementor-shortcode\">\n<div class=\"wpcf7 no-js\" id=\"wpcf7-f681-o1\" lang=\"en-US\" dir=\"ltr\" data-wpcf7-id=\"681\">\n<div class=\"screen-reader-response\"><p role=\"status\" aria-live=\"polite\" aria-atomic=\"true\"><\/p> <ul><\/ul><\/div>\n<form action=\"\/es\/wp-json\/wp\/v2\/pages\/896#wpcf7-f681-o1\" method=\"post\" class=\"wpcf7-form init\" aria-label=\"Contact form\" novalidate=\"novalidate\" data-status=\"init\" data-trp-original-action=\"\/es\/wp-json\/wp\/v2\/pages\/896#wpcf7-f681-o1\">\n<fieldset class=\"hidden-fields-container\"><input type=\"hidden\" name=\"_wpcf7\" value=\"681\" \/><input type=\"hidden\" name=\"_wpcf7_version\" value=\"6.1.5\" \/><input type=\"hidden\" name=\"_wpcf7_locale\" value=\"en_US\" \/><input type=\"hidden\" name=\"_wpcf7_unit_tag\" value=\"wpcf7-f681-o1\" \/><input type=\"hidden\" name=\"_wpcf7_container_post\" value=\"0\" \/><input type=\"hidden\" name=\"_wpcf7_posted_data_hash\" value=\"\" \/><input type=\"hidden\" name=\"_wpcf7_recaptcha_response\" value=\"\" \/>\n<\/fieldset>\n<div class=\"form_div_row\">\n\t<div class=\"form_div_100\">\n\t\t<p><span class=\"wpcf7-form-control-wrap\" data-name=\"your-name\"><input size=\"40\" maxlength=\"400\" class=\"wpcf7-form-control wpcf7-text wpcf7-validates-as-required\" aria-required=\"true\" aria-invalid=\"false\" placeholder=\"Tu nombre (requerido)\" value=\"\" type=\"text\" name=\"your-name\" \/><\/span>\n\t\t<\/p>\n\t<\/div>\n<\/div>\n<div class=\"form_div_row\">\n\t<div class=\"form_div_100\">\n\t\t<p><span class=\"wpcf7-form-control-wrap\" data-name=\"your-email\"><input size=\"40\" maxlength=\"400\" class=\"wpcf7-form-control wpcf7-email wpcf7-validates-as-required wpcf7-text wpcf7-validates-as-email\" aria-required=\"true\" aria-invalid=\"false\" placeholder=\"Tu Email (requerido)\" value=\"\" type=\"email\" name=\"your-email\" \/><\/span>\n\t\t<\/p>\n\t<\/div>\n<\/div>\n<div class=\"form_div_row\">\n\t<div class=\"form_div_100\">\n\t\t<p><span class=\"wpcf7-form-control-wrap\" data-name=\"your-phone\"><input size=\"40\" maxlength=\"400\" class=\"wpcf7-form-control wpcf7-text\" aria-invalid=\"false\" placeholder=\"Tel\u00e9fono\" value=\"\" type=\"text\" name=\"your-phone\" \/><\/span>\n\t\t<\/p>\n\t<\/div>\n<\/div>\n<div class=\"form_div_row\">\n\t<div class=\"form_div_100\">\n\t\t<p><label> \u00bfEs un paciente nuevo?<\/label><br \/>\n<span class=\"wpcf7-form-control-wrap\" data-name=\"Areyouanewpatient\"><span class=\"wpcf7-form-control wpcf7-radio\"><span class=\"wpcf7-list-item first\"><input type=\"radio\" name=\"Areyouanewpatient\" value=\"Yes\" checked=\"checked\" \/><span class=\"wpcf7-list-item-label\">Si<\/span><\/span><span class=\"wpcf7-list-item last\"><input type=\"radio\" name=\"Areyouanewpatient\" value=\"No\" \/><span class=\"wpcf7-list-item-label\">No<\/span><\/span><\/span><\/span>\n\t\t<\/p>\n\t<\/div>\n<\/div>\n<div class=\"form_div_row\">\n\t<div class=\"form_div_100\">\n\t\t<p><label>Est\u00e1 interesado en:<\/label><br \/>\n<span class=\"wpcf7-form-control-wrap\" data-name=\"Areyouinterested\"><span class=\"wpcf7-form-control wpcf7-radio\"><span class=\"wpcf7-list-item first\"><input type=\"radio\" name=\"Areyouinterested\" value=\"telemedicine\" checked=\"checked\" \/><span class=\"wpcf7-list-item-label\">telemedicina<\/span><\/span><span class=\"wpcf7-list-item last\"><input type=\"radio\" name=\"Areyouinterested\" value=\"in-office visit\" \/><span class=\"wpcf7-list-item-label\">visita a la oficina<\/span><\/span><\/span><\/span>\n\t\t<\/p>\n\t<\/div>\n<\/div>\n<div class=\"form_div_row\">\n\t<div class=\"form_div_100\">\n\t\t<p><input class=\"wpcf7-form-control wpcf7-submit has-spinner\" type=\"submit\" value=\"Enviar\" \/>\n\t\t<\/p>\n\t<\/div>\n<\/div><div class=\"wpcf7-response-output\" aria-hidden=\"true\"><\/div>\n<input type=\"hidden\" name=\"trp-form-language\" value=\"es\"\/><\/form>\n<\/div>\n<\/div>\n\t\t\t\t\t\t<\/div>\n\t\t\t\t<\/div>\n\t\t\t\t<div class=\"elementor-element elementor-element-628aa16 elementor-widget-divider--view-line elementor-widget elementor-widget-divider\" data-id=\"628aa16\" data-element_type=\"widget\" data-e-type=\"widget\" data-widget_type=\"divider.default\">\n\t\t\t\t<div class=\"elementor-widget-container\">\n\t\t\t\t\t\t\t<div class=\"elementor-divider\">\n\t\t\t<span class=\"elementor-divider-separator\">\n\t\t\t\t\t\t<\/span>\n\t\t<\/div>\n\t\t\t\t\t\t<\/div>\n\t\t\t\t<\/div>\n\t\t\t\t<div class=\"elementor-element elementor-element-9a567e5 icon-circle-item neck elementor-widget elementor-widget-heading\" data-id=\"9a567e5\" data-element_type=\"widget\" data-e-type=\"widget\" data-widget_type=\"heading.default\">\n\t\t\t\t<div class=\"elementor-widget-container\">\n\t\t\t\t\t<h6 class=\"elementor-heading-title elementor-size-default\"><a href=\"https:\/\/genesisortho.com\/es\/patient-education\/neck-overview\/\">Neck &amp; Back\n            <\/a><\/h6>\t\t\t\t<\/div>\n\t\t\t\t<\/div>\n\t\t\t\t<div class=\"elementor-element elementor-element-2ec8eba icon-circle-item shoulder elementor-widget elementor-widget-heading\" data-id=\"2ec8eba\" data-element_type=\"widget\" data-e-type=\"widget\" data-widget_type=\"heading.default\">\n\t\t\t\t<div class=\"elementor-widget-container\">\n\t\t\t\t\t<h6 class=\"elementor-heading-title elementor-size-default\"><a href=\"https:\/\/genesisortho.com\/es\/patient-education\/shoulder-overview\/\">Hombro<\/a><\/h6>\t\t\t\t<\/div>\n\t\t\t\t<\/div>\n\t\t\t\t<div class=\"elementor-element elementor-element-6da31bb icon-circle-item hand elementor-widget elementor-widget-heading\" data-id=\"6da31bb\" data-element_type=\"widget\" data-e-type=\"widget\" data-widget_type=\"heading.default\">\n\t\t\t\t<div class=\"elementor-widget-container\">\n\t\t\t\t\t<h6 class=\"elementor-heading-title elementor-size-default\"><a href=\"https:\/\/genesisortho.com\/es\/patient-education\/hand-and-wrist-overview\/\">Hand &amp; Arm\n            \n            <\/a><\/h6>\t\t\t\t<\/div>\n\t\t\t\t<\/div>\n\t\t\t\t<div class=\"elementor-element elementor-element-5104022 icon-circle-item knee elementor-widget elementor-widget-heading\" data-id=\"5104022\" data-element_type=\"widget\" data-e-type=\"widget\" data-widget_type=\"heading.default\">\n\t\t\t\t<div class=\"elementor-widget-container\">\n\t\t\t\t\t<h6 class=\"elementor-heading-title elementor-size-default\"><a href=\"https:\/\/genesisortho.com\/es\/patient-education\/knee-overview\/\">Rodilla\n            <\/a><\/h6>\t\t\t\t<\/div>\n\t\t\t\t<\/div>\n\t\t\t\t<div class=\"elementor-element elementor-element-14af345 icon-circle-item foot elementor-widget elementor-widget-heading\" data-id=\"14af345\" data-element_type=\"widget\" data-e-type=\"widget\" data-widget_type=\"heading.default\">\n\t\t\t\t<div class=\"elementor-widget-container\">\n\t\t\t\t\t<h6 class=\"elementor-heading-title elementor-size-default\"><a href=\"https:\/\/genesisortho.com\/es\/patient-education\/foot-and-ankle-overview\/\">Foot &amp; Ankle\n            <\/a><\/h6>\t\t\t\t<\/div>\n\t\t\t\t<\/div>\n\t\t\t\t<div class=\"elementor-element elementor-element-d5ebfb2 icon-circle-item hip elementor-widget elementor-widget-heading\" data-id=\"d5ebfb2\" data-element_type=\"widget\" data-e-type=\"widget\" data-widget_type=\"heading.default\">\n\t\t\t\t<div class=\"elementor-widget-container\">\n\t\t\t\t\t<h6 class=\"elementor-heading-title elementor-size-default\"><a href=\"https:\/\/genesisortho.com\/es\/patient-education\/hip-overview\/\">Cadera\n            <\/a><\/h6>\t\t\t\t<\/div>\n\t\t\t\t<\/div>\n\t\t\t\t\t<\/div>\n\t\t<\/div>\n\t\t\t\t\t<\/div>\n\t\t<\/section>\n\t\t\t\t<\/div>","protected":false},"excerpt":{"rendered":"<p>Sacroiliac Joint Disorder Sacroiliac Joint Disorder Diagnosis: The sacroiliac joints are located below the lumbar spine and above the tailbone, connecting the sacrum, which is triangular bone at the bottom of the spine, to the iliac crest, also known as the pelvis. There are two sacroiliac joints that connect to either side of the pelvis, [&hellip;]<\/p>\n","protected":false},"author":2,"featured_media":0,"parent":1076,"menu_order":0,"comment_status":"closed","ping_status":"closed","template":"elementor_header_footer","meta":{"_acf_changed":false,"_monsterinsights_skip_tracking":false,"_monsterinsights_sitenote_active":false,"_monsterinsights_sitenote_note":"","_monsterinsights_sitenote_category":0,"footnotes":""},"class_list":["post-896","page","type-page","status-publish","hentry"],"acf":[],"yoast_head":"<!-- This site is optimized with the Yoast SEO Premium plugin v27.0 (Yoast SEO v27.0) - https:\/\/yoast.com\/product\/yoast-seo-premium-wordpress\/ -->\n<title>Sacroiliac Joint Disorder | Genesis Orthopedics &amp; Sports Medicine<\/title>\n<meta name=\"description\" content=\"Find effective treatments for sacroiliac joint disorder at Genesis Orthopedics. Our specialists provide comprehensive care to relieve pain and improve function.\" \/>\n<meta name=\"robots\" content=\"index, follow, max-snippet:-1, max-image-preview:large, max-video-preview:-1\" \/>\n<link rel=\"canonical\" href=\"https:\/\/genesisortho.com\/es\/patient-education\/back-overview\/sacroiliac-joint-disorder\/\" \/>\n<meta property=\"og:locale\" content=\"es_MX\" \/>\n<meta property=\"og:type\" content=\"article\" \/>\n<meta property=\"og:title\" content=\"Sacroiliac Joint Disorder\" \/>\n<meta property=\"og:description\" content=\"Find effective treatments for sacroiliac joint disorder at Genesis Orthopedics. Our specialists provide comprehensive care to relieve pain and improve function.\" \/>\n<meta property=\"og:url\" content=\"https:\/\/genesisortho.com\/es\/patient-education\/back-overview\/sacroiliac-joint-disorder\/\" \/>\n<meta property=\"og:site_name\" content=\"Genesis Orthopedics &amp; Sports Medicine\" \/>\n<meta property=\"article:publisher\" content=\"https:\/\/www.facebook.com\/genesisorthosportsmed\/\" \/>\n<meta property=\"article:modified_time\" content=\"2024-10-03T09:58:09+00:00\" \/>\n<meta property=\"og:image\" content=\"https:\/\/genesisortho.com\/wp-content\/uploads\/2020\/04\/A00560F03.jpg\" \/>\n<meta name=\"twitter:card\" content=\"summary_large_image\" \/>\n<meta name=\"twitter:site\" content=\"@GenesisOrtho\" \/>\n<meta name=\"twitter:label1\" content=\"Tiempo de lectura\" \/>\n\t<meta name=\"twitter:data1\" content=\"2 minutos\" \/>\n<script type=\"application\/ld+json\" class=\"yoast-schema-graph\">{\"@context\":\"https:\/\/schema.org\",\"@graph\":[{\"@type\":\"WebPage\",\"@id\":\"https:\/\/genesisortho.com\/patient-education\/back-overview\/sacroiliac-joint-disorder\/\",\"url\":\"https:\/\/genesisortho.com\/patient-education\/back-overview\/sacroiliac-joint-disorder\/\",\"name\":\"Sacroiliac Joint Disorder | Genesis Orthopedics & Sports Medicine\",\"isPartOf\":{\"@id\":\"https:\/\/genesisortho.com\/#website\"},\"primaryImageOfPage\":{\"@id\":\"https:\/\/genesisortho.com\/patient-education\/back-overview\/sacroiliac-joint-disorder\/#primaryimage\"},\"image\":{\"@id\":\"https:\/\/genesisortho.com\/patient-education\/back-overview\/sacroiliac-joint-disorder\/#primaryimage\"},\"thumbnailUrl\":\"https:\/\/genesisortho.com\/wp-content\/uploads\/2020\/04\/A00560F03.jpg\",\"datePublished\":\"2020-04-15T18:55:16+00:00\",\"dateModified\":\"2024-10-03T09:58:09+00:00\",\"description\":\"Find effective treatments for sacroiliac joint disorder at Genesis Orthopedics. Our specialists provide comprehensive care to relieve pain and improve function.\",\"breadcrumb\":{\"@id\":\"https:\/\/genesisortho.com\/patient-education\/back-overview\/sacroiliac-joint-disorder\/#breadcrumb\"},\"inLanguage\":\"es\",\"potentialAction\":[{\"@type\":\"ReadAction\",\"target\":[\"https:\/\/genesisortho.com\/patient-education\/back-overview\/sacroiliac-joint-disorder\/\"]}]},{\"@type\":\"ImageObject\",\"inLanguage\":\"es\",\"@id\":\"https:\/\/genesisortho.com\/patient-education\/back-overview\/sacroiliac-joint-disorder\/#primaryimage\",\"url\":\"https:\/\/genesisortho.com\/wp-content\/uploads\/2020\/04\/A00560F03.jpg\",\"contentUrl\":\"https:\/\/genesisortho.com\/wp-content\/uploads\/2020\/04\/A00560F03.jpg\"},{\"@type\":\"BreadcrumbList\",\"@id\":\"https:\/\/genesisortho.com\/patient-education\/back-overview\/sacroiliac-joint-disorder\/#breadcrumb\",\"itemListElement\":[{\"@type\":\"ListItem\",\"position\":1,\"name\":\"Home\",\"item\":\"https:\/\/genesisortho.com\/\"},{\"@type\":\"ListItem\",\"position\":2,\"name\":\"Patient Education\",\"item\":\"https:\/\/genesisortho.com\/ar\/patient-education\/\"},{\"@type\":\"ListItem\",\"position\":3,\"name\":\"Back Overview\",\"item\":\"https:\/\/genesisortho.com\/pl\/patient-education\/back-overview\/\"},{\"@type\":\"ListItem\",\"position\":4,\"name\":\"Sacroiliac Joint Disorder\"}]},{\"@type\":\"WebSite\",\"@id\":\"https:\/\/genesisortho.com\/#website\",\"url\":\"https:\/\/genesisortho.com\/\",\"name\":\"Genesis Orthopedics &amp; Sports Medicine\",\"description\":\"\",\"publisher\":{\"@id\":\"https:\/\/genesisortho.com\/#organization\"},\"potentialAction\":[{\"@type\":\"SearchAction\",\"target\":{\"@type\":\"EntryPoint\",\"urlTemplate\":\"https:\/\/genesisortho.com\/?s={search_term_string}\"},\"query-input\":{\"@type\":\"PropertyValueSpecification\",\"valueRequired\":true,\"valueName\":\"search_term_string\"}}],\"inLanguage\":\"es\"},{\"@type\":\"Organization\",\"@id\":\"https:\/\/genesisortho.com\/#organization\",\"name\":\"Orthopedics & Sports Medicine Treatment | Genesis Orthopedics & Sports Medicine\",\"url\":\"https:\/\/genesisortho.com\/\",\"logo\":{\"@type\":\"ImageObject\",\"inLanguage\":\"es\",\"@id\":\"https:\/\/genesisortho.com\/#\/schema\/logo\/image\/\",\"url\":\"https:\/\/genesisortho.com\/wp-content\/uploads\/2020\/03\/GO_logo_Transparent_PRINT.png\",\"contentUrl\":\"https:\/\/genesisortho.com\/wp-content\/uploads\/2020\/03\/GO_logo_Transparent_PRINT.png\",\"width\":4564,\"height\":1095,\"caption\":\"Orthopedics & Sports Medicine Treatment | Genesis Orthopedics & Sports Medicine\"},\"image\":{\"@id\":\"https:\/\/genesisortho.com\/#\/schema\/logo\/image\/\"},\"sameAs\":[\"https:\/\/www.facebook.com\/genesisorthosportsmed\/\",\"https:\/\/x.com\/GenesisOrtho\",\"https:\/\/www.instagram.com\/genesis_ortho\/\",\"https:\/\/www.linkedin.com\/company\/2302800\",\"https:\/\/www.youtube.com\/genesisortho\"]}]}<\/script>\n<!-- \/ Yoast SEO Premium plugin. -->","yoast_head_json":{"title":"Sacroiliac Joint Disorder | Genesis Orthopedics & Sports Medicine","description":"Find effective treatments for sacroiliac joint disorder at Genesis Orthopedics. Our specialists provide comprehensive care to relieve pain and improve function.","robots":{"index":"index","follow":"follow","max-snippet":"max-snippet:-1","max-image-preview":"max-image-preview:large","max-video-preview":"max-video-preview:-1"},"canonical":"https:\/\/genesisortho.com\/es\/patient-education\/back-overview\/sacroiliac-joint-disorder\/","og_locale":"es_MX","og_type":"article","og_title":"Sacroiliac Joint Disorder","og_description":"Find effective treatments for sacroiliac joint disorder at Genesis Orthopedics. Our specialists provide comprehensive care to relieve pain and improve function.","og_url":"https:\/\/genesisortho.com\/es\/patient-education\/back-overview\/sacroiliac-joint-disorder\/","og_site_name":"Genesis Orthopedics &amp; Sports Medicine","article_publisher":"https:\/\/www.facebook.com\/genesisorthosportsmed\/","article_modified_time":"2024-10-03T09:58:09+00:00","og_image":[{"url":"https:\/\/genesisortho.com\/wp-content\/uploads\/2020\/04\/A00560F03.jpg","type":"","width":"","height":""}],"twitter_card":"summary_large_image","twitter_site":"@GenesisOrtho","twitter_misc":{"Tiempo de lectura":"2 minutos"},"schema":{"@context":"https:\/\/schema.org","@graph":[{"@type":"WebPage","@id":"https:\/\/genesisortho.com\/patient-education\/back-overview\/sacroiliac-joint-disorder\/","url":"https:\/\/genesisortho.com\/patient-education\/back-overview\/sacroiliac-joint-disorder\/","name":"Sacroiliac Joint Disorder | Genesis Orthopedics & Sports Medicine","isPartOf":{"@id":"https:\/\/genesisortho.com\/#website"},"primaryImageOfPage":{"@id":"https:\/\/genesisortho.com\/patient-education\/back-overview\/sacroiliac-joint-disorder\/#primaryimage"},"image":{"@id":"https:\/\/genesisortho.com\/patient-education\/back-overview\/sacroiliac-joint-disorder\/#primaryimage"},"thumbnailUrl":"https:\/\/genesisortho.com\/wp-content\/uploads\/2020\/04\/A00560F03.jpg","datePublished":"2020-04-15T18:55:16+00:00","dateModified":"2024-10-03T09:58:09+00:00","description":"Find effective treatments for sacroiliac joint disorder at Genesis Orthopedics. Our specialists provide comprehensive care to relieve pain and improve function.","breadcrumb":{"@id":"https:\/\/genesisortho.com\/patient-education\/back-overview\/sacroiliac-joint-disorder\/#breadcrumb"},"inLanguage":"es","potentialAction":[{"@type":"ReadAction","target":["https:\/\/genesisortho.com\/patient-education\/back-overview\/sacroiliac-joint-disorder\/"]}]},{"@type":"ImageObject","inLanguage":"es","@id":"https:\/\/genesisortho.com\/patient-education\/back-overview\/sacroiliac-joint-disorder\/#primaryimage","url":"https:\/\/genesisortho.com\/wp-content\/uploads\/2020\/04\/A00560F03.jpg","contentUrl":"https:\/\/genesisortho.com\/wp-content\/uploads\/2020\/04\/A00560F03.jpg"},{"@type":"BreadcrumbList","@id":"https:\/\/genesisortho.com\/patient-education\/back-overview\/sacroiliac-joint-disorder\/#breadcrumb","itemListElement":[{"@type":"ListItem","position":1,"name":"Home","item":"https:\/\/genesisortho.com\/"},{"@type":"ListItem","position":2,"name":"Patient Education","item":"https:\/\/genesisortho.com\/ar\/patient-education\/"},{"@type":"ListItem","position":3,"name":"Back Overview","item":"https:\/\/genesisortho.com\/pl\/patient-education\/back-overview\/"},{"@type":"ListItem","position":4,"name":"Sacroiliac Joint Disorder"}]},{"@type":"WebSite","@id":"https:\/\/genesisortho.com\/#website","url":"https:\/\/genesisortho.com\/","name":"G\u00e9nesis Ortopedia y Medicina Deportiva","description":"","publisher":{"@id":"https:\/\/genesisortho.com\/#organization"},"potentialAction":[{"@type":"SearchAction","target":{"@type":"EntryPoint","urlTemplate":"https:\/\/genesisortho.com\/?s={search_term_string}"},"query-input":{"@type":"PropertyValueSpecification","valueRequired":true,"valueName":"search_term_string"}}],"inLanguage":"es"},{"@type":"Organization","@id":"https:\/\/genesisortho.com\/#organization","name":"Orthopedics & Sports Medicine Treatment | Genesis Orthopedics & Sports Medicine","url":"https:\/\/genesisortho.com\/","logo":{"@type":"ImageObject","inLanguage":"es","@id":"https:\/\/genesisortho.com\/#\/schema\/logo\/image\/","url":"https:\/\/genesisortho.com\/wp-content\/uploads\/2020\/03\/GO_logo_Transparent_PRINT.png","contentUrl":"https:\/\/genesisortho.com\/wp-content\/uploads\/2020\/03\/GO_logo_Transparent_PRINT.png","width":4564,"height":1095,"caption":"Orthopedics & Sports Medicine Treatment | Genesis Orthopedics & Sports Medicine"},"image":{"@id":"https:\/\/genesisortho.com\/#\/schema\/logo\/image\/"},"sameAs":["https:\/\/www.facebook.com\/genesisorthosportsmed\/","https:\/\/x.com\/GenesisOrtho","https:\/\/www.instagram.com\/genesis_ortho\/","https:\/\/www.linkedin.com\/company\/2302800","https:\/\/www.youtube.com\/genesisortho"]}]}},"jetpack_sharing_enabled":true,"_links":{"self":[{"href":"https:\/\/genesisortho.com\/es\/wp-json\/wp\/v2\/pages\/896","targetHints":{"allow":["GET"]}}],"collection":[{"href":"https:\/\/genesisortho.com\/es\/wp-json\/wp\/v2\/pages"}],"about":[{"href":"https:\/\/genesisortho.com\/es\/wp-json\/wp\/v2\/types\/page"}],"author":[{"embeddable":true,"href":"https:\/\/genesisortho.com\/es\/wp-json\/wp\/v2\/users\/2"}],"replies":[{"embeddable":true,"href":"https:\/\/genesisortho.com\/es\/wp-json\/wp\/v2\/comments?post=896"}],"version-history":[{"count":0,"href":"https:\/\/genesisortho.com\/es\/wp-json\/wp\/v2\/pages\/896\/revisions"}],"up":[{"embeddable":true,"href":"https:\/\/genesisortho.com\/es\/wp-json\/wp\/v2\/pages\/1076"}],"wp:attachment":[{"href":"https:\/\/genesisortho.com\/es\/wp-json\/wp\/v2\/media?parent=896"}],"curies":[{"name":"wp","href":"https:\/\/api.w.org\/{rel}","templated":true}]}}