{"id":892,"date":"2020-04-15T18:53:13","date_gmt":"2020-04-15T18:53:13","guid":{"rendered":"https:\/\/genesisortho.wpengine.com\/?page_id=892"},"modified":"2024-10-03T09:57:54","modified_gmt":"2024-10-03T09:57:54","slug":"back-strain-or-sprain","status":"publish","type":"page","link":"https:\/\/genesisortho.com\/es\/patient-education\/back-overview\/back-strain-or-sprain\/","title":{"rendered":"Torcedura o desgarro de M\u00fasculo o Ligamento"},"content":{"rendered":"<div data-elementor-type=\"wp-page\" data-elementor-id=\"892\" class=\"elementor elementor-892\" data-elementor-post-type=\"page\">\n\t\t\t\t\t\t<section class=\"elementor-section elementor-top-section elementor-element elementor-element-6e9b4508 elementor-section-boxed elementor-section-height-default elementor-section-height-default\" data-id=\"6e9b4508\" data-element_type=\"section\" data-e-type=\"section\" data-settings=\"{&quot;background_background&quot;:&quot;classic&quot;}\">\n\t\t\t\t\t\t\t<div class=\"elementor-background-overlay\"><\/div>\n\t\t\t\t\t\t\t<div class=\"elementor-container elementor-column-gap-default\">\n\t\t\t\t\t<div class=\"elementor-column elementor-col-100 elementor-top-column elementor-element elementor-element-3e3c5e23\" data-id=\"3e3c5e23\" data-element_type=\"column\" data-e-type=\"column\">\n\t\t\t<div class=\"elementor-widget-wrap elementor-element-populated\">\n\t\t\t\t\t\t<div class=\"elementor-element elementor-element-5f3ff5ef elementor-widget elementor-widget-heading\" data-id=\"5f3ff5ef\" data-element_type=\"widget\" data-e-type=\"widget\" data-widget_type=\"heading.default\">\n\t\t\t\t<div class=\"elementor-widget-container\">\n\t\t\t\t\t<h1 class=\"elementor-heading-title elementor-size-default\">Torcedura o desgarro de M\u00fasculo o Ligamento<\/h1>\t\t\t\t<\/div>\n\t\t\t\t<\/div>\n\t\t\t\t\t<\/div>\n\t\t<\/div>\n\t\t\t\t\t<\/div>\n\t\t<\/section>\n\t\t\t\t<section class=\"elementor-section elementor-top-section elementor-element elementor-element-7773cf0 body-part-content elementor-section-boxed elementor-section-height-default elementor-section-height-default\" data-id=\"7773cf0\" data-element_type=\"section\" data-e-type=\"section\" data-settings=\"{&quot;background_background&quot;:&quot;classic&quot;}\">\n\t\t\t\t\t\t<div class=\"elementor-container elementor-column-gap-default\">\n\t\t\t\t\t<div class=\"elementor-column elementor-col-50 elementor-top-column elementor-element elementor-element-5203c6d7\" data-id=\"5203c6d7\" data-element_type=\"column\" data-e-type=\"column\">\n\t\t\t<div class=\"elementor-widget-wrap elementor-element-populated\">\n\t\t\t\t\t\t<div class=\"elementor-element elementor-element-31cd9e9e elementor-widget elementor-widget-heading\" data-id=\"31cd9e9e\" data-element_type=\"widget\" data-e-type=\"widget\" data-widget_type=\"heading.default\">\n\t\t\t\t<div class=\"elementor-widget-container\">\n\t\t\t\t\t<h4 class=\"elementor-heading-title elementor-size-default\">Torcedura o desgarro de M\u00fasculo o Ligamento<\/h4>\t\t\t\t<\/div>\n\t\t\t\t<\/div>\n\t\t\t\t<div class=\"elementor-element elementor-element-48418ccc elementor-widget elementor-widget-text-editor\" data-id=\"48418ccc\" data-element_type=\"widget\" data-e-type=\"widget\" data-widget_type=\"text-editor.default\">\n\t\t\t\t<div class=\"elementor-widget-container\">\n\t\t\t\t\t\t\t\t\t<h4>Diagn\u00f3stico:<\/h4><p>Se produce una distensi\u00f3n cuando los m\u00fasculos o tendones se tiran m\u00e1s all\u00e1 de su capacidad y donde puede o no producirse un desgarro; hablamos de un esguince cuando lo mismo sucede con un ligamento. Las distensiones y los esguinces son causas que frecuentemente van a producir dolor de espalda, particularmente situado en la columna lumbar, donde simplemente con un esfuerzo excesivo o el levantamiento inadecuado se suele dar. Dependiendo de la naturaleza de la distensi\u00f3n o del esguince, los pacientes reportan s\u00edntomas de dolor, hinchaz\u00f3n y \/ o espasmos. Al igual que los esguinces y las distensiones en cualquier regi\u00f3n del cuerpo, los que ocurren en la zona lumbar van a recibir una clasificaci\u00f3n seg\u00fan su gravedad:<\/p><p><strong>Distensi\u00f3n de grado 1:<\/strong>\u00a0Se da en el m\u00fasculo o tendones\/esguince de los\nligamentos cuando hay un estiramiento m\u00ednimo de las fibras.<\/p><p><strong>Distensi\u00f3n de grado 2:<\/strong>\u00a0Se da en el m\u00fasculo o tendones\/esguince de los\nligamentos cuando ocurre un da\u00f1o significativo en las fibras, en los cuales est\u00e1\nincluido el desgarro.<\/p><p><strong>Distensi\u00f3n de grado 3:<\/strong>\u00a0Se da en el m\u00fasculo o tendones\/esguince de los\nligamentos que resultar\u00e1 en una rotura completa de las fibras.<\/p><p>Las opciones de tratamiento para las distensiones y los esguinces de espalda\ndependen de manera directa del grado de la lesi\u00f3n.<\/p>\t\t\t\t\t\t\t\t<\/div>\n\t\t\t\t<\/div>\n\t\t\t\t<div class=\"elementor-element elementor-element-650a9fe8 elementor-widget elementor-widget-text-editor\" data-id=\"650a9fe8\" data-element_type=\"widget\" data-e-type=\"widget\" data-widget_type=\"text-editor.default\">\n\t\t\t\t<div class=\"elementor-widget-container\">\n\t\t\t\t\t\t\t\t\t<h4><b>Opciones de Tratamiento:<\/b><\/h4><p><b>Soporte Ortop\u00e9dico<\/b><\/p><p>Los aparatos de soporte ortop\u00e9dico pueden ser usados para apoyar los m\u00fasculos, ligamentos y tendones de la espalda baja, lo que limitar\u00e1 su movilidad y, por ende, disminuir\u00e1 la probabilidad de la exacerbaci\u00f3n de la lesi\u00f3n.<\/p><p><b>AINEs<\/b><\/p><p>Los medicamentos antiinflamatorios no esteroideos de venta sin receta son capaces de brindar un gran alivio a la inflamaci\u00f3n y el dolor asociados con una distensi\u00f3n o esguince de espalda. Si bien la medicaci\u00f3n va a aliviar los s\u00edntomas, se debe mantener el cuidado adecuado para poder garantizar que la distensi\u00f3n o el esguince no terminen agrav\u00e1ndose.<\/p><p><b>Terapia F\u00edsica<\/b><\/p><p>Siguiendo el protocolo de reposo, hielo, compresi\u00f3n y elevaci\u00f3n (RICE), en Genesis Orthopaedics &amp; Sports Medicine ofrecemos terapia f\u00edsica para los esguinces y distensiones de grado 1 y 2, con la finalidad de rehabilitar y fortalecer su zona lumbar.<\/p>\t\t\t\t\t\t\t\t<\/div>\n\t\t\t\t<\/div>\n\t\t\t\t\t<\/div>\n\t\t<\/div>\n\t\t\t\t<div class=\"elementor-column elementor-col-50 elementor-top-column elementor-element elementor-element-ab5b878 body-part-sidebar\" data-id=\"ab5b878\" data-element_type=\"column\" data-e-type=\"column\" data-settings=\"{&quot;background_background&quot;:&quot;classic&quot;}\">\n\t\t\t<div class=\"elementor-widget-wrap elementor-element-populated\">\n\t\t\t\t\t\t<div class=\"elementor-element elementor-element-7e0068b elementor-widget elementor-widget-heading\" data-id=\"7e0068b\" data-element_type=\"widget\" data-e-type=\"widget\" data-widget_type=\"heading.default\">\n\t\t\t\t<div class=\"elementor-widget-container\">\n\t\t\t\t\t<h2 class=\"elementor-heading-title elementor-size-default\">Solicitar una Cita<\/h2>\t\t\t\t<\/div>\n\t\t\t\t<\/div>\n\t\t\t\t<div class=\"elementor-element elementor-element-d8ea9c1 elementor-widget elementor-widget-text-editor\" data-id=\"d8ea9c1\" data-element_type=\"widget\" data-e-type=\"widget\" data-widget_type=\"text-editor.default\">\n\t\t\t\t<div class=\"elementor-widget-container\">\n\t\t\t\t\t\t\t\t\t<strong>Citas en la oficina, o telemedicina disponible en todo el mundo<\/strong>\t\t\t\t\t\t\t\t<\/div>\n\t\t\t\t<\/div>\n\t\t\t\t<div class=\"elementor-element elementor-element-08704b8 elementor-widget elementor-widget-shortcode\" data-id=\"08704b8\" data-element_type=\"widget\" data-e-type=\"widget\" data-widget_type=\"shortcode.default\">\n\t\t\t\t<div class=\"elementor-widget-container\">\n\t\t\t\t\t\t\t<div class=\"elementor-shortcode\">\n<div class=\"wpcf7 no-js\" id=\"wpcf7-f681-o1\" lang=\"en-US\" dir=\"ltr\" data-wpcf7-id=\"681\">\n<div class=\"screen-reader-response\"><p role=\"status\" aria-live=\"polite\" aria-atomic=\"true\"><\/p> <ul><\/ul><\/div>\n<form action=\"\/es\/wp-json\/wp\/v2\/pages\/892#wpcf7-f681-o1\" method=\"post\" class=\"wpcf7-form init\" aria-label=\"Contact form\" novalidate=\"novalidate\" data-status=\"init\" data-trp-original-action=\"\/es\/wp-json\/wp\/v2\/pages\/892#wpcf7-f681-o1\">\n<fieldset class=\"hidden-fields-container\"><input type=\"hidden\" name=\"_wpcf7\" value=\"681\" \/><input type=\"hidden\" name=\"_wpcf7_version\" value=\"6.1.5\" \/><input type=\"hidden\" name=\"_wpcf7_locale\" value=\"en_US\" \/><input type=\"hidden\" name=\"_wpcf7_unit_tag\" value=\"wpcf7-f681-o1\" \/><input type=\"hidden\" name=\"_wpcf7_container_post\" value=\"0\" \/><input type=\"hidden\" name=\"_wpcf7_posted_data_hash\" value=\"\" \/><input type=\"hidden\" name=\"_wpcf7_recaptcha_response\" value=\"\" \/>\n<\/fieldset>\n<div class=\"form_div_row\">\n\t<div class=\"form_div_100\">\n\t\t<p><span class=\"wpcf7-form-control-wrap\" data-name=\"your-name\"><input size=\"40\" maxlength=\"400\" class=\"wpcf7-form-control wpcf7-text wpcf7-validates-as-required\" aria-required=\"true\" aria-invalid=\"false\" placeholder=\"Tu nombre (requerido)\" value=\"\" type=\"text\" name=\"your-name\" \/><\/span>\n\t\t<\/p>\n\t<\/div>\n<\/div>\n<div class=\"form_div_row\">\n\t<div class=\"form_div_100\">\n\t\t<p><span class=\"wpcf7-form-control-wrap\" data-name=\"your-email\"><input size=\"40\" maxlength=\"400\" class=\"wpcf7-form-control wpcf7-email wpcf7-validates-as-required wpcf7-text wpcf7-validates-as-email\" aria-required=\"true\" aria-invalid=\"false\" placeholder=\"Tu Email (requerido)\" value=\"\" type=\"email\" name=\"your-email\" \/><\/span>\n\t\t<\/p>\n\t<\/div>\n<\/div>\n<div class=\"form_div_row\">\n\t<div class=\"form_div_100\">\n\t\t<p><span class=\"wpcf7-form-control-wrap\" data-name=\"your-phone\"><input size=\"40\" maxlength=\"400\" class=\"wpcf7-form-control wpcf7-text\" aria-invalid=\"false\" placeholder=\"Tel\u00e9fono\" value=\"\" type=\"text\" name=\"your-phone\" \/><\/span>\n\t\t<\/p>\n\t<\/div>\n<\/div>\n<div class=\"form_div_row\">\n\t<div class=\"form_div_100\">\n\t\t<p><label> \u00bfEs un paciente nuevo?<\/label><br \/>\n<span class=\"wpcf7-form-control-wrap\" data-name=\"Areyouanewpatient\"><span class=\"wpcf7-form-control wpcf7-radio\"><span class=\"wpcf7-list-item first\"><input type=\"radio\" name=\"Areyouanewpatient\" value=\"Yes\" checked=\"checked\" \/><span class=\"wpcf7-list-item-label\">Si<\/span><\/span><span class=\"wpcf7-list-item last\"><input type=\"radio\" name=\"Areyouanewpatient\" value=\"No\" \/><span class=\"wpcf7-list-item-label\">No<\/span><\/span><\/span><\/span>\n\t\t<\/p>\n\t<\/div>\n<\/div>\n<div class=\"form_div_row\">\n\t<div class=\"form_div_100\">\n\t\t<p><label>Est\u00e1 interesado en:<\/label><br \/>\n<span class=\"wpcf7-form-control-wrap\" data-name=\"Areyouinterested\"><span class=\"wpcf7-form-control wpcf7-radio\"><span class=\"wpcf7-list-item first\"><input type=\"radio\" name=\"Areyouinterested\" value=\"telemedicine\" checked=\"checked\" \/><span class=\"wpcf7-list-item-label\">telemedicina<\/span><\/span><span class=\"wpcf7-list-item last\"><input type=\"radio\" name=\"Areyouinterested\" value=\"in-office visit\" \/><span class=\"wpcf7-list-item-label\">visita a la oficina<\/span><\/span><\/span><\/span>\n\t\t<\/p>\n\t<\/div>\n<\/div>\n<div class=\"form_div_row\">\n\t<div class=\"form_div_100\">\n\t\t<p><input class=\"wpcf7-form-control wpcf7-submit has-spinner\" type=\"submit\" value=\"Enviar\" \/>\n\t\t<\/p>\n\t<\/div>\n<\/div><div class=\"wpcf7-response-output\" aria-hidden=\"true\"><\/div>\n<input type=\"hidden\" name=\"trp-form-language\" value=\"es\"\/><\/form>\n<\/div>\n<\/div>\n\t\t\t\t\t\t<\/div>\n\t\t\t\t<\/div>\n\t\t\t\t<div class=\"elementor-element elementor-element-1791c23 elementor-widget-divider--view-line elementor-widget elementor-widget-divider\" data-id=\"1791c23\" data-element_type=\"widget\" data-e-type=\"widget\" data-widget_type=\"divider.default\">\n\t\t\t\t<div class=\"elementor-widget-container\">\n\t\t\t\t\t\t\t<div class=\"elementor-divider\">\n\t\t\t<span class=\"elementor-divider-separator\">\n\t\t\t\t\t\t<\/span>\n\t\t<\/div>\n\t\t\t\t\t\t<\/div>\n\t\t\t\t<\/div>\n\t\t\t\t<div class=\"elementor-element elementor-element-55b9449 icon-circle-item neck elementor-widget elementor-widget-heading\" data-id=\"55b9449\" data-element_type=\"widget\" data-e-type=\"widget\" data-widget_type=\"heading.default\">\n\t\t\t\t<div class=\"elementor-widget-container\">\n\t\t\t\t\t<h6 class=\"elementor-heading-title elementor-size-default\"><a href=\"https:\/\/genesisortho.com\/es\/patient-education\/neck-overview\/\">Neck &amp; Back\n            <\/a><\/h6>\t\t\t\t<\/div>\n\t\t\t\t<\/div>\n\t\t\t\t<div class=\"elementor-element elementor-element-b8978bf icon-circle-item shoulder elementor-widget elementor-widget-heading\" data-id=\"b8978bf\" data-element_type=\"widget\" data-e-type=\"widget\" data-widget_type=\"heading.default\">\n\t\t\t\t<div class=\"elementor-widget-container\">\n\t\t\t\t\t<h6 class=\"elementor-heading-title elementor-size-default\"><a href=\"https:\/\/genesisortho.com\/es\/patient-education\/shoulder-overview\/\">Hombro<\/a><\/h6>\t\t\t\t<\/div>\n\t\t\t\t<\/div>\n\t\t\t\t<div class=\"elementor-element elementor-element-edc0d00 icon-circle-item hand elementor-widget elementor-widget-heading\" data-id=\"edc0d00\" data-element_type=\"widget\" data-e-type=\"widget\" data-widget_type=\"heading.default\">\n\t\t\t\t<div class=\"elementor-widget-container\">\n\t\t\t\t\t<h6 class=\"elementor-heading-title elementor-size-default\"><a href=\"https:\/\/genesisortho.com\/es\/patient-education\/hand-and-wrist-overview\/\">Hand &amp; Arm\n            \n            <\/a><\/h6>\t\t\t\t<\/div>\n\t\t\t\t<\/div>\n\t\t\t\t<div class=\"elementor-element elementor-element-ad1bf7f icon-circle-item knee elementor-widget elementor-widget-heading\" data-id=\"ad1bf7f\" data-element_type=\"widget\" data-e-type=\"widget\" data-widget_type=\"heading.default\">\n\t\t\t\t<div class=\"elementor-widget-container\">\n\t\t\t\t\t<h6 class=\"elementor-heading-title elementor-size-default\"><a href=\"https:\/\/genesisortho.com\/es\/patient-education\/knee-overview\/\">Rodilla\n            <\/a><\/h6>\t\t\t\t<\/div>\n\t\t\t\t<\/div>\n\t\t\t\t<div class=\"elementor-element elementor-element-b2c17be icon-circle-item foot elementor-widget elementor-widget-heading\" data-id=\"b2c17be\" data-element_type=\"widget\" data-e-type=\"widget\" data-widget_type=\"heading.default\">\n\t\t\t\t<div class=\"elementor-widget-container\">\n\t\t\t\t\t<h6 class=\"elementor-heading-title elementor-size-default\"><a href=\"https:\/\/genesisortho.com\/es\/patient-education\/foot-and-ankle-overview\/\">Foot &amp; Ankle\n            <\/a><\/h6>\t\t\t\t<\/div>\n\t\t\t\t<\/div>\n\t\t\t\t<div class=\"elementor-element elementor-element-831c633 icon-circle-item hip elementor-widget elementor-widget-heading\" data-id=\"831c633\" data-element_type=\"widget\" data-e-type=\"widget\" data-widget_type=\"heading.default\">\n\t\t\t\t<div class=\"elementor-widget-container\">\n\t\t\t\t\t<h6 class=\"elementor-heading-title elementor-size-default\"><a href=\"https:\/\/genesisortho.com\/es\/patient-education\/hip-overview\/\">Cadera\n            <\/a><\/h6>\t\t\t\t<\/div>\n\t\t\t\t<\/div>\n\t\t\t\t\t<\/div>\n\t\t<\/div>\n\t\t\t\t\t<\/div>\n\t\t<\/section>\n\t\t\t\t<\/div>","protected":false},"excerpt":{"rendered":"<p>Muscle or Ligament strain\/sprain Muscle or Ligament strain\/sprain Diagnosis: A strain occurs when the muscles or tendons are pulled beyond their capacity and\/or torn and a sprain occurs when the same happens to a ligament. Strains and sprains are common causes of back pain, particularly in the lumbar spine, where simple over exertion or improper [&hellip;]<\/p>\n","protected":false},"author":2,"featured_media":0,"parent":1076,"menu_order":0,"comment_status":"closed","ping_status":"closed","template":"elementor_header_footer","meta":{"_acf_changed":false,"_monsterinsights_skip_tracking":false,"_monsterinsights_sitenote_active":false,"_monsterinsights_sitenote_note":"","_monsterinsights_sitenote_category":0,"footnotes":""},"class_list":["post-892","page","type-page","status-publish","hentry"],"acf":[],"yoast_head":"<!-- This site is optimized with the Yoast SEO Premium plugin v27.0 (Yoast SEO v27.0) - https:\/\/yoast.com\/product\/yoast-seo-premium-wordpress\/ -->\n<title>Muscle or Ligament Strain\/sprain | Genesis<\/title>\n<meta name=\"description\" content=\"Get expert care for muscle or ligament strains and sprains at Genesis. Our team offers personalized treatments to promote healing and recovery.\" \/>\n<meta name=\"robots\" content=\"index, follow, max-snippet:-1, max-image-preview:large, max-video-preview:-1\" \/>\n<link rel=\"canonical\" href=\"https:\/\/genesisortho.com\/es\/patient-education\/back-overview\/back-strain-or-sprain\/\" \/>\n<meta property=\"og:locale\" content=\"es_MX\" \/>\n<meta property=\"og:type\" content=\"article\" \/>\n<meta property=\"og:title\" content=\"Muscle or Ligament strain\/sprain\" \/>\n<meta property=\"og:description\" content=\"Get expert care for muscle or ligament strains and sprains at Genesis. Our team offers personalized treatments to promote healing and recovery.\" \/>\n<meta property=\"og:url\" content=\"https:\/\/genesisortho.com\/es\/patient-education\/back-overview\/back-strain-or-sprain\/\" \/>\n<meta property=\"og:site_name\" content=\"Genesis Orthopedics &amp; Sports Medicine\" \/>\n<meta property=\"article:publisher\" content=\"https:\/\/www.facebook.com\/genesisorthosportsmed\/\" \/>\n<meta property=\"article:modified_time\" content=\"2024-10-03T09:57:54+00:00\" \/>\n<meta name=\"twitter:card\" content=\"summary_large_image\" \/>\n<meta name=\"twitter:site\" content=\"@GenesisOrtho\" \/>\n<meta name=\"twitter:label1\" content=\"Tiempo de lectura\" \/>\n\t<meta name=\"twitter:data1\" content=\"2 minutos\" \/>\n<script type=\"application\/ld+json\" class=\"yoast-schema-graph\">{\"@context\":\"https:\/\/schema.org\",\"@graph\":[{\"@type\":\"WebPage\",\"@id\":\"https:\/\/genesisortho.com\/patient-education\/back-overview\/back-strain-or-sprain\/\",\"url\":\"https:\/\/genesisortho.com\/patient-education\/back-overview\/back-strain-or-sprain\/\",\"name\":\"Muscle or Ligament Strain\/sprain | Genesis\",\"isPartOf\":{\"@id\":\"https:\/\/genesisortho.com\/#website\"},\"datePublished\":\"2020-04-15T18:53:13+00:00\",\"dateModified\":\"2024-10-03T09:57:54+00:00\",\"description\":\"Get expert care for muscle or ligament strains and sprains at Genesis. Our team offers personalized treatments to promote healing and recovery.\",\"breadcrumb\":{\"@id\":\"https:\/\/genesisortho.com\/patient-education\/back-overview\/back-strain-or-sprain\/#breadcrumb\"},\"inLanguage\":\"es\",\"potentialAction\":[{\"@type\":\"ReadAction\",\"target\":[\"https:\/\/genesisortho.com\/patient-education\/back-overview\/back-strain-or-sprain\/\"]}]},{\"@type\":\"BreadcrumbList\",\"@id\":\"https:\/\/genesisortho.com\/patient-education\/back-overview\/back-strain-or-sprain\/#breadcrumb\",\"itemListElement\":[{\"@type\":\"ListItem\",\"position\":1,\"name\":\"Home\",\"item\":\"https:\/\/genesisortho.com\/\"},{\"@type\":\"ListItem\",\"position\":2,\"name\":\"Patient Education\",\"item\":\"https:\/\/genesisortho.com\/ar\/patient-education\/\"},{\"@type\":\"ListItem\",\"position\":3,\"name\":\"Back Overview\",\"item\":\"https:\/\/genesisortho.com\/pl\/patient-education\/back-overview\/\"},{\"@type\":\"ListItem\",\"position\":4,\"name\":\"Muscle or Ligament strain\/sprain\"}]},{\"@type\":\"WebSite\",\"@id\":\"https:\/\/genesisortho.com\/#website\",\"url\":\"https:\/\/genesisortho.com\/\",\"name\":\"Genesis Orthopedics &amp; Sports Medicine\",\"description\":\"\",\"publisher\":{\"@id\":\"https:\/\/genesisortho.com\/#organization\"},\"potentialAction\":[{\"@type\":\"SearchAction\",\"target\":{\"@type\":\"EntryPoint\",\"urlTemplate\":\"https:\/\/genesisortho.com\/?s={search_term_string}\"},\"query-input\":{\"@type\":\"PropertyValueSpecification\",\"valueRequired\":true,\"valueName\":\"search_term_string\"}}],\"inLanguage\":\"es\"},{\"@type\":\"Organization\",\"@id\":\"https:\/\/genesisortho.com\/#organization\",\"name\":\"Orthopedics & Sports Medicine Treatment | Genesis Orthopedics & Sports Medicine\",\"url\":\"https:\/\/genesisortho.com\/\",\"logo\":{\"@type\":\"ImageObject\",\"inLanguage\":\"es\",\"@id\":\"https:\/\/genesisortho.com\/#\/schema\/logo\/image\/\",\"url\":\"https:\/\/genesisortho.com\/wp-content\/uploads\/2020\/03\/GO_logo_Transparent_PRINT.png\",\"contentUrl\":\"https:\/\/genesisortho.com\/wp-content\/uploads\/2020\/03\/GO_logo_Transparent_PRINT.png\",\"width\":4564,\"height\":1095,\"caption\":\"Orthopedics & Sports Medicine Treatment | Genesis Orthopedics & Sports Medicine\"},\"image\":{\"@id\":\"https:\/\/genesisortho.com\/#\/schema\/logo\/image\/\"},\"sameAs\":[\"https:\/\/www.facebook.com\/genesisorthosportsmed\/\",\"https:\/\/x.com\/GenesisOrtho\",\"https:\/\/www.instagram.com\/genesis_ortho\/\",\"https:\/\/www.linkedin.com\/company\/2302800\",\"https:\/\/www.youtube.com\/genesisortho\"]}]}<\/script>\n<!-- \/ Yoast SEO Premium plugin. -->","yoast_head_json":{"title":"Muscle or Ligament Strain\/sprain | Genesis","description":"Get expert care for muscle or ligament strains and sprains at Genesis. Our team offers personalized treatments to promote healing and recovery.","robots":{"index":"index","follow":"follow","max-snippet":"max-snippet:-1","max-image-preview":"max-image-preview:large","max-video-preview":"max-video-preview:-1"},"canonical":"https:\/\/genesisortho.com\/es\/patient-education\/back-overview\/back-strain-or-sprain\/","og_locale":"es_MX","og_type":"article","og_title":"Muscle or Ligament strain\/sprain","og_description":"Get expert care for muscle or ligament strains and sprains at Genesis. Our team offers personalized treatments to promote healing and recovery.","og_url":"https:\/\/genesisortho.com\/es\/patient-education\/back-overview\/back-strain-or-sprain\/","og_site_name":"Genesis Orthopedics &amp; Sports Medicine","article_publisher":"https:\/\/www.facebook.com\/genesisorthosportsmed\/","article_modified_time":"2024-10-03T09:57:54+00:00","twitter_card":"summary_large_image","twitter_site":"@GenesisOrtho","twitter_misc":{"Tiempo de lectura":"2 minutos"},"schema":{"@context":"https:\/\/schema.org","@graph":[{"@type":"WebPage","@id":"https:\/\/genesisortho.com\/patient-education\/back-overview\/back-strain-or-sprain\/","url":"https:\/\/genesisortho.com\/patient-education\/back-overview\/back-strain-or-sprain\/","name":"Muscle or Ligament Strain\/sprain | Genesis","isPartOf":{"@id":"https:\/\/genesisortho.com\/#website"},"datePublished":"2020-04-15T18:53:13+00:00","dateModified":"2024-10-03T09:57:54+00:00","description":"Get expert care for muscle or ligament strains and sprains at Genesis. Our team offers personalized treatments to promote healing and recovery.","breadcrumb":{"@id":"https:\/\/genesisortho.com\/patient-education\/back-overview\/back-strain-or-sprain\/#breadcrumb"},"inLanguage":"es","potentialAction":[{"@type":"ReadAction","target":["https:\/\/genesisortho.com\/patient-education\/back-overview\/back-strain-or-sprain\/"]}]},{"@type":"BreadcrumbList","@id":"https:\/\/genesisortho.com\/patient-education\/back-overview\/back-strain-or-sprain\/#breadcrumb","itemListElement":[{"@type":"ListItem","position":1,"name":"Home","item":"https:\/\/genesisortho.com\/"},{"@type":"ListItem","position":2,"name":"Patient Education","item":"https:\/\/genesisortho.com\/ar\/patient-education\/"},{"@type":"ListItem","position":3,"name":"Back Overview","item":"https:\/\/genesisortho.com\/pl\/patient-education\/back-overview\/"},{"@type":"ListItem","position":4,"name":"Muscle or Ligament strain\/sprain"}]},{"@type":"WebSite","@id":"https:\/\/genesisortho.com\/#website","url":"https:\/\/genesisortho.com\/","name":"G\u00e9nesis Ortopedia y Medicina Deportiva","description":"","publisher":{"@id":"https:\/\/genesisortho.com\/#organization"},"potentialAction":[{"@type":"SearchAction","target":{"@type":"EntryPoint","urlTemplate":"https:\/\/genesisortho.com\/?s={search_term_string}"},"query-input":{"@type":"PropertyValueSpecification","valueRequired":true,"valueName":"search_term_string"}}],"inLanguage":"es"},{"@type":"Organization","@id":"https:\/\/genesisortho.com\/#organization","name":"Orthopedics & Sports Medicine Treatment | Genesis Orthopedics & Sports Medicine","url":"https:\/\/genesisortho.com\/","logo":{"@type":"ImageObject","inLanguage":"es","@id":"https:\/\/genesisortho.com\/#\/schema\/logo\/image\/","url":"https:\/\/genesisortho.com\/wp-content\/uploads\/2020\/03\/GO_logo_Transparent_PRINT.png","contentUrl":"https:\/\/genesisortho.com\/wp-content\/uploads\/2020\/03\/GO_logo_Transparent_PRINT.png","width":4564,"height":1095,"caption":"Orthopedics & Sports Medicine Treatment | Genesis Orthopedics & Sports Medicine"},"image":{"@id":"https:\/\/genesisortho.com\/#\/schema\/logo\/image\/"},"sameAs":["https:\/\/www.facebook.com\/genesisorthosportsmed\/","https:\/\/x.com\/GenesisOrtho","https:\/\/www.instagram.com\/genesis_ortho\/","https:\/\/www.linkedin.com\/company\/2302800","https:\/\/www.youtube.com\/genesisortho"]}]}},"jetpack_sharing_enabled":true,"_links":{"self":[{"href":"https:\/\/genesisortho.com\/es\/wp-json\/wp\/v2\/pages\/892","targetHints":{"allow":["GET"]}}],"collection":[{"href":"https:\/\/genesisortho.com\/es\/wp-json\/wp\/v2\/pages"}],"about":[{"href":"https:\/\/genesisortho.com\/es\/wp-json\/wp\/v2\/types\/page"}],"author":[{"embeddable":true,"href":"https:\/\/genesisortho.com\/es\/wp-json\/wp\/v2\/users\/2"}],"replies":[{"embeddable":true,"href":"https:\/\/genesisortho.com\/es\/wp-json\/wp\/v2\/comments?post=892"}],"version-history":[{"count":0,"href":"https:\/\/genesisortho.com\/es\/wp-json\/wp\/v2\/pages\/892\/revisions"}],"up":[{"embeddable":true,"href":"https:\/\/genesisortho.com\/es\/wp-json\/wp\/v2\/pages\/1076"}],"wp:attachment":[{"href":"https:\/\/genesisortho.com\/es\/wp-json\/wp\/v2\/media?parent=892"}],"curies":[{"name":"wp","href":"https:\/\/api.w.org\/{rel}","templated":true}]}}