{"id":2370,"date":"2020-12-09T17:31:30","date_gmt":"2020-12-09T17:31:30","guid":{"rendered":"https:\/\/genesisortho.wpengine.com\/?page_id=2370"},"modified":"2024-10-03T07:11:17","modified_gmt":"2024-10-03T07:11:17","slug":"about-us","status":"publish","type":"page","link":"https:\/\/genesisortho.com\/es\/about-us\/","title":{"rendered":"Acerca de Nosotros"},"content":{"rendered":"<div data-elementor-type=\"wp-page\" data-elementor-id=\"2370\" class=\"elementor elementor-2370\" data-elementor-post-type=\"page\">\n\t\t\t\t\t\t<section class=\"elementor-section elementor-top-section elementor-element elementor-element-cf6939f doctors-title elementor-section-boxed elementor-section-height-default elementor-section-height-default\" data-id=\"cf6939f\" data-element_type=\"section\" data-e-type=\"section\" data-settings=\"{&quot;background_background&quot;:&quot;classic&quot;}\">\n\t\t\t\t\t\t\t<div class=\"elementor-background-overlay\"><\/div>\n\t\t\t\t\t\t\t<div class=\"elementor-container elementor-column-gap-default\">\n\t\t\t\t\t<div class=\"elementor-column elementor-col-100 elementor-top-column elementor-element elementor-element-8786b73\" data-id=\"8786b73\" data-element_type=\"column\" data-e-type=\"column\">\n\t\t\t<div class=\"elementor-widget-wrap elementor-element-populated\">\n\t\t\t\t\t\t<div class=\"elementor-element elementor-element-209322d elementor-widget elementor-widget-heading\" data-id=\"209322d\" data-element_type=\"widget\" data-e-type=\"widget\" data-widget_type=\"heading.default\">\n\t\t\t\t<div class=\"elementor-widget-container\">\n\t\t\t\t\t<h1 class=\"elementor-heading-title elementor-size-default\">Acerca de Nosotros<\/h1>\t\t\t\t<\/div>\n\t\t\t\t<\/div>\n\t\t\t\t\t<\/div>\n\t\t<\/div>\n\t\t\t\t\t<\/div>\n\t\t<\/section>\n\t\t\t\t<section class=\"elementor-section elementor-top-section elementor-element elementor-element-cee6fc3 elementor-section-boxed elementor-section-height-default elementor-section-height-default\" data-id=\"cee6fc3\" data-element_type=\"section\" data-e-type=\"section\">\n\t\t\t\t\t\t<div class=\"elementor-container elementor-column-gap-default\">\n\t\t\t\t\t<div class=\"elementor-column elementor-col-100 elementor-top-column elementor-element elementor-element-c5fbf9c\" data-id=\"c5fbf9c\" data-element_type=\"column\" data-e-type=\"column\">\n\t\t\t<div class=\"elementor-widget-wrap elementor-element-populated\">\n\t\t\t\t\t\t<div class=\"elementor-element elementor-element-f3d077f elementor-widget elementor-widget-text-editor\" data-id=\"f3d077f\" data-element_type=\"widget\" data-e-type=\"widget\" data-widget_type=\"text-editor.default\">\n\t\t\t\t<div class=\"elementor-widget-container\">\n\t\t\t\t\t\t\t\t\t<p><b>\u201cNunca dudes que un peque\u00f1o grupo de ciudadanos reflexivos y comprometidos puede cambiar el mundo; de hecho, es lo \u00fanico que lo ha hecho &quot;.<\/b> - Margaret Mead<\/p><p>Perm\u00edtanos presentarnos: somos Genesis Orthopaedics &amp; Sports Medicine.<\/p><p>Nuestro objetivo es simple: liberar a nuestros pacientes para que sean m\u00e1s activos, m\u00e1s atl\u00e9ticos y se muevan libremente en sus cuerpos, accesible para todos, no solo para unos pocos elegidos. Que nuestros pacientes, independientemente de su estilo de vida, se muevan con m\u00e1s libertad, funcionen mejor y experimenten la vida al m\u00e1ximo.<\/p><p>Prosperar en el mundo requiere movilidad y estar libre de dolor, pero nuestro sistema de salud a menudo hace que la atenci\u00f3n ortop\u00e9dica de calidad sea inaccesible para quienes m\u00e1s la necesitan: quienes tienen todos los planes de salud p\u00fablicos o quienes no tienen seguro. No podremos resolver nuestros desaf\u00edos ortop\u00e9dicos actuales con un modelo de prestaci\u00f3n de atenci\u00f3n dise\u00f1ado en el pasado.<\/p><p>Nuestra capacidad nacional de atenci\u00f3n m\u00e9dica es notable, y nuestro sistema actual la subestima. Necesitamos un nuevo modelo ortop\u00e9dico, uno en el que valoremos a los seres humanos independientemente de su situaci\u00f3n econ\u00f3mica. Donde los precios son \u00e9ticos, no explotadores. Donde la recuperaci\u00f3n se acelera y la cirug\u00eda es un \u00faltimo recurso, no una fuente de ingresos preferencial.<\/p><p>Si vamos a impulsar la atenci\u00f3n m\u00e9dica, debemos separarnos del modelo anterior que ya no funciona. No necesitamos m\u00e1s atenci\u00f3n ortop\u00e9dica de alto costo. Necesitamos algo nuevo: atenci\u00f3n ortop\u00e9dica de alta calidad a un precio \u00e9tico.<\/p><p>Nuestra pr\u00e1ctica tiene la suerte de tener una profunda experiencia en esta forma de pensar no tradicional. Despu\u00e9s de 17 a\u00f1os de pr\u00e1ctica convencional, hace cuatro a\u00f1os volvimos a la mesa de dibujo y nos preguntamos qu\u00e9 necesita cambiar para servir a todos, no solo a los pocos afortunados que pueden pagar nuestros servicios. Reinventamos el modelo de prestaci\u00f3n de atenci\u00f3n, probando diferentes ideas hasta que descubrimos un plan para brindar la atenci\u00f3n de alta calidad por la que nuestra reputaci\u00f3n era conocida, al tiempo que hac\u00edamos que los precios fueran m\u00e1s \u00e9ticos y asequibles. Tom\u00f3 cientos de horas de estudio de otros modelos en todo el mundo, conversaciones e investigaci\u00f3n, pero logramos descifrar el c\u00f3digo.<\/p><p>Todos merecen acceso a un entorno de atenci\u00f3n m\u00e9dica adaptado a sus situaciones y problemas \u00fanicos, pero en este momento estas oportunidades no est\u00e1n distribuidas de manera uniforme. Genesis Orthopaedics &amp; Sports Medicine puede ser un veh\u00edculo poderoso para crear estos entornos, tanto para nuestros pacientes (al brindar atenci\u00f3n) como para la comunidad de atenci\u00f3n m\u00e9dica en general (al generar conversaciones).<\/p><p>Estamos encantados de que est\u00e9 considerando Genesis Orthopaedics para explorar sus opciones para abordar sus necesidades ortop\u00e9dicas. Nuestra promesa es que al elegir Genesis, elegir\u00e1 atenci\u00f3n ortop\u00e9dica \u00e9tica, transparente y asequible de la m\u00e1s alta calidad. No es lo uno o lo otro, es ambos y. Estamos orgullosos de lo que hemos aprendido y de c\u00f3mo estamos cumpliendo esa promesa.<\/p><p>La expansi\u00f3n significativa de nuestra visi\u00f3n de un espacio ortop\u00e9dico renovado llevar\u00e1 tiempo. El sistema que tenemos hoy est\u00e1 roto y la atenci\u00f3n m\u00e9dica de alta calidad asequible para todos sigue siendo una oferta de nicho en todos los \u00e1mbitos. Pero estamos enfocados en brindar a los pacientes todo lo que necesitan para resolver con \u00e9xito sus desaf\u00edos funcionales y de movilidad ortop\u00e9dica. Esperamos que nuestro modelo se vuelva m\u00e1s popular y atractivo. La conversaci\u00f3n sobre el cuidado de la salud est\u00e1 cambiando. Se trata de brindar una excelente atenci\u00f3n ortop\u00e9dica individualizada, ahora y en las pr\u00f3ximas d\u00e9cadas, una visi\u00f3n que nos entusiasma y en la que nos apoyamos a diario. Estamos preparados para un viaje hacia el futuro de la atenci\u00f3n ortop\u00e9dica equitativa.<\/p><p>Gracias por considerar G\u00e9nesis; no dude en reservar una cita si desea obtener m\u00e1s informaci\u00f3n sobre el tipo de atenci\u00f3n que ofrecemos.<\/p><p>Por ahora, \u00a1volvemos al trabajo!<\/p>\t\t\t\t\t\t\t\t<\/div>\n\t\t\t\t<\/div>\n\t\t\t\t\t<\/div>\n\t\t<\/div>\n\t\t\t\t\t<\/div>\n\t\t<\/section>\n\t\t\t\t<\/div>","protected":false},"excerpt":{"rendered":"<p>About Us \u201cNever doubt that a small group of thoughtful, committed citizens can change the world; indeed, it&#8217;s the only thing that ever has.\u201d \u2013 Margaret Mead Allow us to introduce ourselves \u2013 we\u2019re Genesis Orthopedics &amp; Sports Medicine. Our goal is simple: free our patients to be more active, more athletic, and to move [&hellip;]<\/p>\n","protected":false},"author":2,"featured_media":0,"parent":0,"menu_order":0,"comment_status":"closed","ping_status":"closed","template":"elementor_header_footer","meta":{"_acf_changed":false,"_monsterinsights_skip_tracking":false,"_monsterinsights_sitenote_active":false,"_monsterinsights_sitenote_note":"","_monsterinsights_sitenote_category":0,"footnotes":""},"class_list":["post-2370","page","type-page","status-publish","hentry"],"acf":[],"yoast_head":"<!-- This site is optimized with the Yoast SEO Premium plugin v27.0 (Yoast SEO v27.0) - https:\/\/yoast.com\/product\/yoast-seo-premium-wordpress\/ -->\n<title>About Us | Genesis Orthopedics &amp; Sports Medicine<\/title>\n<meta name=\"description\" content=\"Learn more about Genesis Orthopedics &amp; Sports Medicine. Our dedicated team provides expert care to support your health and recovery journey.\" \/>\n<meta name=\"robots\" content=\"index, follow, max-snippet:-1, max-image-preview:large, max-video-preview:-1\" \/>\n<link rel=\"canonical\" href=\"https:\/\/genesisortho.com\/es\/about-us\/\" \/>\n<meta property=\"og:locale\" content=\"es_MX\" \/>\n<meta property=\"og:type\" content=\"article\" \/>\n<meta property=\"og:title\" content=\"About Us\" \/>\n<meta property=\"og:description\" content=\"Learn more about Genesis Orthopedics &amp; Sports Medicine. Our dedicated team provides expert care to support your health and recovery journey.\" \/>\n<meta property=\"og:url\" content=\"https:\/\/genesisortho.com\/es\/about-us\/\" \/>\n<meta property=\"og:site_name\" content=\"Genesis Orthopedics &amp; Sports Medicine\" \/>\n<meta property=\"article:publisher\" content=\"https:\/\/www.facebook.com\/genesisorthosportsmed\/\" \/>\n<meta property=\"article:modified_time\" content=\"2024-10-03T07:11:17+00:00\" \/>\n<meta name=\"twitter:card\" content=\"summary_large_image\" \/>\n<meta name=\"twitter:site\" content=\"@GenesisOrtho\" \/>\n<meta name=\"twitter:label1\" content=\"Tiempo de lectura\" \/>\n\t<meta name=\"twitter:data1\" content=\"3 minutos\" \/>\n<script type=\"application\/ld+json\" class=\"yoast-schema-graph\">{\"@context\":\"https:\/\/schema.org\",\"@graph\":[{\"@type\":\"WebPage\",\"@id\":\"https:\/\/genesisortho.com\/about-us\/\",\"url\":\"https:\/\/genesisortho.com\/about-us\/\",\"name\":\"About Us | Genesis Orthopedics & Sports Medicine\",\"isPartOf\":{\"@id\":\"https:\/\/genesisortho.com\/#website\"},\"datePublished\":\"2020-12-09T17:31:30+00:00\",\"dateModified\":\"2024-10-03T07:11:17+00:00\",\"description\":\"Learn more about Genesis Orthopedics & Sports Medicine. Our dedicated team provides expert care to support your health and recovery journey.\",\"breadcrumb\":{\"@id\":\"https:\/\/genesisortho.com\/about-us\/#breadcrumb\"},\"inLanguage\":\"es\",\"potentialAction\":[{\"@type\":\"ReadAction\",\"target\":[\"https:\/\/genesisortho.com\/about-us\/\"]}]},{\"@type\":\"BreadcrumbList\",\"@id\":\"https:\/\/genesisortho.com\/about-us\/#breadcrumb\",\"itemListElement\":[{\"@type\":\"ListItem\",\"position\":1,\"name\":\"Home\",\"item\":\"https:\/\/genesisortho.com\/\"},{\"@type\":\"ListItem\",\"position\":2,\"name\":\"About Us\"}]},{\"@type\":\"WebSite\",\"@id\":\"https:\/\/genesisortho.com\/#website\",\"url\":\"https:\/\/genesisortho.com\/\",\"name\":\"Genesis Orthopedics &amp; Sports Medicine\",\"description\":\"\",\"publisher\":{\"@id\":\"https:\/\/genesisortho.com\/#organization\"},\"potentialAction\":[{\"@type\":\"SearchAction\",\"target\":{\"@type\":\"EntryPoint\",\"urlTemplate\":\"https:\/\/genesisortho.com\/?s={search_term_string}\"},\"query-input\":{\"@type\":\"PropertyValueSpecification\",\"valueRequired\":true,\"valueName\":\"search_term_string\"}}],\"inLanguage\":\"es\"},{\"@type\":\"Organization\",\"@id\":\"https:\/\/genesisortho.com\/#organization\",\"name\":\"Orthopedics & Sports Medicine Treatment | Genesis Orthopedics & Sports Medicine\",\"url\":\"https:\/\/genesisortho.com\/\",\"logo\":{\"@type\":\"ImageObject\",\"inLanguage\":\"es\",\"@id\":\"https:\/\/genesisortho.com\/#\/schema\/logo\/image\/\",\"url\":\"https:\/\/genesisortho.com\/wp-content\/uploads\/2020\/03\/GO_logo_Transparent_PRINT.png\",\"contentUrl\":\"https:\/\/genesisortho.com\/wp-content\/uploads\/2020\/03\/GO_logo_Transparent_PRINT.png\",\"width\":4564,\"height\":1095,\"caption\":\"Orthopedics & Sports Medicine Treatment | Genesis Orthopedics & Sports Medicine\"},\"image\":{\"@id\":\"https:\/\/genesisortho.com\/#\/schema\/logo\/image\/\"},\"sameAs\":[\"https:\/\/www.facebook.com\/genesisorthosportsmed\/\",\"https:\/\/x.com\/GenesisOrtho\",\"https:\/\/www.instagram.com\/genesis_ortho\/\",\"https:\/\/www.linkedin.com\/company\/2302800\",\"https:\/\/www.youtube.com\/genesisortho\"]}]}<\/script>\n<!-- \/ Yoast SEO Premium plugin. -->","yoast_head_json":{"title":"About Us | Genesis Orthopedics & Sports Medicine","description":"Learn more about Genesis Orthopedics & Sports Medicine. Our dedicated team provides expert care to support your health and recovery journey.","robots":{"index":"index","follow":"follow","max-snippet":"max-snippet:-1","max-image-preview":"max-image-preview:large","max-video-preview":"max-video-preview:-1"},"canonical":"https:\/\/genesisortho.com\/es\/about-us\/","og_locale":"es_MX","og_type":"article","og_title":"About Us","og_description":"Learn more about Genesis Orthopedics & Sports Medicine. Our dedicated team provides expert care to support your health and recovery journey.","og_url":"https:\/\/genesisortho.com\/es\/about-us\/","og_site_name":"Genesis Orthopedics &amp; Sports Medicine","article_publisher":"https:\/\/www.facebook.com\/genesisorthosportsmed\/","article_modified_time":"2024-10-03T07:11:17+00:00","twitter_card":"summary_large_image","twitter_site":"@GenesisOrtho","twitter_misc":{"Tiempo de lectura":"3 minutos"},"schema":{"@context":"https:\/\/schema.org","@graph":[{"@type":"WebPage","@id":"https:\/\/genesisortho.com\/about-us\/","url":"https:\/\/genesisortho.com\/about-us\/","name":"About Us | Genesis Orthopedics & Sports Medicine","isPartOf":{"@id":"https:\/\/genesisortho.com\/#website"},"datePublished":"2020-12-09T17:31:30+00:00","dateModified":"2024-10-03T07:11:17+00:00","description":"Learn more about Genesis Orthopedics & Sports Medicine. Our dedicated team provides expert care to support your health and recovery journey.","breadcrumb":{"@id":"https:\/\/genesisortho.com\/about-us\/#breadcrumb"},"inLanguage":"es","potentialAction":[{"@type":"ReadAction","target":["https:\/\/genesisortho.com\/about-us\/"]}]},{"@type":"BreadcrumbList","@id":"https:\/\/genesisortho.com\/about-us\/#breadcrumb","itemListElement":[{"@type":"ListItem","position":1,"name":"Home","item":"https:\/\/genesisortho.com\/"},{"@type":"ListItem","position":2,"name":"About Us"}]},{"@type":"WebSite","@id":"https:\/\/genesisortho.com\/#website","url":"https:\/\/genesisortho.com\/","name":"G\u00e9nesis Ortopedia y Medicina Deportiva","description":"","publisher":{"@id":"https:\/\/genesisortho.com\/#organization"},"potentialAction":[{"@type":"SearchAction","target":{"@type":"EntryPoint","urlTemplate":"https:\/\/genesisortho.com\/?s={search_term_string}"},"query-input":{"@type":"PropertyValueSpecification","valueRequired":true,"valueName":"search_term_string"}}],"inLanguage":"es"},{"@type":"Organization","@id":"https:\/\/genesisortho.com\/#organization","name":"Orthopedics & Sports Medicine Treatment | Genesis Orthopedics & Sports Medicine","url":"https:\/\/genesisortho.com\/","logo":{"@type":"ImageObject","inLanguage":"es","@id":"https:\/\/genesisortho.com\/#\/schema\/logo\/image\/","url":"https:\/\/genesisortho.com\/wp-content\/uploads\/2020\/03\/GO_logo_Transparent_PRINT.png","contentUrl":"https:\/\/genesisortho.com\/wp-content\/uploads\/2020\/03\/GO_logo_Transparent_PRINT.png","width":4564,"height":1095,"caption":"Orthopedics & Sports Medicine Treatment | Genesis Orthopedics & Sports Medicine"},"image":{"@id":"https:\/\/genesisortho.com\/#\/schema\/logo\/image\/"},"sameAs":["https:\/\/www.facebook.com\/genesisorthosportsmed\/","https:\/\/x.com\/GenesisOrtho","https:\/\/www.instagram.com\/genesis_ortho\/","https:\/\/www.linkedin.com\/company\/2302800","https:\/\/www.youtube.com\/genesisortho"]}]}},"jetpack_sharing_enabled":true,"_links":{"self":[{"href":"https:\/\/genesisortho.com\/es\/wp-json\/wp\/v2\/pages\/2370","targetHints":{"allow":["GET"]}}],"collection":[{"href":"https:\/\/genesisortho.com\/es\/wp-json\/wp\/v2\/pages"}],"about":[{"href":"https:\/\/genesisortho.com\/es\/wp-json\/wp\/v2\/types\/page"}],"author":[{"embeddable":true,"href":"https:\/\/genesisortho.com\/es\/wp-json\/wp\/v2\/users\/2"}],"replies":[{"embeddable":true,"href":"https:\/\/genesisortho.com\/es\/wp-json\/wp\/v2\/comments?post=2370"}],"version-history":[{"count":0,"href":"https:\/\/genesisortho.com\/es\/wp-json\/wp\/v2\/pages\/2370\/revisions"}],"wp:attachment":[{"href":"https:\/\/genesisortho.com\/es\/wp-json\/wp\/v2\/media?parent=2370"}],"curies":[{"name":"wp","href":"https:\/\/api.w.org\/{rel}","templated":true}]}}