{"id":1128,"date":"2020-04-22T21:29:35","date_gmt":"2020-04-22T21:29:35","guid":{"rendered":"https:\/\/genesisortho.wpengine.com\/?page_id=1128"},"modified":"2024-10-03T07:10:31","modified_gmt":"2024-10-03T07:10:31","slug":"office-forms","status":"publish","type":"page","link":"https:\/\/genesisortho.com\/es\/office-forms\/","title":{"rendered":"Formularios de Oficina"},"content":{"rendered":"<div data-elementor-type=\"wp-page\" data-elementor-id=\"1128\" class=\"elementor elementor-1128\" data-elementor-post-type=\"page\">\n\t\t\t\t\t\t<section class=\"elementor-section elementor-top-section elementor-element elementor-element-538d2e5 doctors-title elementor-section-boxed elementor-section-height-default elementor-section-height-default\" data-id=\"538d2e5\" data-element_type=\"section\" data-e-type=\"section\" data-settings=\"{&quot;background_background&quot;:&quot;classic&quot;}\">\n\t\t\t\t\t\t\t<div class=\"elementor-background-overlay\"><\/div>\n\t\t\t\t\t\t\t<div class=\"elementor-container elementor-column-gap-default\">\n\t\t\t\t\t<div class=\"elementor-column elementor-col-100 elementor-top-column elementor-element elementor-element-6002fd5\" data-id=\"6002fd5\" data-element_type=\"column\" data-e-type=\"column\">\n\t\t\t<div class=\"elementor-widget-wrap elementor-element-populated\">\n\t\t\t\t\t\t<div class=\"elementor-element elementor-element-3a768e1 elementor-widget elementor-widget-heading\" data-id=\"3a768e1\" data-element_type=\"widget\" data-e-type=\"widget\" data-widget_type=\"heading.default\">\n\t\t\t\t<div class=\"elementor-widget-container\">\n\t\t\t\t\t<h1 class=\"elementor-heading-title elementor-size-default\">Formularios de Oficina<\/h1>\t\t\t\t<\/div>\n\t\t\t\t<\/div>\n\t\t\t\t\t<\/div>\n\t\t<\/div>\n\t\t\t\t\t<\/div>\n\t\t<\/section>\n\t\t\t\t<section class=\"elementor-section elementor-top-section elementor-element elementor-element-3f9bc671 elementor-section-boxed elementor-section-height-default elementor-section-height-default\" data-id=\"3f9bc671\" data-element_type=\"section\" data-e-type=\"section\">\n\t\t\t\t\t\t<div class=\"elementor-container elementor-column-gap-default\">\n\t\t\t\t\t<div class=\"elementor-column elementor-col-100 elementor-top-column elementor-element elementor-element-4f245a22\" data-id=\"4f245a22\" data-element_type=\"column\" data-e-type=\"column\">\n\t\t\t<div class=\"elementor-widget-wrap elementor-element-populated\">\n\t\t\t\t\t\t<div class=\"elementor-element elementor-element-4601e33a elementor-widget elementor-widget-text-editor\" data-id=\"4601e33a\" data-element_type=\"widget\" data-e-type=\"widget\" data-widget_type=\"text-editor.default\">\n\t\t\t\t<div class=\"elementor-widget-container\">\n\t\t\t\t\t\t\t\t\t<h3>Formularios Generales<\/h3><p>Para todos los pacientes nuevos, utilice el enlace a continuaci\u00f3n para completar su formulario de admisi\u00f3n:<\/p><p><a href=\"https:\/\/intakeq.com\/new\/SoE39L\">Documentaci\u00f3n para pacientes nuevos (biling\u00fce)<\/a><em>\u00a0<\/em><\/p><p><em>Debe tener Adobe Acrobat Reader versi\u00f3n 5.1 o superior para utilizar esta versi\u00f3n. De lo contrario, es posible que no pueda llenarlo o imprimirlo correctamente y no podremos aceptarlo.\u00a0 <a href=\"http:\/\/get.adobe.com\/reader\/\">Click here to get<\/a>\u00a0the latest version for your computer.<\/em><\/p><p>Dependiendo de su preferencia, puede imprimir estos formularios y llenarlos a mano, o llenar electr\u00f3nicamente el formulario PDF e imprimirlo. Si decide llenar el formulario electr\u00f3nicamente, tenga en cuenta que la informaci\u00f3n que escriba no se guardar\u00e1 y, por lo tanto, deber\u00e1 asegurarse de imprimir cada formulario a medida que lo complete.  Por favor traiga los formularios completos a la oficina con usted cuando venga a su cita.<\/p><p>Haga clic en el nombre del formulario para abrirlo.<\/p><p><a href=\"https:\/\/genesisortho.com\/wp-content\/uploads\/2020\/04\/5-16-13_Genesis_HIPAA-Notice-of-Privacy-Practice.pdf\" target=\"_blank\" rel=\"noopener\">Pol\u00edtica HIPAA \u2013 Aviso de Pr\u00e1ctica de Privacidad<\/a><\/p><p><a href=\"https:\/\/genesisortho.com\/wp-content\/uploads\/2020\/04\/HealthHistory_October2014.pdf\" target=\"_blank\" rel=\"noopener\">Historial de Salud del Paciente<\/a><\/p><p><a href=\"https:\/\/genesisortho.com\/wp-content\/uploads\/2020\/08\/edited_CCDemoHH-for-PRINTING-ONLY-copy.pdf\">Informaci\u00f3n Demogr\u00e1fica del Paciente<\/a><\/p><p><a href=\"https:\/\/genesisortho.com\/wp-content\/uploads\/2020\/04\/ChiefComplaint_October2014.pdf\" target=\"_blank\" rel=\"noopener\">Lesi\u00f3n del Paciente\/Questionario de Dolor<\/a><\/p><p><a href=\"https:\/\/genesisortho.com\/wp-content\/uploads\/2020\/04\/9-16-13_Financial-Policy.pdf\" target=\"_blank\" rel=\"noopener\">Pol\u00edtica Financiera y Aviso de Reconocimiento de Pr\u00e1cticas de Privacidad<\/a><\/p>\t\t\t\t\t\t\t\t<\/div>\n\t\t\t\t<\/div>\n\t\t\t\t\t<\/div>\n\t\t<\/div>\n\t\t\t\t\t<\/div>\n\t\t<\/section>\n\t\t\t\t<\/div>","protected":false},"excerpt":{"rendered":"<p>Office Forms General Forms For all new patients please use the link below to fill out your intake form: New Patient Paperwork (bilingual)\u00a0 You must have Adobe Acrobat Reader version 5.1 or above to use the paperwork below. Otherwise, you may not be able to fill it out or print it properly and we will [&hellip;]<\/p>\n","protected":false},"author":2,"featured_media":0,"parent":0,"menu_order":0,"comment_status":"closed","ping_status":"closed","template":"elementor_header_footer","meta":{"_acf_changed":false,"_monsterinsights_skip_tracking":false,"_monsterinsights_sitenote_active":false,"_monsterinsights_sitenote_note":"","_monsterinsights_sitenote_category":0,"footnotes":""},"class_list":["post-1128","page","type-page","status-publish","hentry"],"acf":[],"yoast_head":"<!-- This site is optimized with the Yoast SEO Premium plugin v27.0 (Yoast SEO v27.0) - https:\/\/yoast.com\/product\/yoast-seo-premium-wordpress\/ -->\n<title>Genesis Office Forms | Download &amp; Access<\/title>\n<meta name=\"description\" content=\"Access and download essential office forms for Genesis Orthopedics. Streamline your visit with our convenient resources. Get started today!\" \/>\n<meta name=\"robots\" content=\"index, follow, max-snippet:-1, max-image-preview:large, max-video-preview:-1\" \/>\n<link rel=\"canonical\" href=\"https:\/\/genesisortho.com\/es\/office-forms\/\" \/>\n<meta property=\"og:locale\" content=\"es_MX\" \/>\n<meta property=\"og:type\" content=\"article\" \/>\n<meta property=\"og:title\" content=\"Office Forms\" \/>\n<meta property=\"og:description\" content=\"Access and download essential office forms for Genesis Orthopedics. Streamline your visit with our convenient resources. Get started today!\" \/>\n<meta property=\"og:url\" content=\"https:\/\/genesisortho.com\/es\/office-forms\/\" \/>\n<meta property=\"og:site_name\" content=\"Genesis Orthopedics &amp; Sports Medicine\" \/>\n<meta property=\"article:publisher\" content=\"https:\/\/www.facebook.com\/genesisorthosportsmed\/\" \/>\n<meta property=\"article:modified_time\" content=\"2024-10-03T07:10:31+00:00\" \/>\n<meta name=\"twitter:card\" content=\"summary_large_image\" \/>\n<meta name=\"twitter:site\" content=\"@GenesisOrtho\" \/>\n<meta name=\"twitter:label1\" content=\"Tiempo de lectura\" \/>\n\t<meta name=\"twitter:data1\" content=\"1 minuto\" \/>\n<script type=\"application\/ld+json\" class=\"yoast-schema-graph\">{\"@context\":\"https:\/\/schema.org\",\"@graph\":[{\"@type\":\"WebPage\",\"@id\":\"https:\/\/genesisortho.com\/office-forms\/\",\"url\":\"https:\/\/genesisortho.com\/office-forms\/\",\"name\":\"Genesis Office Forms | Download & Access\",\"isPartOf\":{\"@id\":\"https:\/\/genesisortho.com\/#website\"},\"datePublished\":\"2020-04-22T21:29:35+00:00\",\"dateModified\":\"2024-10-03T07:10:31+00:00\",\"description\":\"Access and download essential office forms for Genesis Orthopedics. Streamline your visit with our convenient resources. Get started today!\",\"breadcrumb\":{\"@id\":\"https:\/\/genesisortho.com\/office-forms\/#breadcrumb\"},\"inLanguage\":\"es\",\"potentialAction\":[{\"@type\":\"ReadAction\",\"target\":[\"https:\/\/genesisortho.com\/office-forms\/\"]}]},{\"@type\":\"BreadcrumbList\",\"@id\":\"https:\/\/genesisortho.com\/office-forms\/#breadcrumb\",\"itemListElement\":[{\"@type\":\"ListItem\",\"position\":1,\"name\":\"Home\",\"item\":\"https:\/\/genesisortho.com\/\"},{\"@type\":\"ListItem\",\"position\":2,\"name\":\"Office Forms\"}]},{\"@type\":\"WebSite\",\"@id\":\"https:\/\/genesisortho.com\/#website\",\"url\":\"https:\/\/genesisortho.com\/\",\"name\":\"Genesis Orthopedics &amp; Sports Medicine\",\"description\":\"\",\"publisher\":{\"@id\":\"https:\/\/genesisortho.com\/#organization\"},\"potentialAction\":[{\"@type\":\"SearchAction\",\"target\":{\"@type\":\"EntryPoint\",\"urlTemplate\":\"https:\/\/genesisortho.com\/?s={search_term_string}\"},\"query-input\":{\"@type\":\"PropertyValueSpecification\",\"valueRequired\":true,\"valueName\":\"search_term_string\"}}],\"inLanguage\":\"es\"},{\"@type\":\"Organization\",\"@id\":\"https:\/\/genesisortho.com\/#organization\",\"name\":\"Orthopedics & Sports Medicine Treatment | Genesis Orthopedics & Sports Medicine\",\"url\":\"https:\/\/genesisortho.com\/\",\"logo\":{\"@type\":\"ImageObject\",\"inLanguage\":\"es\",\"@id\":\"https:\/\/genesisortho.com\/#\/schema\/logo\/image\/\",\"url\":\"https:\/\/genesisortho.com\/wp-content\/uploads\/2020\/03\/GO_logo_Transparent_PRINT.png\",\"contentUrl\":\"https:\/\/genesisortho.com\/wp-content\/uploads\/2020\/03\/GO_logo_Transparent_PRINT.png\",\"width\":4564,\"height\":1095,\"caption\":\"Orthopedics & Sports Medicine Treatment | Genesis Orthopedics & Sports Medicine\"},\"image\":{\"@id\":\"https:\/\/genesisortho.com\/#\/schema\/logo\/image\/\"},\"sameAs\":[\"https:\/\/www.facebook.com\/genesisorthosportsmed\/\",\"https:\/\/x.com\/GenesisOrtho\",\"https:\/\/www.instagram.com\/genesis_ortho\/\",\"https:\/\/www.linkedin.com\/company\/2302800\",\"https:\/\/www.youtube.com\/genesisortho\"]}]}<\/script>\n<!-- \/ Yoast SEO Premium plugin. -->","yoast_head_json":{"title":"Genesis Office Forms | Download & Access","description":"Access and download essential office forms for Genesis Orthopedics. Streamline your visit with our convenient resources. Get started today!","robots":{"index":"index","follow":"follow","max-snippet":"max-snippet:-1","max-image-preview":"max-image-preview:large","max-video-preview":"max-video-preview:-1"},"canonical":"https:\/\/genesisortho.com\/es\/office-forms\/","og_locale":"es_MX","og_type":"article","og_title":"Office Forms","og_description":"Access and download essential office forms for Genesis Orthopedics. Streamline your visit with our convenient resources. Get started today!","og_url":"https:\/\/genesisortho.com\/es\/office-forms\/","og_site_name":"Genesis Orthopedics &amp; Sports Medicine","article_publisher":"https:\/\/www.facebook.com\/genesisorthosportsmed\/","article_modified_time":"2024-10-03T07:10:31+00:00","twitter_card":"summary_large_image","twitter_site":"@GenesisOrtho","twitter_misc":{"Tiempo de lectura":"1 minuto"},"schema":{"@context":"https:\/\/schema.org","@graph":[{"@type":"WebPage","@id":"https:\/\/genesisortho.com\/office-forms\/","url":"https:\/\/genesisortho.com\/office-forms\/","name":"Genesis Office Forms | Download & Access","isPartOf":{"@id":"https:\/\/genesisortho.com\/#website"},"datePublished":"2020-04-22T21:29:35+00:00","dateModified":"2024-10-03T07:10:31+00:00","description":"Access and download essential office forms for Genesis Orthopedics. Streamline your visit with our convenient resources. Get started today!","breadcrumb":{"@id":"https:\/\/genesisortho.com\/office-forms\/#breadcrumb"},"inLanguage":"es","potentialAction":[{"@type":"ReadAction","target":["https:\/\/genesisortho.com\/office-forms\/"]}]},{"@type":"BreadcrumbList","@id":"https:\/\/genesisortho.com\/office-forms\/#breadcrumb","itemListElement":[{"@type":"ListItem","position":1,"name":"Home","item":"https:\/\/genesisortho.com\/"},{"@type":"ListItem","position":2,"name":"Office Forms"}]},{"@type":"WebSite","@id":"https:\/\/genesisortho.com\/#website","url":"https:\/\/genesisortho.com\/","name":"G\u00e9nesis Ortopedia y Medicina Deportiva","description":"","publisher":{"@id":"https:\/\/genesisortho.com\/#organization"},"potentialAction":[{"@type":"SearchAction","target":{"@type":"EntryPoint","urlTemplate":"https:\/\/genesisortho.com\/?s={search_term_string}"},"query-input":{"@type":"PropertyValueSpecification","valueRequired":true,"valueName":"search_term_string"}}],"inLanguage":"es"},{"@type":"Organization","@id":"https:\/\/genesisortho.com\/#organization","name":"Orthopedics & Sports Medicine Treatment | Genesis Orthopedics & Sports Medicine","url":"https:\/\/genesisortho.com\/","logo":{"@type":"ImageObject","inLanguage":"es","@id":"https:\/\/genesisortho.com\/#\/schema\/logo\/image\/","url":"https:\/\/genesisortho.com\/wp-content\/uploads\/2020\/03\/GO_logo_Transparent_PRINT.png","contentUrl":"https:\/\/genesisortho.com\/wp-content\/uploads\/2020\/03\/GO_logo_Transparent_PRINT.png","width":4564,"height":1095,"caption":"Orthopedics & Sports Medicine Treatment | Genesis Orthopedics & Sports Medicine"},"image":{"@id":"https:\/\/genesisortho.com\/#\/schema\/logo\/image\/"},"sameAs":["https:\/\/www.facebook.com\/genesisorthosportsmed\/","https:\/\/x.com\/GenesisOrtho","https:\/\/www.instagram.com\/genesis_ortho\/","https:\/\/www.linkedin.com\/company\/2302800","https:\/\/www.youtube.com\/genesisortho"]}]}},"jetpack_sharing_enabled":true,"_links":{"self":[{"href":"https:\/\/genesisortho.com\/es\/wp-json\/wp\/v2\/pages\/1128","targetHints":{"allow":["GET"]}}],"collection":[{"href":"https:\/\/genesisortho.com\/es\/wp-json\/wp\/v2\/pages"}],"about":[{"href":"https:\/\/genesisortho.com\/es\/wp-json\/wp\/v2\/types\/page"}],"author":[{"embeddable":true,"href":"https:\/\/genesisortho.com\/es\/wp-json\/wp\/v2\/users\/2"}],"replies":[{"embeddable":true,"href":"https:\/\/genesisortho.com\/es\/wp-json\/wp\/v2\/comments?post=1128"}],"version-history":[{"count":0,"href":"https:\/\/genesisortho.com\/es\/wp-json\/wp\/v2\/pages\/1128\/revisions"}],"wp:attachment":[{"href":"https:\/\/genesisortho.com\/es\/wp-json\/wp\/v2\/media?parent=1128"}],"curies":[{"name":"wp","href":"https:\/\/api.w.org\/{rel}","templated":true}]}}