{"id":1002,"date":"2020-04-15T20:35:31","date_gmt":"2020-04-15T20:35:31","guid":{"rendered":"https:\/\/genesisortho.wpengine.com\/?page_id=1002"},"modified":"2024-10-03T10:18:30","modified_gmt":"2024-10-03T10:18:30","slug":"cervical-spondylosis","status":"publish","type":"page","link":"https:\/\/genesisortho.com\/es\/patient-education\/neck-overview\/cervical-spondylosis\/","title":{"rendered":"Espondilosis Cervical"},"content":{"rendered":"<div data-elementor-type=\"wp-page\" data-elementor-id=\"1002\" class=\"elementor elementor-1002\" data-elementor-post-type=\"page\">\n\t\t\t\t\t\t<section class=\"elementor-section elementor-top-section elementor-element elementor-element-612c5d55 elementor-section-boxed elementor-section-height-default elementor-section-height-default\" data-id=\"612c5d55\" data-element_type=\"section\" data-e-type=\"section\" data-settings=\"{&quot;background_background&quot;:&quot;classic&quot;}\">\n\t\t\t\t\t\t\t<div class=\"elementor-background-overlay\"><\/div>\n\t\t\t\t\t\t\t<div class=\"elementor-container elementor-column-gap-default\">\n\t\t\t\t\t<div class=\"elementor-column elementor-col-100 elementor-top-column elementor-element elementor-element-7354baf3\" data-id=\"7354baf3\" data-element_type=\"column\" data-e-type=\"column\">\n\t\t\t<div class=\"elementor-widget-wrap elementor-element-populated\">\n\t\t\t\t\t\t<div class=\"elementor-element elementor-element-c998034 elementor-widget elementor-widget-heading\" data-id=\"c998034\" data-element_type=\"widget\" data-e-type=\"widget\" data-widget_type=\"heading.default\">\n\t\t\t\t<div class=\"elementor-widget-container\">\n\t\t\t\t\t<h1 class=\"elementor-heading-title elementor-size-default\">Espondilosis Cervical<\/h1>\t\t\t\t<\/div>\n\t\t\t\t<\/div>\n\t\t\t\t\t<\/div>\n\t\t<\/div>\n\t\t\t\t\t<\/div>\n\t\t<\/section>\n\t\t\t\t<section class=\"elementor-section elementor-top-section elementor-element elementor-element-293346f9 body-part-content elementor-section-boxed elementor-section-height-default elementor-section-height-default\" data-id=\"293346f9\" data-element_type=\"section\" data-e-type=\"section\" data-settings=\"{&quot;background_background&quot;:&quot;classic&quot;}\">\n\t\t\t\t\t\t<div class=\"elementor-container elementor-column-gap-default\">\n\t\t\t\t\t<div class=\"elementor-column elementor-col-50 elementor-top-column elementor-element elementor-element-4a2b57d9\" data-id=\"4a2b57d9\" data-element_type=\"column\" data-e-type=\"column\">\n\t\t\t<div class=\"elementor-widget-wrap elementor-element-populated\">\n\t\t\t\t\t\t<div class=\"elementor-element elementor-element-fbbfbb7 elementor-widget elementor-widget-heading\" data-id=\"fbbfbb7\" data-element_type=\"widget\" data-e-type=\"widget\" data-widget_type=\"heading.default\">\n\t\t\t\t<div class=\"elementor-widget-container\">\n\t\t\t\t\t<h4 class=\"elementor-heading-title elementor-size-default\">Espondilosis Cervical<\/h4>\t\t\t\t<\/div>\n\t\t\t\t<\/div>\n\t\t\t\t<div class=\"elementor-element elementor-element-4f82eedc elementor-widget elementor-widget-text-editor\" data-id=\"4f82eedc\" data-element_type=\"widget\" data-e-type=\"widget\" data-widget_type=\"text-editor.default\">\n\t\t\t\t<div class=\"elementor-widget-container\">\n\t\t\t\t\t\t\t\t\t<h4>Diagn\u00f3stico:<\/h4><p>La espondilosis cervical, que tambi\u00e9n es llamada osteoartritis cervical o enfermedad degenerativa del disco, es un nombre que se le da a la degeneraci\u00f3n cr\u00f3nica de los discos y\/o articulaciones que separan las v\u00e9rtebras cervicales. Se pueden dar en cualquier parte de la columna. La espondilosis cervical est\u00e1 asociada con la presencia de crecimientos anormales en las v\u00e9rtebras, como lo son los osteofitos o espolones \u00f3seos, pero a menudo cursar\u00e1n de manera asintom\u00e1tica en las primeras etapas. Muchas personas van a experimentar la progresi\u00f3n de esta patolog\u00eda a medida que van envejeciendo, y el Servicio Nacional de Salud estima que la mayor\u00eda de las personas mayores de 70 a\u00f1os tendr\u00e1n alg\u00fan grado de degeneraci\u00f3n que causar\u00e1 s\u00edntomas. Los individuos que padecen espondilosis cervical presentar\u00e1n dolor de cuello (cervicalgia), rigidez, dificultad para caminar o problemas de equilibrio, espasmos musculares, dolores de cabeza y crujidos o chasquidos en el cuello. Si bien no existe un tratamiento espec\u00edfico para revertir el proceso degenerativo de la espondilosis cervical, en Genesis Orthopaedics &amp; Sports Medicine le brindaremos opciones de tratamiento para el dolor que esta condici\u00f3n puede causar.<\/p>\t\t\t\t\t\t\t\t<\/div>\n\t\t\t\t<\/div>\n\t\t\t\t<div class=\"elementor-element elementor-element-6b909d7a elementor-widget elementor-widget-text-editor\" data-id=\"6b909d7a\" data-element_type=\"widget\" data-e-type=\"widget\" data-widget_type=\"text-editor.default\">\n\t\t\t\t<div class=\"elementor-widget-container\">\n\t\t\t\t\t\t\t\t\t<h4><b>Opciones de Tratamiento:<\/b><\/h4>\n<b>AINEs<\/b>\n\nNon-steroidal anti-inflammatory drugs are the first advised medication for the management of mild symptoms of cervical spondylosis <a href=\"https:\/\/happipuncture.co.nz\/\">Happipuncture<\/a>. Over-the-counter pain medication is often strong enough to minimize or eliminate the initial symptoms of cervical spondylosis.\n\n<b>Terapia F\u00edsica<\/b>\n\nEn Genesis Orthopaedics &amp; Sports Medicine utilizamos la terapia f\u00edsica como tratamiento para manejar la mayor\u00eda de los tipos de dolor de espalda, incluida la espondilosis cervical. A medida que las articulaciones y el cart\u00edlago que separan, las v\u00e9rtebras cervicales se ir\u00e1n deteriorando de manera gradual, la terapia f\u00edsica se implementa para rehabilitar el cuello y fortalecer los m\u00fasculos circundantes; este suele ser un tratamiento eficaz.\t\t\t\t\t\t\t\t<\/div>\n\t\t\t\t<\/div>\n\t\t\t\t\t<\/div>\n\t\t<\/div>\n\t\t\t\t<div class=\"elementor-column elementor-col-50 elementor-top-column elementor-element elementor-element-a898e17 body-part-sidebar\" data-id=\"a898e17\" data-element_type=\"column\" data-e-type=\"column\" data-settings=\"{&quot;background_background&quot;:&quot;classic&quot;}\">\n\t\t\t<div class=\"elementor-widget-wrap elementor-element-populated\">\n\t\t\t\t\t\t<div class=\"elementor-element elementor-element-1abca3b elementor-widget elementor-widget-heading\" data-id=\"1abca3b\" data-element_type=\"widget\" data-e-type=\"widget\" data-widget_type=\"heading.default\">\n\t\t\t\t<div class=\"elementor-widget-container\">\n\t\t\t\t\t<h2 class=\"elementor-heading-title elementor-size-default\">Solicitar una Cita<\/h2>\t\t\t\t<\/div>\n\t\t\t\t<\/div>\n\t\t\t\t<div class=\"elementor-element elementor-element-1261434 elementor-widget elementor-widget-text-editor\" data-id=\"1261434\" data-element_type=\"widget\" data-e-type=\"widget\" data-widget_type=\"text-editor.default\">\n\t\t\t\t<div class=\"elementor-widget-container\">\n\t\t\t\t\t\t\t\t\t<strong>Citas en la oficina, o telemedicina disponible en todo el mundo<\/strong>\t\t\t\t\t\t\t\t<\/div>\n\t\t\t\t<\/div>\n\t\t\t\t<div class=\"elementor-element elementor-element-5c8e96a elementor-widget elementor-widget-shortcode\" data-id=\"5c8e96a\" data-element_type=\"widget\" data-e-type=\"widget\" data-widget_type=\"shortcode.default\">\n\t\t\t\t<div class=\"elementor-widget-container\">\n\t\t\t\t\t\t\t<div class=\"elementor-shortcode\">\n<div class=\"wpcf7 no-js\" id=\"wpcf7-f681-o1\" lang=\"en-US\" dir=\"ltr\" data-wpcf7-id=\"681\">\n<div class=\"screen-reader-response\"><p role=\"status\" aria-live=\"polite\" aria-atomic=\"true\"><\/p> <ul><\/ul><\/div>\n<form action=\"\/es\/wp-json\/wp\/v2\/pages\/1002#wpcf7-f681-o1\" method=\"post\" class=\"wpcf7-form init\" aria-label=\"Contact form\" novalidate=\"novalidate\" data-status=\"init\" data-trp-original-action=\"\/es\/wp-json\/wp\/v2\/pages\/1002#wpcf7-f681-o1\">\n<fieldset class=\"hidden-fields-container\"><input type=\"hidden\" name=\"_wpcf7\" value=\"681\" \/><input type=\"hidden\" name=\"_wpcf7_version\" value=\"6.1.5\" \/><input type=\"hidden\" name=\"_wpcf7_locale\" value=\"en_US\" \/><input type=\"hidden\" name=\"_wpcf7_unit_tag\" value=\"wpcf7-f681-o1\" \/><input type=\"hidden\" name=\"_wpcf7_container_post\" value=\"0\" \/><input type=\"hidden\" name=\"_wpcf7_posted_data_hash\" value=\"\" \/><input type=\"hidden\" name=\"_wpcf7_recaptcha_response\" value=\"\" \/>\n<\/fieldset>\n<div class=\"form_div_row\">\n\t<div class=\"form_div_100\">\n\t\t<p><span class=\"wpcf7-form-control-wrap\" data-name=\"your-name\"><input size=\"40\" maxlength=\"400\" class=\"wpcf7-form-control wpcf7-text wpcf7-validates-as-required\" aria-required=\"true\" aria-invalid=\"false\" placeholder=\"Tu nombre (requerido)\" value=\"\" type=\"text\" name=\"your-name\" \/><\/span>\n\t\t<\/p>\n\t<\/div>\n<\/div>\n<div class=\"form_div_row\">\n\t<div class=\"form_div_100\">\n\t\t<p><span class=\"wpcf7-form-control-wrap\" data-name=\"your-email\"><input size=\"40\" maxlength=\"400\" class=\"wpcf7-form-control wpcf7-email wpcf7-validates-as-required wpcf7-text wpcf7-validates-as-email\" aria-required=\"true\" aria-invalid=\"false\" placeholder=\"Tu Email (requerido)\" value=\"\" type=\"email\" name=\"your-email\" \/><\/span>\n\t\t<\/p>\n\t<\/div>\n<\/div>\n<div class=\"form_div_row\">\n\t<div class=\"form_div_100\">\n\t\t<p><span class=\"wpcf7-form-control-wrap\" data-name=\"your-phone\"><input size=\"40\" maxlength=\"400\" class=\"wpcf7-form-control wpcf7-text\" aria-invalid=\"false\" placeholder=\"Tel\u00e9fono\" value=\"\" type=\"text\" name=\"your-phone\" \/><\/span>\n\t\t<\/p>\n\t<\/div>\n<\/div>\n<div class=\"form_div_row\">\n\t<div class=\"form_div_100\">\n\t\t<p><label> \u00bfEs un paciente nuevo?<\/label><br \/>\n<span class=\"wpcf7-form-control-wrap\" data-name=\"Areyouanewpatient\"><span class=\"wpcf7-form-control wpcf7-radio\"><span class=\"wpcf7-list-item first\"><input type=\"radio\" name=\"Areyouanewpatient\" value=\"Yes\" checked=\"checked\" \/><span class=\"wpcf7-list-item-label\">Si<\/span><\/span><span class=\"wpcf7-list-item last\"><input type=\"radio\" name=\"Areyouanewpatient\" value=\"No\" \/><span class=\"wpcf7-list-item-label\">No<\/span><\/span><\/span><\/span>\n\t\t<\/p>\n\t<\/div>\n<\/div>\n<div class=\"form_div_row\">\n\t<div class=\"form_div_100\">\n\t\t<p><label>Est\u00e1 interesado en:<\/label><br \/>\n<span class=\"wpcf7-form-control-wrap\" data-name=\"Areyouinterested\"><span class=\"wpcf7-form-control wpcf7-radio\"><span class=\"wpcf7-list-item first\"><input type=\"radio\" name=\"Areyouinterested\" value=\"telemedicine\" checked=\"checked\" \/><span class=\"wpcf7-list-item-label\">telemedicina<\/span><\/span><span class=\"wpcf7-list-item last\"><input type=\"radio\" name=\"Areyouinterested\" value=\"in-office visit\" \/><span class=\"wpcf7-list-item-label\">visita a la oficina<\/span><\/span><\/span><\/span>\n\t\t<\/p>\n\t<\/div>\n<\/div>\n<div class=\"form_div_row\">\n\t<div class=\"form_div_100\">\n\t\t<p><input class=\"wpcf7-form-control wpcf7-submit has-spinner\" type=\"submit\" value=\"Enviar\" \/>\n\t\t<\/p>\n\t<\/div>\n<\/div><div class=\"wpcf7-response-output\" aria-hidden=\"true\"><\/div>\n<input type=\"hidden\" name=\"trp-form-language\" value=\"es\"\/><\/form>\n<\/div>\n<\/div>\n\t\t\t\t\t\t<\/div>\n\t\t\t\t<\/div>\n\t\t\t\t<div class=\"elementor-element elementor-element-2fb468c elementor-widget-divider--view-line elementor-widget elementor-widget-divider\" data-id=\"2fb468c\" data-element_type=\"widget\" data-e-type=\"widget\" data-widget_type=\"divider.default\">\n\t\t\t\t<div class=\"elementor-widget-container\">\n\t\t\t\t\t\t\t<div class=\"elementor-divider\">\n\t\t\t<span class=\"elementor-divider-separator\">\n\t\t\t\t\t\t<\/span>\n\t\t<\/div>\n\t\t\t\t\t\t<\/div>\n\t\t\t\t<\/div>\n\t\t\t\t<div class=\"elementor-element elementor-element-a82fddb icon-circle-item neck elementor-widget elementor-widget-heading\" data-id=\"a82fddb\" data-element_type=\"widget\" data-e-type=\"widget\" data-widget_type=\"heading.default\">\n\t\t\t\t<div class=\"elementor-widget-container\">\n\t\t\t\t\t<h6 class=\"elementor-heading-title elementor-size-default\"><a href=\"https:\/\/genesisortho.com\/es\/patient-education\/neck-overview\/\">Neck &amp; Back\n            <\/a><\/h6>\t\t\t\t<\/div>\n\t\t\t\t<\/div>\n\t\t\t\t<div class=\"elementor-element elementor-element-788229f icon-circle-item shoulder elementor-widget elementor-widget-heading\" data-id=\"788229f\" data-element_type=\"widget\" data-e-type=\"widget\" data-widget_type=\"heading.default\">\n\t\t\t\t<div class=\"elementor-widget-container\">\n\t\t\t\t\t<h6 class=\"elementor-heading-title elementor-size-default\"><a href=\"https:\/\/genesisortho.com\/es\/patient-education\/shoulder-overview\/\">Hombro<\/a><\/h6>\t\t\t\t<\/div>\n\t\t\t\t<\/div>\n\t\t\t\t<div class=\"elementor-element elementor-element-c2209c2 icon-circle-item hand elementor-widget elementor-widget-heading\" data-id=\"c2209c2\" data-element_type=\"widget\" data-e-type=\"widget\" data-widget_type=\"heading.default\">\n\t\t\t\t<div class=\"elementor-widget-container\">\n\t\t\t\t\t<h6 class=\"elementor-heading-title elementor-size-default\"><a href=\"https:\/\/genesisortho.com\/es\/patient-education\/hand-and-wrist-overview\/\">Hand &amp; Arm\n            \n            <\/a><\/h6>\t\t\t\t<\/div>\n\t\t\t\t<\/div>\n\t\t\t\t<div class=\"elementor-element elementor-element-db788ac icon-circle-item knee elementor-widget elementor-widget-heading\" data-id=\"db788ac\" data-element_type=\"widget\" data-e-type=\"widget\" data-widget_type=\"heading.default\">\n\t\t\t\t<div class=\"elementor-widget-container\">\n\t\t\t\t\t<h6 class=\"elementor-heading-title elementor-size-default\"><a href=\"https:\/\/genesisortho.com\/es\/patient-education\/knee-overview\/\">Rodilla\n            <\/a><\/h6>\t\t\t\t<\/div>\n\t\t\t\t<\/div>\n\t\t\t\t<div class=\"elementor-element elementor-element-2aa0b66 icon-circle-item foot elementor-widget elementor-widget-heading\" data-id=\"2aa0b66\" data-element_type=\"widget\" data-e-type=\"widget\" data-widget_type=\"heading.default\">\n\t\t\t\t<div class=\"elementor-widget-container\">\n\t\t\t\t\t<h6 class=\"elementor-heading-title elementor-size-default\"><a href=\"https:\/\/genesisortho.com\/es\/patient-education\/foot-and-ankle-overview\/\">Foot &amp; Ankle\n            <\/a><\/h6>\t\t\t\t<\/div>\n\t\t\t\t<\/div>\n\t\t\t\t<div class=\"elementor-element elementor-element-de444c5 icon-circle-item hip elementor-widget elementor-widget-heading\" data-id=\"de444c5\" data-element_type=\"widget\" data-e-type=\"widget\" data-widget_type=\"heading.default\">\n\t\t\t\t<div class=\"elementor-widget-container\">\n\t\t\t\t\t<h6 class=\"elementor-heading-title elementor-size-default\"><a href=\"https:\/\/genesisortho.com\/es\/patient-education\/hip-overview\/\">Cadera\n            <\/a><\/h6>\t\t\t\t<\/div>\n\t\t\t\t<\/div>\n\t\t\t\t\t<\/div>\n\t\t<\/div>\n\t\t\t\t\t<\/div>\n\t\t<\/section>\n\t\t\t\t<\/div>","protected":false},"excerpt":{"rendered":"<p>Cervical Spondylosis Cervical Spondylosis Diagnosis: Cervical spondylosis, which can also be referred to as cervical osteoarthritis or degenerative disc disease, is a name for chronic degeneration of the discs and\/or joints separating the vertebrae of the neck. It can occur anywhere in the spine. Cervical spondylosis is associated with the presence of osteophytes, or bone [&hellip;]<\/p>\n","protected":false},"author":2,"featured_media":0,"parent":1092,"menu_order":0,"comment_status":"closed","ping_status":"closed","template":"elementor_header_footer","meta":{"_acf_changed":false,"_monsterinsights_skip_tracking":false,"_monsterinsights_sitenote_active":false,"_monsterinsights_sitenote_note":"","_monsterinsights_sitenote_category":0,"footnotes":""},"class_list":["post-1002","page","type-page","status-publish","hentry"],"acf":[],"yoast_head":"<!-- This site is optimized with the Yoast SEO Premium plugin v27.0 (Yoast SEO v27.0) - https:\/\/yoast.com\/product\/yoast-seo-premium-wordpress\/ -->\n<title>Cervical Spondylosis | Symptoms and Treatment | Genesis<\/title>\n<meta name=\"description\" content=\"Learn about cervical spondylosis at Genesis. Discover symptoms, causes, and effective treatment options to manage neck pain and improve mobility.\" \/>\n<meta name=\"robots\" content=\"index, follow, max-snippet:-1, max-image-preview:large, max-video-preview:-1\" \/>\n<link rel=\"canonical\" href=\"https:\/\/genesisortho.com\/es\/patient-education\/neck-overview\/cervical-spondylosis\/\" \/>\n<meta property=\"og:locale\" content=\"es_MX\" \/>\n<meta property=\"og:type\" content=\"article\" \/>\n<meta property=\"og:title\" content=\"Cervical Spondylosis\" \/>\n<meta property=\"og:description\" content=\"Learn about cervical spondylosis at Genesis. Discover symptoms, causes, and effective treatment options to manage neck pain and improve mobility.\" \/>\n<meta property=\"og:url\" content=\"https:\/\/genesisortho.com\/es\/patient-education\/neck-overview\/cervical-spondylosis\/\" \/>\n<meta property=\"og:site_name\" content=\"Genesis Orthopedics &amp; Sports Medicine\" \/>\n<meta property=\"article:publisher\" content=\"https:\/\/www.facebook.com\/genesisorthosportsmed\/\" \/>\n<meta property=\"article:modified_time\" content=\"2024-10-03T10:18:30+00:00\" \/>\n<meta name=\"twitter:card\" content=\"summary_large_image\" \/>\n<meta name=\"twitter:site\" content=\"@GenesisOrtho\" \/>\n<meta name=\"twitter:label1\" content=\"Tiempo de lectura\" \/>\n\t<meta name=\"twitter:data1\" content=\"2 minutos\" \/>\n<script type=\"application\/ld+json\" class=\"yoast-schema-graph\">{\"@context\":\"https:\/\/schema.org\",\"@graph\":[{\"@type\":\"WebPage\",\"@id\":\"https:\/\/genesisortho.com\/patient-education\/neck-overview\/cervical-spondylosis\/\",\"url\":\"https:\/\/genesisortho.com\/patient-education\/neck-overview\/cervical-spondylosis\/\",\"name\":\"Cervical Spondylosis | Symptoms and Treatment | Genesis\",\"isPartOf\":{\"@id\":\"https:\/\/genesisortho.com\/#website\"},\"datePublished\":\"2020-04-15T20:35:31+00:00\",\"dateModified\":\"2024-10-03T10:18:30+00:00\",\"description\":\"Learn about cervical spondylosis at Genesis. Discover symptoms, causes, and effective treatment options to manage neck pain and improve mobility.\",\"breadcrumb\":{\"@id\":\"https:\/\/genesisortho.com\/patient-education\/neck-overview\/cervical-spondylosis\/#breadcrumb\"},\"inLanguage\":\"es\",\"potentialAction\":[{\"@type\":\"ReadAction\",\"target\":[\"https:\/\/genesisortho.com\/patient-education\/neck-overview\/cervical-spondylosis\/\"]}]},{\"@type\":\"BreadcrumbList\",\"@id\":\"https:\/\/genesisortho.com\/patient-education\/neck-overview\/cervical-spondylosis\/#breadcrumb\",\"itemListElement\":[{\"@type\":\"ListItem\",\"position\":1,\"name\":\"Home\",\"item\":\"https:\/\/genesisortho.com\/\"},{\"@type\":\"ListItem\",\"position\":2,\"name\":\"Patient Education\",\"item\":\"https:\/\/genesisortho.com\/ar\/patient-education\/\"},{\"@type\":\"ListItem\",\"position\":3,\"name\":\"Neck Overview\",\"item\":\"https:\/\/genesisortho.com\/patient-education\/neck-overview\/\"},{\"@type\":\"ListItem\",\"position\":4,\"name\":\"Cervical Spondylosis\"}]},{\"@type\":\"WebSite\",\"@id\":\"https:\/\/genesisortho.com\/#website\",\"url\":\"https:\/\/genesisortho.com\/\",\"name\":\"Genesis Orthopedics &amp; Sports Medicine\",\"description\":\"\",\"publisher\":{\"@id\":\"https:\/\/genesisortho.com\/#organization\"},\"potentialAction\":[{\"@type\":\"SearchAction\",\"target\":{\"@type\":\"EntryPoint\",\"urlTemplate\":\"https:\/\/genesisortho.com\/?s={search_term_string}\"},\"query-input\":{\"@type\":\"PropertyValueSpecification\",\"valueRequired\":true,\"valueName\":\"search_term_string\"}}],\"inLanguage\":\"es\"},{\"@type\":\"Organization\",\"@id\":\"https:\/\/genesisortho.com\/#organization\",\"name\":\"Orthopedics & Sports Medicine Treatment | Genesis Orthopedics & Sports Medicine\",\"url\":\"https:\/\/genesisortho.com\/\",\"logo\":{\"@type\":\"ImageObject\",\"inLanguage\":\"es\",\"@id\":\"https:\/\/genesisortho.com\/#\/schema\/logo\/image\/\",\"url\":\"https:\/\/genesisortho.com\/wp-content\/uploads\/2020\/03\/GO_logo_Transparent_PRINT.png\",\"contentUrl\":\"https:\/\/genesisortho.com\/wp-content\/uploads\/2020\/03\/GO_logo_Transparent_PRINT.png\",\"width\":4564,\"height\":1095,\"caption\":\"Orthopedics & Sports Medicine Treatment | Genesis Orthopedics & Sports Medicine\"},\"image\":{\"@id\":\"https:\/\/genesisortho.com\/#\/schema\/logo\/image\/\"},\"sameAs\":[\"https:\/\/www.facebook.com\/genesisorthosportsmed\/\",\"https:\/\/x.com\/GenesisOrtho\",\"https:\/\/www.instagram.com\/genesis_ortho\/\",\"https:\/\/www.linkedin.com\/company\/2302800\",\"https:\/\/www.youtube.com\/genesisortho\"]}]}<\/script>\n<!-- \/ Yoast SEO Premium plugin. -->","yoast_head_json":{"title":"Cervical Spondylosis | Symptoms and Treatment | Genesis","description":"Learn about cervical spondylosis at Genesis. Discover symptoms, causes, and effective treatment options to manage neck pain and improve mobility.","robots":{"index":"index","follow":"follow","max-snippet":"max-snippet:-1","max-image-preview":"max-image-preview:large","max-video-preview":"max-video-preview:-1"},"canonical":"https:\/\/genesisortho.com\/es\/patient-education\/neck-overview\/cervical-spondylosis\/","og_locale":"es_MX","og_type":"article","og_title":"Cervical Spondylosis","og_description":"Learn about cervical spondylosis at Genesis. Discover symptoms, causes, and effective treatment options to manage neck pain and improve mobility.","og_url":"https:\/\/genesisortho.com\/es\/patient-education\/neck-overview\/cervical-spondylosis\/","og_site_name":"Genesis Orthopedics &amp; Sports Medicine","article_publisher":"https:\/\/www.facebook.com\/genesisorthosportsmed\/","article_modified_time":"2024-10-03T10:18:30+00:00","twitter_card":"summary_large_image","twitter_site":"@GenesisOrtho","twitter_misc":{"Tiempo de lectura":"2 minutos"},"schema":{"@context":"https:\/\/schema.org","@graph":[{"@type":"WebPage","@id":"https:\/\/genesisortho.com\/patient-education\/neck-overview\/cervical-spondylosis\/","url":"https:\/\/genesisortho.com\/patient-education\/neck-overview\/cervical-spondylosis\/","name":"Cervical Spondylosis | Symptoms and Treatment | Genesis","isPartOf":{"@id":"https:\/\/genesisortho.com\/#website"},"datePublished":"2020-04-15T20:35:31+00:00","dateModified":"2024-10-03T10:18:30+00:00","description":"Learn about cervical spondylosis at Genesis. Discover symptoms, causes, and effective treatment options to manage neck pain and improve mobility.","breadcrumb":{"@id":"https:\/\/genesisortho.com\/patient-education\/neck-overview\/cervical-spondylosis\/#breadcrumb"},"inLanguage":"es","potentialAction":[{"@type":"ReadAction","target":["https:\/\/genesisortho.com\/patient-education\/neck-overview\/cervical-spondylosis\/"]}]},{"@type":"BreadcrumbList","@id":"https:\/\/genesisortho.com\/patient-education\/neck-overview\/cervical-spondylosis\/#breadcrumb","itemListElement":[{"@type":"ListItem","position":1,"name":"Home","item":"https:\/\/genesisortho.com\/"},{"@type":"ListItem","position":2,"name":"Patient Education","item":"https:\/\/genesisortho.com\/ar\/patient-education\/"},{"@type":"ListItem","position":3,"name":"Neck Overview","item":"https:\/\/genesisortho.com\/patient-education\/neck-overview\/"},{"@type":"ListItem","position":4,"name":"Cervical Spondylosis"}]},{"@type":"WebSite","@id":"https:\/\/genesisortho.com\/#website","url":"https:\/\/genesisortho.com\/","name":"G\u00e9nesis Ortopedia y Medicina Deportiva","description":"","publisher":{"@id":"https:\/\/genesisortho.com\/#organization"},"potentialAction":[{"@type":"SearchAction","target":{"@type":"EntryPoint","urlTemplate":"https:\/\/genesisortho.com\/?s={search_term_string}"},"query-input":{"@type":"PropertyValueSpecification","valueRequired":true,"valueName":"search_term_string"}}],"inLanguage":"es"},{"@type":"Organization","@id":"https:\/\/genesisortho.com\/#organization","name":"Orthopedics & Sports Medicine Treatment | Genesis Orthopedics & Sports Medicine","url":"https:\/\/genesisortho.com\/","logo":{"@type":"ImageObject","inLanguage":"es","@id":"https:\/\/genesisortho.com\/#\/schema\/logo\/image\/","url":"https:\/\/genesisortho.com\/wp-content\/uploads\/2020\/03\/GO_logo_Transparent_PRINT.png","contentUrl":"https:\/\/genesisortho.com\/wp-content\/uploads\/2020\/03\/GO_logo_Transparent_PRINT.png","width":4564,"height":1095,"caption":"Orthopedics & Sports Medicine Treatment | Genesis Orthopedics & Sports Medicine"},"image":{"@id":"https:\/\/genesisortho.com\/#\/schema\/logo\/image\/"},"sameAs":["https:\/\/www.facebook.com\/genesisorthosportsmed\/","https:\/\/x.com\/GenesisOrtho","https:\/\/www.instagram.com\/genesis_ortho\/","https:\/\/www.linkedin.com\/company\/2302800","https:\/\/www.youtube.com\/genesisortho"]}]}},"jetpack_sharing_enabled":true,"_links":{"self":[{"href":"https:\/\/genesisortho.com\/es\/wp-json\/wp\/v2\/pages\/1002","targetHints":{"allow":["GET"]}}],"collection":[{"href":"https:\/\/genesisortho.com\/es\/wp-json\/wp\/v2\/pages"}],"about":[{"href":"https:\/\/genesisortho.com\/es\/wp-json\/wp\/v2\/types\/page"}],"author":[{"embeddable":true,"href":"https:\/\/genesisortho.com\/es\/wp-json\/wp\/v2\/users\/2"}],"replies":[{"embeddable":true,"href":"https:\/\/genesisortho.com\/es\/wp-json\/wp\/v2\/comments?post=1002"}],"version-history":[{"count":0,"href":"https:\/\/genesisortho.com\/es\/wp-json\/wp\/v2\/pages\/1002\/revisions"}],"up":[{"embeddable":true,"href":"https:\/\/genesisortho.com\/es\/wp-json\/wp\/v2\/pages\/1092"}],"wp:attachment":[{"href":"https:\/\/genesisortho.com\/es\/wp-json\/wp\/v2\/media?parent=1002"}],"curies":[{"name":"wp","href":"https:\/\/api.w.org\/{rel}","templated":true}]}}